{"id":215200,"date":"2024-04-08T19:04:45","date_gmt":"2024-04-08T17:04:45","guid":{"rendered":"http:\/\/dhagpo.org\/?page_id=215200"},"modified":"2024-04-08T19:04:51","modified_gmt":"2024-04-08T17:04:51","slug":"kontakt","status":"publish","type":"page","link":"https:\/\/dhagpo.org\/de\/kontakt\/","title":{"rendered":"Kontakt"},"content":{"rendered":"<p>[et_pb_section fb_built=&#8220;1&#8243; _builder_version=&#8220;4.21.0&#8243; _module_preset=&#8220;default&#8220; background_image=&#8220;http:\/\/dhagpo.org\/wp-content\/uploads\/2022\/06\/head_stupa-contact-3.jpg&#8220; custom_padding=&#8220;90px||97px|||&#8220; background_last_edited=&#8220;on|desktop&#8220; background_image_tablet=&#8220;http:\/\/dhagpo.org\/wp-content\/uploads\/2023\/07\/header_contact_tablette.jpg&#8220; background_image_phone=&#8220;http:\/\/dhagpo.org\/wp-content\/uploads\/2023\/07\/header_contact_mobile-1.jpg&#8220; background_enable_image_tablet=&#8220;on&#8220; background_enable_image_phone=&#8220;on&#8220; locked=&#8220;off&#8220; global_colors_info=&#8220;{}&#8220;][et_pb_row _builder_version=&#8220;4.16&#8243; locked=&#8220;off&#8220; global_colors_info=&#8220;{}&#8220;][et_pb_column type=&#8220;4_4&#8243; _builder_version=&#8220;4.16&#8243; global_colors_info=&#8220;{}&#8220;][et_pb_text _builder_version=&#8220;4.24.0&#8243; _dynamic_attributes=&#8220;content&#8220; text_text_color=&#8220;#FFFFFF&#8220; header_font=&#8220;|300|||||||&#8220; header_text_align=&#8220;left&#8220; header_text_color=&#8220;#FFFFFF&#8220; header_font_size=&#8220;39px&#8220; module_alignment=&#8220;center&#8220; custom_margin=&#8220;||0px||false|false&#8220; custom_padding=&#8220;10px||7px||false|false&#8220; hover_enabled=&#8220;0&#8243; custom_css_main_element=&#8220;display: inline-block;&#8220; border_color_all=&#8220;#FFFFFF&#8220; border_width_top=&#8220;1px&#8220; border_width_bottom=&#8220;1px&#8220; global_colors_info=&#8220;{}&#8220; sticky_enabled=&#8220;0&#8243;]@ET-DC@eyJkeW5hbWljIjp0cnVlLCJjb250ZW50IjoicG9zdF90aXRsZSIsInNldHRpbmdzIjp7ImJlZm9yZSI6IjxoMT4iLCJhZnRlciI6IjwvaDE+In19@[\/et_pb_text][\/et_pb_column][\/et_pb_row][\/et_pb_section][et_pb_section fb_built=&#8220;1&#8243; _builder_version=&#8220;4.20.1&#8243; _module_preset=&#8220;default&#8220; background_color=&#8220;gcid-0e31f813-9b2e-4fdd-9a29-d8b4986da10d&#8220; custom_margin=&#8220;0px||0px||false|false&#8220; custom_padding=&#8220;0px||0px||false|false&#8220; saved_tabs=&#8220;all&#8220; locked=&#8220;off&#8220; global_colors_info=&#8220;{%22gcid-0e31f813-9b2e-4fdd-9a29-d8b4986da10d%22:%91%22background_color%22%93}&#8220;][et_pb_row _builder_version=&#8220;4.20.2&#8243; _module_preset=&#8220;default&#8220; custom_padding=&#8220;5px||2px||false|false&#8220; global_colors_info=&#8220;{}&#8220;][et_pb_column type=&#8220;4_4&#8243; _builder_version=&#8220;4.20.1&#8243; _module_preset=&#8220;default&#8220; global_colors_info=&#8220;{}&#8220;][et_pb_text _builder_version=&#8220;4.24.0&#8243; _module_preset=&#8220;default&#8220; text_font_size=&#8220;14px&#8220; custom_margin=&#8220;0px||5px||false|false&#8220; custom_padding=&#8220;0px||0px||false|false&#8220; hover_enabled=&#8220;0&#8243; global_colors_info=&#8220;{}&#8220; sticky_enabled=&#8220;0&#8243;]<\/p>\n\tVous \u00eates ici :\n<span><span><a href=\"https:\/\/dhagpo.org\/de\/\">Accueil<\/a><\/span><\/span>\n<p>[\/et_pb_text][\/et_pb_column][\/et_pb_row][\/et_pb_section][et_pb_section fb_built=&#8220;1&#8243; _builder_version=&#8220;4.16&#8243; _module_preset=&#8220;default&#8220; custom_padding=&#8220;31px||45px|||&#8220; global_colors_info=&#8220;{}&#8220;][et_pb_row _builder_version=&#8220;4.16&#8243; _module_preset=&#8220;default&#8220; global_colors_info=&#8220;{}&#8220;][et_pb_column type=&#8220;4_4&#8243; _builder_version=&#8220;4.16&#8243; _module_preset=&#8220;default&#8220; global_colors_info=&#8220;{}&#8220;][et_pb_text _builder_version=&#8220;4.24.0&#8243; _module_preset=&#8220;default&#8220; hover_enabled=&#8220;0&#8243; global_colors_info=&#8220;{}&#8220; sticky_enabled=&#8220;0&#8243;]Das B\u00fcroteam steht Ihnen zur Verf\u00fcgung, um Ihre Fragen zu beantworten und Sie \u00fcber die Aktivit\u00e4ten und das Programm in Dhagpo zu informieren. Bitte z\u00f6gern Sie nicht, uns unter den unten angegebenen Kontaktdaten und Zeiten zu kontaktieren.[\/et_pb_text][\/et_pb_column][\/et_pb_row][et_pb_row _builder_version=&#8220;4.16&#8243; _module_preset=&#8220;default&#8220; custom_padding=&#8220;||11px|||&#8220; global_colors_info=&#8220;{}&#8220;][et_pb_column type=&#8220;4_4&#8243; _builder_version=&#8220;4.16&#8243; _module_preset=&#8220;default&#8220; global_colors_info=&#8220;{}&#8220;][et_pb_text _builder_version=&#8220;4.24.0&#8243; _module_preset=&#8220;ea086567-139a-4130-90fb-e4f237599a16&#8243; hover_enabled=&#8220;0&#8243; global_colors_info=&#8220;{}&#8220; sticky_enabled=&#8220;0&#8243;]<\/p>\n<h2>Kontakt mit uns aufnehmen<\/h2>\n<p>[\/et_pb_text][\/et_pb_column][\/et_pb_row][et_pb_row column_structure=&#8220;1_2,1_2&#8243; _builder_version=&#8220;4.16&#8243; _module_preset=&#8220;default&#8220; global_colors_info=&#8220;{}&#8220;][et_pb_column type=&#8220;1_2&#8243; _builder_version=&#8220;4.16&#8243; _module_preset=&#8220;default&#8220; global_colors_info=&#8220;{}&#8220;][et_pb_text _builder_version=&#8220;4.24.0&#8243; _module_preset=&#8220;default&#8220; hover_enabled=&#8220;0&#8243; global_colors_info=&#8220;{}&#8220; sticky_enabled=&#8220;0&#8243;]<\/p>\n<p>F\u00fcr alle Anfragen erreichen Sie uns :<\/p>\n<p>[\/et_pb_text][et_pb_text _builder_version=&#8220;4.24.0&#8243; _module_preset=&#8220;default&#8220; header_4_font=&#8220;|300|||||||&#8220; hover_enabled=&#8220;0&#8243; global_colors_info=&#8220;{}&#8220; sticky_enabled=&#8220;0&#8243;]<\/p>\n<p><b><img loading=\"lazy\" decoding=\"async\" class=\"wp-image-2711 alignleft size-full\" src=\"http:\/\/dhagpo.org\/wp-content\/uploads\/2022\/04\/email.png\" alt=\"\" width=\"32\" height=\"32\">mail <\/b>: <a href=\"mailto:contact@dhagpo.org\">contact@dhagpo.org<\/a><\/p>\n<p><strong><img loading=\"lazy\" decoding=\"async\" class=\"wp-image-2715 alignleft size-full\" src=\"http:\/\/dhagpo.org\/wp-content\/uploads\/2022\/04\/telephone.png\" alt=\"\" width=\"32\" height=\"32\">Telefon<\/strong> : <a title=\"Cliquer pour nous appeler au t\u00e9l\u00e9phone\" href=\"tel:0553507075\">05 53 50 70 75<\/a><\/p>\n<p>[\/et_pb_text][et_pb_text _builder_version=&#8220;4.24.0&#8243; _module_preset=&#8220;default&#8220; hover_enabled=&#8220;0&#8243; global_colors_info=&#8220;{}&#8220; sticky_enabled=&#8220;0&#8243;]<\/p>\n<p><strong>\u00d6ffnungszeiten der Rezeption<\/strong><\/p>\n<p>Um die \u00d6ffnungszeiten des B\u00fcros\/der Rezeption zu erfahren (diese werden regelm\u00e4\u00dfig aktualisiert), rufen Sie bitte die Nummer 05 53 50 70 75 an.<\/p>\n<p>[\/et_pb_text][\/et_pb_column][et_pb_column type=&#8220;1_2&#8243; _builder_version=&#8220;4.16&#8243; _module_preset=&#8220;default&#8220; global_colors_info=&#8220;{}&#8220;][et_pb_image src=&#8220;http:\/\/dhagpo.org\/wp-content\/uploads\/2023\/07\/contact-accueil.jpg&#8220; alt=&#8220;Contact &#8211; Dhagpo Kagyu Ling&#8220; title_text=&#8220;Contact &#8211; Dhagpo Kagyu Ling&#8220; _builder_version=&#8220;4.24.0&#8243; _module_preset=&#8220;default&#8220; hover_enabled=&#8220;0&#8243; global_colors_info=&#8220;{}&#8220; sticky_enabled=&#8220;0&#8243;][\/et_pb_image][\/et_pb_column][\/et_pb_row][\/et_pb_section][et_pb_section fb_built=&#8220;1&#8243; module_id=&#8220;contact&#8220; _builder_version=&#8220;4.16&#8243; _module_preset=&#8220;default&#8220; custom_padding=&#8220;31px||33px|||&#8220; box_shadow_style=&#8220;preset2&#8243; box_shadow_horizontal=&#8220;1px&#8220; box_shadow_vertical=&#8220;1px&#8220; box_shadow_blur=&#8220;3px&#8220; global_colors_info=&#8220;{}&#8220;][et_pb_row column_structure=&#8220;1_2,1_2&#8243; _builder_version=&#8220;4.16&#8243; _module_preset=&#8220;default&#8220; global_colors_info=&#8220;{}&#8220;][et_pb_column type=&#8220;1_2&#8243; _builder_version=&#8220;4.16&#8243; _module_preset=&#8220;default&#8220; global_colors_info=&#8220;{}&#8220;][et_pb_text _builder_version=&#8220;4.24.0&#8243; _module_preset=&#8220;ea086567-139a-4130-90fb-e4f237599a16&#8243; custom_margin=&#8220;||32px||false|false&#8220; hover_enabled=&#8220;0&#8243; global_colors_info=&#8220;{}&#8220; sticky_enabled=&#8220;0&#8243;]<\/p>\n<h2>Die Anreise nach Dhagpo<\/h2>\n<p>[\/et_pb_text][et_pb_text _builder_version=&#8220;4.24.0&#8243; _module_preset=&#8220;default&#8220; hover_enabled=&#8220;0&#8243; global_colors_info=&#8220;{}&#8220; sticky_enabled=&#8220;0&#8243;]<\/p>\n<p><strong><img loading=\"lazy\" decoding=\"async\" class=\"wp-image-2700 alignleft size-full\" src=\"http:\/\/dhagpo.org\/wp-content\/uploads\/2022\/04\/gps-1.png\" alt=\"\" width=\"32\" height=\"32\"> Adresse<\/strong> : 4430 route de la C\u00f4te de Jor &#8211; Landrevie<br \/>24290 Saint-Le\u0301on-Sur-Ve\u0301ze\u0300re France<\/p>\n<p><strong><img loading=\"lazy\" decoding=\"async\" class=\"wp-image-2696 alignleft size-full\" src=\"http:\/\/dhagpo.org\/wp-content\/uploads\/2022\/04\/auto.png\" alt=\"\" width=\"32\" height=\"32\">GPS-Koordinaten<\/strong> : Breitengrad: 44.999555<br \/>Longitude : 1.061211<\/p>\n<p><strong><img loading=\"lazy\" decoding=\"async\" class=\"wp-image-2692 alignleft size-full\" src=\"http:\/\/dhagpo.org\/wp-content\/uploads\/2022\/04\/former.png\" alt=\"\" width=\"32\" height=\"32\">N\u00e4chstgelegene Bahnstation<\/strong>Les Eyzies-de-Tayac-Sireuil<\/p>\n<p>&nbsp;<\/p>\n<p>&nbsp;<\/p>\n<p>[\/et_pb_text][\/et_pb_column][et_pb_column type=&#8220;1_2&#8243; _builder_version=&#8220;4.16&#8243; _module_preset=&#8220;default&#8220; global_colors_info=&#8220;{}&#8220;][et_pb_code _builder_version=&#8220;4.24.0&#8243; _module_preset=&#8220;default&#8220; custom_margin=&#8220;||15px|||&#8220; hover_enabled=&#8220;0&#8243; global_colors_info=&#8220;{}&#8220; sticky_enabled=&#8220;0&#8243;]<iframe src=\"https:\/\/www.google.com\/maps\/embed?pb=!1m18!1m12!1m3!1d121367.14053328239!2d1.0354454509230027!3d45.0068362331882!2m3!1f0!2f0!3f0!3m2!1i1024!2i768!4f13.1!3m3!1m2!1s0x47ff57ff3cc1f233%3A0x741ee6c61eba31f6!2sDhagpo%20Kagyu%20Ling!5e0!3m2!1sfr!2sfr!4v1648922216771!5m2!1sfr!2sfr\" width=\"600\" height=\"300\" style=\"border:0;\" allowfullscreen=\"\" loading=\"lazy\" referrerpolicy=\"no-referrer-when-downgrade\"><\/iframe>[\/et_pb_code][\/et_pb_column][\/et_pb_row][\/et_pb_section]<\/p>\n","protected":false},"excerpt":{"rendered":"<p>\tVous \u00eates ici :\n<span><span><a href=\"https:\/\/dhagpo.org\/de\/\">Accueil<\/a><\/span><\/span>Das B\u00fcroteam steht Ihnen zur Verf\u00fcgung, um Ihre Fragen zu beantworten und Sie \u00fcber die Aktivit\u00e4ten und das Programm in Dhagpo zu informieren. Bitte z\u00f6gern Sie nicht, uns unter den [&hellip;]<\/p>\n","protected":false},"author":8,"featured_media":0,"parent":0,"menu_order":0,"comment_status":"closed","ping_status":"closed","template":"","meta":{"_et_pb_use_builder":"on","_et_pb_old_content":"[et_pb_section fb_built=\"1\" _builder_version=\"4.21.0\" _module_preset=\"default\" background_image=\"http:\/\/dhagpo.org\/wp-content\/uploads\/2022\/06\/head_stupa-contact-3.jpg\" custom_padding=\"90px||97px|||\" background_last_edited=\"on|desktop\" background_image_tablet=\"http:\/\/dhagpo.org\/wp-content\/uploads\/2023\/07\/header_contact_tablette.jpg\" background_image_phone=\"http:\/\/dhagpo.org\/wp-content\/uploads\/2023\/07\/header_contact_mobile-1.jpg\" background_enable_image_tablet=\"on\" background_enable_image_phone=\"on\" locked=\"off\" global_colors_info=\"{}\"][et_pb_row _builder_version=\"4.16\" locked=\"off\" global_colors_info=\"{}\"][et_pb_column type=\"4_4\" _builder_version=\"4.16\" global_colors_info=\"{}\"][et_pb_text _builder_version=\"4.16\" _dynamic_attributes=\"content\" text_text_color=\"#FFFFFF\" header_font=\"|300|||||||\" header_text_align=\"left\" header_text_color=\"#FFFFFF\" header_font_size=\"39px\" module_alignment=\"center\" custom_margin=\"||0px||false|false\" custom_padding=\"10px||7px||false|false\" custom_css_main_element=\"display: inline-block;\" border_color_all=\"#FFFFFF\" border_width_top=\"1px\" border_width_bottom=\"1px\" global_colors_info=\"{}\"]@ET-DC@eyJkeW5hbWljIjp0cnVlLCJjb250ZW50IjoicG9zdF90aXRsZSIsInNldHRpbmdzIjp7ImJlZm9yZSI6IjxoMT4iLCJhZnRlciI6IjwvaDE+In19@[\/et_pb_text][\/et_pb_column][\/et_pb_row][\/et_pb_section][et_pb_section fb_built=\"1\" _builder_version=\"4.20.1\" _module_preset=\"default\" background_color=\"gcid-0e31f813-9b2e-4fdd-9a29-d8b4986da10d\" custom_margin=\"0px||0px||false|false\" custom_padding=\"0px||0px||false|false\" global_module=\"7489\" saved_tabs=\"all\" locked=\"off\" global_colors_info=\"{%22gcid-0e31f813-9b2e-4fdd-9a29-d8b4986da10d%22:%91%22background_color%22%93}\"][et_pb_row _builder_version=\"4.20.2\" _module_preset=\"default\" custom_padding=\"5px||2px||false|false\" global_colors_info=\"{}\"][et_pb_column type=\"4_4\" _builder_version=\"4.20.1\" _module_preset=\"default\" global_colors_info=\"{}\"][et_pb_text _builder_version=\"4.21.2\" _module_preset=\"default\" text_font_size=\"14px\" custom_margin=\"0px||5px||false|false\" custom_padding=\"0px||0px||false|false\" global_colors_info=\"{}\"]<p>[wpseo_breadcrumb]<\/p>[\/et_pb_text][\/et_pb_column][\/et_pb_row][\/et_pb_section][et_pb_section fb_built=\"1\" _builder_version=\"4.16\" _module_preset=\"default\" custom_padding=\"31px||45px|||\" global_colors_info=\"{}\"][et_pb_row _builder_version=\"4.16\" _module_preset=\"default\" global_colors_info=\"{}\"][et_pb_column type=\"4_4\" _builder_version=\"4.16\" _module_preset=\"default\" global_colors_info=\"{}\"][et_pb_text _builder_version=\"4.17.4\" _module_preset=\"default\" global_colors_info=\"{}\"]<p>L\u2019\u00e9quipe de l\u2019accueil est \u00e0 votre \u00e9coute pour r\u00e9pondre \u00e0 vos questions et vous renseigner sur l'activit\u00e9 et le programme de Dhagpo.<br \/>N'h\u00e9sitez pas \u00e0 nous contacter aux coordonn\u00e9es et horaires ci-dessous.<\/p>[\/et_pb_text][\/et_pb_column][\/et_pb_row][et_pb_row _builder_version=\"4.16\" _module_preset=\"default\" global_colors_info=\"{}\" custom_padding=\"||11px|||\"][et_pb_column type=\"4_4\" _builder_version=\"4.16\" _module_preset=\"default\" global_colors_info=\"{}\"][et_pb_text _builder_version=\"4.21.2\" _module_preset=\"ea086567-139a-4130-90fb-e4f237599a16\" hover_enabled=\"0\" global_colors_info=\"{}\" sticky_enabled=\"0\"]<h2>Nous contacter<\/h2>[\/et_pb_text][\/et_pb_column][\/et_pb_row][et_pb_row column_structure=\"1_2,1_2\" _builder_version=\"4.16\" _module_preset=\"default\" global_colors_info=\"{}\"][et_pb_column type=\"1_2\" _builder_version=\"4.16\" _module_preset=\"default\" global_colors_info=\"{}\"][et_pb_text _builder_version=\"4.17.3\" _module_preset=\"default\" global_colors_info=\"{}\"]<p>Pour toute demande de renseignements, vous pouvez nous joindre :<\/p>[\/et_pb_text][et_pb_text _builder_version=\"4.21.0\" _module_preset=\"default\" header_4_font=\"|300|||||||\" global_colors_info=\"{}\"]<p><b><img src=\"http:\/\/dhagpo.org\/wp-content\/uploads\/2022\/04\/email.png\" width=\"32\" height=\"32\" alt=\"\" class=\"wp-image-2711 alignleft size-full\" \/>mail <\/b>: <a href=\"mailto:contact@dhagpo.org\">contact@dhagpo.org<\/a><\/p>\r\n<p><strong><img src=\"http:\/\/dhagpo.org\/wp-content\/uploads\/2022\/04\/telephone.png\" width=\"32\" height=\"32\" alt=\"\" class=\"wp-image-2715 alignleft size-full\" \/>t\u00e9l\u00e9phone<\/strong> : <a href=\"tel:0553507075\" title=\"Cliquer pour nous appeler au t\u00e9l\u00e9phone\">05 53 50 70 75<\/a><\/p>[\/et_pb_text][et_pb_text _builder_version=\"4.21.0\" _module_preset=\"default\" global_colors_info=\"{}\"]<p><strong>Horaires du bureau d'accueil<\/strong><\/p>\r\n<p>Pour connaitre les horaires d'ouverture du bureau d'accueil (mis \u00e0 jour r\u00e9guli\u00e8rement), merci de composer le <a href=\"tel:0553507075\" title=\"Cliquer pour nous appeler au t\u00e9l\u00e9phone\">05 53 50 70 75<\/a><\/p>[\/et_pb_text][\/et_pb_column][et_pb_column type=\"1_2\" _builder_version=\"4.16\" _module_preset=\"default\" global_colors_info=\"{}\"][et_pb_image src=\"http:\/\/dhagpo.org\/wp-content\/uploads\/2023\/07\/contact-accueil.jpg\" alt=\"Contact - Dhagpo Kagyu Ling\" title_text=\"Contact - Dhagpo Kagyu Ling\" _builder_version=\"4.21.0\" _module_preset=\"default\" global_colors_info=\"{}\"][\/et_pb_image][\/et_pb_column][\/et_pb_row][\/et_pb_section][et_pb_section fb_built=\"1\" module_id=\"contact\" _builder_version=\"4.16\" _module_preset=\"default\" custom_padding=\"31px||33px|||\" box_shadow_style=\"preset2\" box_shadow_horizontal=\"1px\" box_shadow_vertical=\"1px\" box_shadow_blur=\"3px\" global_colors_info=\"{}\"][et_pb_row column_structure=\"1_2,1_2\" _builder_version=\"4.16\" _module_preset=\"default\" global_colors_info=\"{}\"][et_pb_column type=\"1_2\" _builder_version=\"4.16\" _module_preset=\"default\" global_colors_info=\"{}\"][et_pb_text _builder_version=\"4.21.2\" _module_preset=\"ea086567-139a-4130-90fb-e4f237599a16\" custom_margin=\"||32px||false|false\" hover_enabled=\"0\" global_colors_info=\"{}\" sticky_enabled=\"0\"]<h2>Comment venir \u00e0 Dhagpo ?<\/h2>[\/et_pb_text][et_pb_text _builder_version=\"4.17.3\" _module_preset=\"default\" global_colors_info=\"{}\"]<p><strong><img class=\"wp-image-2700 alignleft size-full\" src=\"http:\/\/dhagpo.org\/wp-content\/uploads\/2022\/04\/gps-1.png\" alt=\"\" width=\"32\" height=\"32\" \/> Adresse<\/strong> : 4430 route de la C\u00f4te de Jor - Landrevie<br \/>24290 Saint-Le\u0301on-Sur-Ve\u0301ze\u0300re France<\/p>\r\n<p><strong><img class=\"wp-image-2696 alignleft size-full\" src=\"http:\/\/dhagpo.org\/wp-content\/uploads\/2022\/04\/auto.png\" alt=\"\" width=\"32\" height=\"32\" \/>Coordonn\u00e9es GPS<\/strong> : Latitude : 44.999555<br \/>Longitude : 1.061211<\/p>\r\n<p><strong><img class=\"wp-image-2692 alignleft size-full\" src=\"http:\/\/dhagpo.org\/wp-content\/uploads\/2022\/04\/former.png\" alt=\"\" width=\"32\" height=\"32\" \/>Station de train<\/strong> la plus proche : Les Eyzies de Teyac<\/p>\r\n<p>\u00a0<\/p>\r\n<p>\u00a0<\/p>[\/et_pb_text][\/et_pb_column][et_pb_column type=\"1_2\" _builder_version=\"4.16\" _module_preset=\"default\" global_colors_info=\"{}\"][et_pb_code _builder_version=\"4.20.2\" _module_preset=\"default\" custom_margin=\"||15px|||\" global_colors_info=\"{}\"]<iframe src=\"https:\/\/www.google.com\/maps\/embed?pb=!1m18!1m12!1m3!1d121367.14053328239!2d1.0354454509230027!3d45.0068362331882!2m3!1f0!2f0!3f0!3m2!1i1024!2i768!4f13.1!3m3!1m2!1s0x47ff57ff3cc1f233%3A0x741ee6c61eba31f6!2sDhagpo%20Kagyu%20Ling!5e0!3m2!1sfr!2sfr!4v1648922216771!5m2!1sfr!2sfr\" width=\"600\" height=\"300\" style=\"border:0;\" allowfullscreen=\"\" loading=\"lazy\" referrerpolicy=\"no-referrer-when-downgrade\"><\/iframe>[\/et_pb_code][\/et_pb_column][\/et_pb_row][\/et_pb_section]","_et_gb_content_width":"","ngg_post_thumbnail":0,"footnotes":""},"class_list":["post-215200","page","type-page","status-publish","hentry"],"yoast_head":"<!-- This site is optimized with the Yoast SEO plugin v27.1.1 - https:\/\/yoast.com\/product\/yoast-seo-wordpress\/ -->\n<title>Kontakt - Dhagpo Kagyu Ling<\/title>\n<meta name=\"robots\" content=\"index, follow, max-snippet:-1, max-image-preview:large, max-video-preview:-1\" \/>\n<link rel=\"canonical\" href=\"https:\/\/dhagpo.org\/contact\/\" \/>\n<meta property=\"og:locale\" content=\"de_DE\" \/>\n<meta property=\"og:type\" content=\"article\" \/>\n<meta property=\"og:title\" content=\"Kontakt - Dhagpo Kagyu Ling\" \/>\n<meta property=\"og:description\" content=\"Das B\u00fcroteam steht Ihnen zur Verf\u00fcgung, um Ihre Fragen zu beantworten und Sie \u00fcber die Aktivit\u00e4ten und das Programm in Dhagpo zu informieren. Bitte z\u00f6gern Sie nicht, uns unter den [&hellip;]\" \/>\n<meta property=\"og:url\" content=\"https:\/\/dhagpo.org\/contact\/\" \/>\n<meta property=\"og:site_name\" content=\"Dhagpo Kagyu Ling\" \/>\n<meta property=\"article:modified_time\" content=\"2024-04-08T17:04:51+00:00\" \/>\n<meta property=\"og:image\" content=\"http:\/\/dhagpo.org\/wp-content\/uploads\/2022\/04\/email.png\" \/>\n<meta name=\"twitter:card\" content=\"summary_large_image\" \/>\n<meta name=\"twitter:label1\" content=\"Gesch\u00e4tzte Lesezeit\" \/>\n\t<meta name=\"twitter:data1\" content=\"2\u00a0Minuten\" \/>\n<script type=\"application\/ld+json\" class=\"yoast-schema-graph\">{\"@context\":\"https:\/\/schema.org\",\"@graph\":[{\"@type\":\"WebPage\",\"@id\":\"https:\/\/dhagpo.org\/contact\/\",\"url\":\"https:\/\/dhagpo.org\/contact\/\",\"name\":\"Kontakt - Dhagpo Kagyu Ling\",\"isPartOf\":{\"@id\":\"https:\/\/dhagpo.org\/#website\"},\"primaryImageOfPage\":{\"@id\":\"https:\/\/dhagpo.org\/contact\/#primaryimage\"},\"image\":{\"@id\":\"https:\/\/dhagpo.org\/contact\/#primaryimage\"},\"thumbnailUrl\":\"http:\/\/dhagpo.org\/wp-content\/uploads\/2022\/04\/email.png\",\"datePublished\":\"2024-04-08T17:04:45+00:00\",\"dateModified\":\"2024-04-08T17:04:51+00:00\",\"breadcrumb\":{\"@id\":\"https:\/\/dhagpo.org\/contact\/#breadcrumb\"},\"inLanguage\":\"de\",\"potentialAction\":[{\"@type\":\"ReadAction\",\"target\":[\"https:\/\/dhagpo.org\/contact\/\"]}]},{\"@type\":\"ImageObject\",\"inLanguage\":\"de\",\"@id\":\"https:\/\/dhagpo.org\/contact\/#primaryimage\",\"url\":\"http:\/\/dhagpo.org\/wp-content\/uploads\/2022\/04\/email.png\",\"contentUrl\":\"http:\/\/dhagpo.org\/wp-content\/uploads\/2022\/04\/email.png\"},{\"@type\":\"BreadcrumbList\",\"@id\":\"https:\/\/dhagpo.org\/contact\/#breadcrumb\",\"itemListElement\":[{\"@type\":\"ListItem\",\"position\":1,\"name\":\"Accueil\",\"item\":\"https:\/\/dhagpo.org\/de\/\"},{\"@type\":\"ListItem\",\"position\":2,\"name\":\"Kontakt\"}]},{\"@type\":\"WebSite\",\"@id\":\"https:\/\/dhagpo.org\/#website\",\"url\":\"https:\/\/dhagpo.org\/\",\"name\":\"Dhagpo Kagyu Ling\",\"description\":\"Un lieu pour comprendre et vivre le bouddhisme\",\"potentialAction\":[{\"@type\":\"SearchAction\",\"target\":{\"@type\":\"EntryPoint\",\"urlTemplate\":\"https:\/\/dhagpo.org\/?s={search_term_string}\"},\"query-input\":{\"@type\":\"PropertyValueSpecification\",\"valueRequired\":true,\"valueName\":\"search_term_string\"}}],\"inLanguage\":\"de\"}]}<\/script>\n<!-- \/ Yoast SEO plugin. -->","yoast_head_json":{"title":"Kontakt - Dhagpo Kagyu Ling","robots":{"index":"index","follow":"follow","max-snippet":"max-snippet:-1","max-image-preview":"max-image-preview:large","max-video-preview":"max-video-preview:-1"},"canonical":"https:\/\/dhagpo.org\/contact\/","og_locale":"de_DE","og_type":"article","og_title":"Kontakt - Dhagpo Kagyu Ling","og_description":"Das B\u00fcroteam steht Ihnen zur Verf\u00fcgung, um Ihre Fragen zu beantworten und Sie \u00fcber die Aktivit\u00e4ten und das Programm in Dhagpo zu informieren. Bitte z\u00f6gern Sie nicht, uns unter den [&hellip;]","og_url":"https:\/\/dhagpo.org\/contact\/","og_site_name":"Dhagpo Kagyu Ling","article_modified_time":"2024-04-08T17:04:51+00:00","og_image":[{"url":"http:\/\/dhagpo.org\/wp-content\/uploads\/2022\/04\/email.png","type":"","width":"","height":""}],"twitter_card":"summary_large_image","twitter_misc":{"Gesch\u00e4tzte Lesezeit":"2\u00a0Minuten"},"schema":{"@context":"https:\/\/schema.org","@graph":[{"@type":"WebPage","@id":"https:\/\/dhagpo.org\/contact\/","url":"https:\/\/dhagpo.org\/contact\/","name":"Kontakt - Dhagpo Kagyu Ling","isPartOf":{"@id":"https:\/\/dhagpo.org\/#website"},"primaryImageOfPage":{"@id":"https:\/\/dhagpo.org\/contact\/#primaryimage"},"image":{"@id":"https:\/\/dhagpo.org\/contact\/#primaryimage"},"thumbnailUrl":"http:\/\/dhagpo.org\/wp-content\/uploads\/2022\/04\/email.png","datePublished":"2024-04-08T17:04:45+00:00","dateModified":"2024-04-08T17:04:51+00:00","breadcrumb":{"@id":"https:\/\/dhagpo.org\/contact\/#breadcrumb"},"inLanguage":"de","potentialAction":[{"@type":"ReadAction","target":["https:\/\/dhagpo.org\/contact\/"]}]},{"@type":"ImageObject","inLanguage":"de","@id":"https:\/\/dhagpo.org\/contact\/#primaryimage","url":"http:\/\/dhagpo.org\/wp-content\/uploads\/2022\/04\/email.png","contentUrl":"http:\/\/dhagpo.org\/wp-content\/uploads\/2022\/04\/email.png"},{"@type":"BreadcrumbList","@id":"https:\/\/dhagpo.org\/contact\/#breadcrumb","itemListElement":[{"@type":"ListItem","position":1,"name":"Accueil","item":"https:\/\/dhagpo.org\/de\/"},{"@type":"ListItem","position":2,"name":"Kontakt"}]},{"@type":"WebSite","@id":"https:\/\/dhagpo.org\/#website","url":"https:\/\/dhagpo.org\/","name":"Dhagpo Kagyu Ling","description":"Un lieu pour comprendre et vivre le bouddhisme","potentialAction":[{"@type":"SearchAction","target":{"@type":"EntryPoint","urlTemplate":"https:\/\/dhagpo.org\/?s={search_term_string}"},"query-input":{"@type":"PropertyValueSpecification","valueRequired":true,"valueName":"search_term_string"}}],"inLanguage":"de"}]}},"_links":{"self":[{"href":"https:\/\/dhagpo.org\/de\/wp-json\/wp\/v2\/pages\/215200","targetHints":{"allow":["GET"]}}],"collection":[{"href":"https:\/\/dhagpo.org\/de\/wp-json\/wp\/v2\/pages"}],"about":[{"href":"https:\/\/dhagpo.org\/de\/wp-json\/wp\/v2\/types\/page"}],"author":[{"embeddable":true,"href":"https:\/\/dhagpo.org\/de\/wp-json\/wp\/v2\/users\/8"}],"replies":[{"embeddable":true,"href":"https:\/\/dhagpo.org\/de\/wp-json\/wp\/v2\/comments?post=215200"}],"version-history":[{"count":4,"href":"https:\/\/dhagpo.org\/de\/wp-json\/wp\/v2\/pages\/215200\/revisions"}],"predecessor-version":[{"id":215205,"href":"https:\/\/dhagpo.org\/de\/wp-json\/wp\/v2\/pages\/215200\/revisions\/215205"}],"wp:attachment":[{"href":"https:\/\/dhagpo.org\/de\/wp-json\/wp\/v2\/media?parent=215200"}],"curies":[{"name":"wp","href":"https:\/\/api.w.org\/{rel}","templated":true}]}}