{"id":223032,"date":"2024-12-08T10:46:23","date_gmt":"2024-12-08T09:46:23","guid":{"rendered":"http:\/\/dhagpo.org\/?page_id=223032"},"modified":"2024-12-08T10:55:34","modified_gmt":"2024-12-08T09:55:34","slug":"unterstuetzen","status":"publish","type":"page","link":"https:\/\/dhagpo.org\/de\/unterstuetzen\/","title":{"rendered":"Unterst\u00fctzen"},"content":{"rendered":"<p>[et_pb_section fb_built=&#8220;1&#8243; _builder_version=&#8220;4.21.0&#8243; _module_preset=&#8220;6e3af1a0-d249-4306-9d54-b5a545b0512d&#8220; use_background_color_gradient=&#8220;on&#8220; background_color_gradient_type=&#8220;circular&#8220; background_color_gradient_direction_radial=&#8220;left&#8220; background_color_gradient_stops=&#8220;#826969 0%|rgba(0,0,0,0.13) 46%|rgba(0, 0, 0, 0.13) 100%&#8220; background_color_gradient_overlays_image=&#8220;on&#8220; background_image=&#8220;http:\/\/dhagpo.org\/wp-content\/uploads\/2023\/07\/header_projets-soutenir.jpg&#8220; custom_padding=&#8220;90px||97px|||&#8220; background_last_edited=&#8220;on|phone&#8220; background_image_phone=&#8220;http:\/\/dhagpo.org\/wp-content\/uploads\/2023\/07\/header_projets-soutenir_mobile.jpg&#8220; background_enable_image_phone=&#8220;on&#8220; custom_css_main_element=&#8220;|||||| &#8220; saved_tabs=&#8220;all&#8220; locked=&#8220;off&#8220; collapsed=&#8220;off&#8220; global_colors_info=&#8220;{}&#8220;][et_pb_row _builder_version=&#8220;4.16&#8243; locked=&#8220;off&#8220; global_colors_info=&#8220;{}&#8220;][et_pb_column type=&#8220;4_4&#8243; _builder_version=&#8220;4.16&#8243; global_colors_info=&#8220;{}&#8220;][et_pb_text _builder_version=&#8220;4.19.4&#8243; _dynamic_attributes=&#8220;content&#8220; text_text_color=&#8220;#FFFFFF&#8220; header_font=&#8220;|300|||||||&#8220; header_text_align=&#8220;left&#8220; header_text_color=&#8220;#FFFFFF&#8220; header_font_size=&#8220;39px&#8220; module_alignment=&#8220;center&#8220; custom_margin=&#8220;||0px||false|false&#8220; custom_padding=&#8220;10px||7px||false|false&#8220; custom_css_main_element=&#8220;display: inline-block;&#8220; border_color_all=&#8220;#FFFFFF&#8220; border_width_top=&#8220;1px&#8220; border_width_bottom=&#8220;1px&#8220; global_colors_info=&#8220;{}&#8220;]@ET-DC@eyJkeW5hbWljIjp0cnVlLCJjb250ZW50IjoicG9zdF90aXRsZSIsInNldHRpbmdzIjp7ImJlZm9yZSI6IjxoMT4iLCJhZnRlciI6IjwvaDE+In19@[\/et_pb_text][\/et_pb_column][\/et_pb_row][\/et_pb_section][et_pb_section fb_built=&#8220;1&#8243; _builder_version=&#8220;4.20.1&#8243; _module_preset=&#8220;default&#8220; background_color=&#8220;gcid-0e31f813-9b2e-4fdd-9a29-d8b4986da10d&#8220; custom_margin=&#8220;0px||0px||false|false&#8220; custom_padding=&#8220;0px||0px||false|false&#8220; saved_tabs=&#8220;all&#8220; locked=&#8220;off&#8220; global_colors_info=&#8220;{%22gcid-0e31f813-9b2e-4fdd-9a29-d8b4986da10d%22:%91%22background_color%22%93}&#8220;][et_pb_row _builder_version=&#8220;4.20.2&#8243; _module_preset=&#8220;default&#8220; custom_padding=&#8220;5px||2px||false|false&#8220; global_colors_info=&#8220;{}&#8220;][et_pb_column type=&#8220;4_4&#8243; _builder_version=&#8220;4.20.1&#8243; _module_preset=&#8220;default&#8220; global_colors_info=&#8220;{}&#8220;][et_pb_text _builder_version=&#8220;4.23&#8243; _module_preset=&#8220;default&#8220; text_font_size=&#8220;14px&#8220; custom_margin=&#8220;0px||5px||false|false&#8220; custom_padding=&#8220;0px||0px||false|false&#8220; global_colors_info=&#8220;{}&#8220;]<\/p>\n\tVous \u00eates ici :\n<span><span><a href=\"https:\/\/dhagpo.org\/de\/\">Accueil<\/a><\/span><\/span>\n<p>[\/et_pb_text][\/et_pb_column][\/et_pb_row][\/et_pb_section][et_pb_section fb_built=&#8220;1&#8243; _builder_version=&#8220;4.16&#8243; _module_preset=&#8220;default&#8220; custom_padding=&#8220;45px||34px|||&#8220; locked=&#8220;off&#8220; global_colors_info=&#8220;{}&#8220;][et_pb_row _builder_version=&#8220;4.16&#8243; _module_preset=&#8220;default&#8220; global_colors_info=&#8220;{}&#8220;][et_pb_column type=&#8220;4_4&#8243; _builder_version=&#8220;4.16&#8243; _module_preset=&#8220;default&#8220; global_colors_info=&#8220;{}&#8220;][et_pb_text _builder_version=&#8220;4.27.3&#8243; _module_preset=&#8220;05208fad-46ab-43fe-af8f-4d09e9564994&#8243; hover_enabled=&#8220;0&#8243; global_colors_info=&#8220;{}&#8220; sticky_enabled=&#8220;0&#8243;]<\/p>\n<h2>Sich an positiven Aktivit\u00e4ten beteiligen<\/h2>\n<p>[\/et_pb_text][et_pb_text _builder_version=&#8220;4.27.3&#8243; _module_preset=&#8220;0827180c-326f-4be3-9e0d-2b652458abaf&#8220; hover_enabled=&#8220;0&#8243; global_colors_info=&#8220;{}&#8220; sticky_enabled=&#8220;0&#8243;]<\/p>\n<h2>Den inneren Reichtum pflegen und teilen<\/h2>\n<p>[\/et_pb_text][\/et_pb_column][\/et_pb_row][et_pb_row column_structure=&#8220;3_5,2_5&#8243; _builder_version=&#8220;4.27.0&#8243; _module_preset=&#8220;default&#8220; custom_padding=&#8220;22px|||||&#8220; global_colors_info=&#8220;{}&#8220;][et_pb_column type=&#8220;3_5&#8243; _builder_version=&#8220;4.16&#8243; _module_preset=&#8220;default&#8220; global_colors_info=&#8220;{}&#8220;][et_pb_text _builder_version=&#8220;4.27.3&#8243; _module_preset=&#8220;default&#8220; hover_enabled=&#8220;0&#8243; global_colors_info=&#8220;{}&#8220; sticky_enabled=&#8220;0&#8243;]<\/p>\n<p>Die traditionellen Werte im Buddhismus sind nicht-materiell: Weisheit, Wohlwollen, Gro\u00dfz\u00fcgigkeit, um nur einige zu nennen. Gem\u00e4\u00df der Lehre Buddhas f\u00fchrt uns<strong> die Kultivierung dieser immateriellen Wert<\/strong>e zu einem nat\u00fcrlichen Zustand von Frieden und Harmonie.<\/p>\n<p>Meditative Praktiken und die t\u00e4gliche Umsetzung bieten die M\u00f6glichkeit, diese Werte zu f\u00f6rdern und sie mit m\u00f6glichst vielen Menschen zu teilen. Es ist auch m\u00f6glich, sich mit diesen <strong>positiven Aktivit\u00e4ten<\/strong> zu verbinden, indem man auf verschiedene Weise zu ihrer Verwirklichung beitr\u00e4gt, je nach Wunsch und M\u00f6glichkeit.<\/p>\n<p>[\/et_pb_text][et_pb_code _builder_version=&#8220;4.21.0&#8243; _module_preset=&#8220;default&#8220; global_colors_info=&#8220;{}&#8220;]<script><!-- [et_pb_line_break_holder] -->        \/\/ Vous pouvez \u00e9galement d\u00e9finir l'attribut 'target' en utilisant JavaScript<!-- [et_pb_line_break_holder] -->        window.onload = function() {<!-- [et_pb_line_break_holder] -->            var lien = document.getElementById('post-1413');<!-- [et_pb_line_break_holder] -->            lien.setAttribute('target', '_blank');<!-- [et_pb_line_break_holder] -->        };<!-- [et_pb_line_break_holder] -->    <\/script>[\/et_pb_code][et_pb_testimonial author=&#8220;Thaye Dorje, Seine Heiligkeit der 17. Gyalwa Karmapa&#8220; _builder_version=&#8220;4.27.3&#8243; _module_preset=&#8220;572720b5-72ac-4a65-9e3f-d9811ed4046d&#8220; hover_enabled=&#8220;0&#8243; locked=&#8220;off&#8220; global_colors_info=&#8220;{}&#8220; sticky_enabled=&#8220;0&#8243;]<\/p>\n<p style=\"text-align: center;\">&#8222;Es ist von zentraler Bedeutung, nicht-materielle Werte zu f\u00f6rdern, um uns selbst zu helfen, ausgeglichene und hilfreiche Menschen zu werden.Dazu geh\u00f6rt auch, den eigenen materiellen Reichtum zum gr\u00f6\u00dftm\u00f6glichen Nutzen unserer Mitmenschen einzusetzen.&#8220;<\/p>\n<p>[\/et_pb_testimonial][\/et_pb_column][et_pb_column type=&#8220;2_5&#8243; _builder_version=&#8220;4.27.0&#8243; _module_preset=&#8220;default&#8220; background_color=&#8220;rgba(171,0,50,0.4)&#8220; global_colors_info=&#8220;{}&#8220;][et_pb_text _builder_version=&#8220;4.27.3&#8243; _module_preset=&#8220;default&#8220; header_3_text_color=&#8220;#FFFFFF&#8220; header_3_font_size=&#8220;23px&#8220; custom_margin=&#8220;17px||15px|22px|false|false&#8220; hover_enabled=&#8220;0&#8243; global_colors_info=&#8220;{}&#8220; sticky_enabled=&#8220;0&#8243;]<\/p>\n<h3>Top-Themen<\/h3>\n<p>[\/et_pb_text][et_pb_video src=&#8220;https:\/\/youtu.be\/nmpSvFhJHng&#8220; _builder_version=&#8220;4.23&#8243; _module_preset=&#8220;default&#8220; custom_margin=&#8220;|25px|25px|25px|false|false&#8220; global_colors_info=&#8220;{}&#8220;][\/et_pb_video][et_pb_button button_url=&#8220;@ET-DC@eyJkeW5hbWljIjp0cnVlLCJjb250ZW50IjoicG9zdF9saW5rX3VybF9wcm9qZWN0Iiwic2V0dGluZ3MiOnsicG9zdF9pZCI6IjIwOTk2OCJ9fQ==@&#8220; button_text=&#8220;Alles online lesen&#8220; button_alignment=&#8220;center&#8220; _builder_version=&#8220;4.27.3&#8243; _dynamic_attributes=&#8220;button_url&#8220; _module_preset=&#8220;default&#8220; button_bg_color=&#8220;rgba(255,255,255,0.87)&#8220; button_border_width=&#8220;1px&#8220; custom_margin=&#8220;||30px||false|false&#8220; hover_enabled=&#8220;0&#8243; global_colors_info=&#8220;{%22gcid-9b5f26ad-ce0a-4e53-af90-9971f6694090%22:%91%22button_text_color__hover%22,%22button_border_color__hover%22%93}&#8220; button_bg_color__hover_enabled=&#8220;off|desktop&#8220; button_text_color__hover_enabled=&#8220;on|hover&#8220; button_text_color__hover=&#8220;#ab0032&#8243; button_border_width__hover_enabled=&#8220;on|hover&#8220; button_border_width__hover=&#8220;1px&#8220; button_border_color__hover_enabled=&#8220;on|hover&#8220; button_border_color__hover=&#8220;#ab0032&#8243; sticky_enabled=&#8220;0&#8243;][\/et_pb_button][\/et_pb_column][\/et_pb_row][\/et_pb_section][et_pb_section fb_built=&#8220;1&#8243; _builder_version=&#8220;4.19.1&#8243; _module_preset=&#8220;default&#8220; custom_padding=&#8220;51px|||||&#8220; global_colors_info=&#8220;{}&#8220;][et_pb_row _builder_version=&#8220;4.19.1&#8243; _module_preset=&#8220;default&#8220; global_colors_info=&#8220;{}&#8220;][et_pb_column type=&#8220;4_4&#8243; _builder_version=&#8220;4.19.1&#8243; _module_preset=&#8220;default&#8220; global_colors_info=&#8220;{}&#8220;][et_pb_filterable_portfolio fullwidth=&#8220;off&#8220; posts_number=&#8220;6&#8243; include_categories=&#8220;60,58,59&#8243; module_class=&#8220; .three-column-portfolio&#8220; _builder_version=&#8220;4.27.0&#8243; _module_preset=&#8220;default&#8220; caption_line_height=&#8220;1.5em&#8220; border_width_all_image=&#8220;1px&#8220; border_color_all_image=&#8220;#D9D6D1&#8243; border_style_all_image=&#8220;dotted&#8220; global_colors_info=&#8220;{}&#8220;][\/et_pb_filterable_portfolio][\/et_pb_column][\/et_pb_row][\/et_pb_section]<\/p>\n","protected":false},"excerpt":{"rendered":"<p>\tVous \u00eates ici :\n<span><span><a href=\"https:\/\/dhagpo.org\/de\/\">Accueil<\/a><\/span><\/span>Sich an positiven Aktivit\u00e4ten beteiligenDen inneren Reichtum pflegen und teilenDie traditionellen Werte im Buddhismus sind nicht-materiell: Weisheit, Wohlwollen, Gro\u00dfz\u00fcgigkeit, um nur einige zu nennen. Gem\u00e4\u00df der Lehre Buddhas f\u00fchrt uns [&hellip;]<\/p>\n","protected":false},"author":8,"featured_media":0,"parent":0,"menu_order":0,"comment_status":"closed","ping_status":"closed","template":"","meta":{"_et_pb_use_builder":"on","_et_pb_old_content":"[et_pb_section fb_built=\"1\" _builder_version=\"4.21.0\" _module_preset=\"6e3af1a0-d249-4306-9d54-b5a545b0512d\" use_background_color_gradient=\"on\" background_color_gradient_type=\"circular\" background_color_gradient_direction_radial=\"left\" background_color_gradient_stops=\"#826969 0%|rgba(0,0,0,0.13) 46%|rgba(0, 0, 0, 0.13) 100%\" background_color_gradient_overlays_image=\"on\" background_image=\"http:\/\/dhagpo.org\/wp-content\/uploads\/2023\/07\/header_projets-soutenir.jpg\" custom_padding=\"90px||97px|||\" background_last_edited=\"on|phone\" background_image_phone=\"http:\/\/dhagpo.org\/wp-content\/uploads\/2023\/07\/header_projets-soutenir_mobile.jpg\" background_enable_image_phone=\"on\" custom_css_main_element=\"|||||| \" saved_tabs=\"all\" locked=\"off\" collapsed=\"off\" global_colors_info=\"{}\"][et_pb_row _builder_version=\"4.16\" locked=\"off\" global_colors_info=\"{}\"][et_pb_column type=\"4_4\" _builder_version=\"4.16\" global_colors_info=\"{}\"][et_pb_text _builder_version=\"4.19.4\" _dynamic_attributes=\"content\" text_text_color=\"#FFFFFF\" header_font=\"|300|||||||\" header_text_align=\"left\" header_text_color=\"#FFFFFF\" header_font_size=\"39px\" module_alignment=\"center\" custom_margin=\"||0px||false|false\" custom_padding=\"10px||7px||false|false\" custom_css_main_element=\"display: inline-block;\" border_color_all=\"#FFFFFF\" border_width_top=\"1px\" border_width_bottom=\"1px\" global_colors_info=\"{}\"]@ET-DC@eyJkeW5hbWljIjp0cnVlLCJjb250ZW50IjoicG9zdF90aXRsZSIsInNldHRpbmdzIjp7ImJlZm9yZSI6IjxoMT4iLCJhZnRlciI6IjwvaDE+In19@[\/et_pb_text][\/et_pb_column][\/et_pb_row][\/et_pb_section][et_pb_section fb_built=\"1\" _builder_version=\"4.20.1\" _module_preset=\"default\" background_color=\"gcid-0e31f813-9b2e-4fdd-9a29-d8b4986da10d\" custom_margin=\"0px||0px||false|false\" custom_padding=\"0px||0px||false|false\" global_module=\"7489\" saved_tabs=\"all\" locked=\"off\" global_colors_info=\"{%22gcid-0e31f813-9b2e-4fdd-9a29-d8b4986da10d%22:%91%22background_color%22%93}\"][et_pb_row _builder_version=\"4.20.2\" _module_preset=\"default\" custom_padding=\"5px||2px||false|false\" global_colors_info=\"{}\"][et_pb_column type=\"4_4\" _builder_version=\"4.20.1\" _module_preset=\"default\" global_colors_info=\"{}\"][et_pb_text _builder_version=\"4.23\" _module_preset=\"default\" text_font_size=\"14px\" custom_margin=\"0px||5px||false|false\" custom_padding=\"0px||0px||false|false\" global_colors_info=\"{}\"]<p>[wpseo_breadcrumb]<\/p>[\/et_pb_text][\/et_pb_column][\/et_pb_row][\/et_pb_section][et_pb_section fb_built=\"1\" _builder_version=\"4.16\" _module_preset=\"default\" custom_padding=\"45px||34px|||\" locked=\"off\" global_colors_info=\"{}\"][et_pb_row _builder_version=\"4.16\" _module_preset=\"default\" global_colors_info=\"{}\"][et_pb_column type=\"4_4\" _builder_version=\"4.16\" _module_preset=\"default\" global_colors_info=\"{}\"][et_pb_text _builder_version=\"4.21.2\" _module_preset=\"05208fad-46ab-43fe-af8f-4d09e9564994\" global_colors_info=\"{}\"]<h2>S\u2019associer \u00e0 des activit\u00e9s b\u00e9n\u00e9fiques<\/h2>[\/et_pb_text][et_pb_text _builder_version=\"4.21.2\" _module_preset=\"0827180c-326f-4be3-9e0d-2b652458abaf\" global_colors_info=\"{}\"]<h2>Cultiver et partager sa richesse int\u00e9rieure<\/h2>[\/et_pb_text][\/et_pb_column][\/et_pb_row][et_pb_row column_structure=\"3_5,2_5\" _builder_version=\"4.27.0\" _module_preset=\"default\" custom_padding=\"22px|||||\" hover_enabled=\"0\" global_colors_info=\"{}\" sticky_enabled=\"0\"][et_pb_column type=\"3_5\" _builder_version=\"4.16\" _module_preset=\"default\" global_colors_info=\"{}\"][et_pb_text _builder_version=\"4.21.0\" _module_preset=\"default\" global_colors_info=\"{}\"]<p>Les valeurs traditionnelles du bouddhisme sont non mat\u00e9rielles : la sagesse, la bienveillance, la g\u00e9n\u00e9rosit\u00e9, pour n\u2019en citer que quelques-unes. Selon l\u2019enseignement du Bouddha, <strong>cultiver ces valeurs immat\u00e9rielles<\/strong> nous m\u00e8ne \u00e0 un \u00e9tat naturel de paix et d\u2019harmonie.<\/p>\r\n<p>Les <a href=\"http:\/\/dhagpo.org\/programme\/pratiques-regulieres\/\">pratiques m\u00e9ditatives<\/a> et la <a href=\"http:\/\/dhagpo.org\/programme\/mettre-en-oeuvre\/\">mise en \u0153uvre quotidienne<\/a> sont l\u2019occasion de cultiver ces valeurs et de les partager avec le plus grand nombre. Il est aussi possible de <strong>s\u2019associer \u00e0 ces activit\u00e9s b\u00e9n\u00e9fiques en contribuant \u00e0 leur r\u00e9alisation<\/strong> de diverses mani\u00e8res, en fonction de nos souhaits et de nos moyens.<\/p>[\/et_pb_text][et_pb_code _builder_version=\"4.21.0\" _module_preset=\"default\" global_colors_info=\"{}\"]<script><!-- [et_pb_line_break_holder] -->        \/\/ Vous pouvez \u00e9galement d\u00e9finir l'attribut 'target' en utilisant JavaScript<!-- [et_pb_line_break_holder] -->        window.onload = function() {<!-- [et_pb_line_break_holder] -->            var lien = document.getElementById('post-1413');<!-- [et_pb_line_break_holder] -->            lien.setAttribute('target', '_blank');<!-- [et_pb_line_break_holder] -->        };<!-- [et_pb_line_break_holder] -->    <\/script>[\/et_pb_code][et_pb_testimonial author=\"Thay\u00e9 Dorj\u00e9, Sa Saintet\u00e9 le XVII\u1d49 Gyalwa Karmapa\" _builder_version=\"4.21.2\" _module_preset=\"572720b5-72ac-4a65-9e3f-d9811ed4046d\" locked=\"off\" global_colors_info=\"{}\"]<p style=\"text-align: center;\">\u00ab Il est essentiel que les valeurs non mat\u00e9rielles soient promues, afin de nous aider \u00e0 devenir des \u00eatres humains \u00e9quilibr\u00e9s et b\u00e9n\u00e9fiques, qui utilisons \u00e9galement nos richesses mat\u00e9rielles pour le plus grand bienfait de nos semblables. \u00bb<\/p>[\/et_pb_testimonial][\/et_pb_column][et_pb_column type=\"2_5\" _builder_version=\"4.27.0\" _module_preset=\"default\" background_color=\"rgba(171,0,50,0.4)\" hover_enabled=\"0\" global_colors_info=\"{}\" sticky_enabled=\"0\"][et_pb_text _builder_version=\"4.23\" _module_preset=\"default\" header_3_text_color=\"#FFFFFF\" header_3_font_size=\"23px\" custom_margin=\"17px||15px|22px|false|false\" global_colors_info=\"{}\"]<h3>\u00c0 la une<\/h3>[\/et_pb_text][et_pb_video src=\"https:\/\/youtu.be\/nmpSvFhJHng\" _builder_version=\"4.23\" _module_preset=\"default\" custom_margin=\"|25px|25px|25px|false|false\" global_colors_info=\"{}\"][\/et_pb_video][et_pb_button button_url=\"@ET-DC@eyJkeW5hbWljIjp0cnVlLCJjb250ZW50IjoicG9zdF9saW5rX3VybF9wcm9qZWN0Iiwic2V0dGluZ3MiOnsicG9zdF9pZCI6IjIwOTk2OCJ9fQ==@\" button_text=\"En savoir plus\" button_alignment=\"center\" _builder_version=\"4.23\" _dynamic_attributes=\"button_url\" _module_preset=\"default\" button_bg_color=\"rgba(255,255,255,0.87)\" button_border_width=\"1px\" custom_margin=\"||30px||false|false\" global_colors_info=\"{%22gcid-9b5f26ad-ce0a-4e53-af90-9971f6694090%22:%91%22button_text_color__hover%22,%22button_border_color__hover%22%93}\" button_bg_color__hover_enabled=\"off|desktop\" button_text_color__hover_enabled=\"on|hover\" button_text_color__hover=\"#ab0032\" button_border_width__hover_enabled=\"on|hover\" button_border_width__hover=\"1px\" button_border_color__hover_enabled=\"on|hover\" button_border_color__hover=\"#ab0032\"][\/et_pb_button][\/et_pb_column][\/et_pb_row][\/et_pb_section][et_pb_section fb_built=\"1\" _builder_version=\"4.19.1\" _module_preset=\"default\" custom_padding=\"51px|||||\" global_colors_info=\"{}\"][et_pb_row _builder_version=\"4.19.1\" _module_preset=\"default\" global_colors_info=\"{}\"][et_pb_column type=\"4_4\" _builder_version=\"4.19.1\" _module_preset=\"default\" global_colors_info=\"{}\"][et_pb_filterable_portfolio fullwidth=\"off\" posts_number=\"6\" include_categories=\"60,58,59\" module_class=\" .three-column-portfolio\" _builder_version=\"4.27.0\" _module_preset=\"default\" caption_line_height=\"1.5em\" hover_enabled=\"0\" border_width_all_image=\"1px\" border_color_all_image=\"#D9D6D1\" border_style_all_image=\"dotted\" global_colors_info=\"{}\" sticky_enabled=\"0\"][\/et_pb_filterable_portfolio][\/et_pb_column][\/et_pb_row][\/et_pb_section]","_et_gb_content_width":"","ngg_post_thumbnail":0,"footnotes":""},"class_list":["post-223032","page","type-page","status-publish","hentry"],"yoast_head":"<!-- This site is optimized with the Yoast SEO plugin v27.1.1 - https:\/\/yoast.com\/product\/yoast-seo-wordpress\/ -->\n<title>Unterst\u00fctzen - Dhagpo Kagyu Ling<\/title>\n<meta name=\"robots\" content=\"index, follow, max-snippet:-1, max-image-preview:large, max-video-preview:-1\" \/>\n<link rel=\"canonical\" href=\"https:\/\/dhagpo.org\/soutenir\/\" \/>\n<meta property=\"og:locale\" content=\"de_DE\" \/>\n<meta property=\"og:type\" content=\"article\" \/>\n<meta property=\"og:title\" content=\"Unterst\u00fctzen - Dhagpo Kagyu Ling\" \/>\n<meta property=\"og:description\" content=\"Sich an positiven Aktivit\u00e4ten beteiligenDen inneren Reichtum pflegen und teilenDie traditionellen Werte im Buddhismus sind nicht-materiell: Weisheit, Wohlwollen, Gro\u00dfz\u00fcgigkeit, um nur einige zu nennen. Gem\u00e4\u00df der Lehre Buddhas f\u00fchrt uns [&hellip;]\" \/>\n<meta property=\"og:url\" content=\"https:\/\/dhagpo.org\/soutenir\/\" \/>\n<meta property=\"og:site_name\" content=\"Dhagpo Kagyu Ling\" \/>\n<meta property=\"article:modified_time\" content=\"2024-12-08T09:55:34+00:00\" \/>\n<meta name=\"twitter:card\" content=\"summary_large_image\" \/>\n<meta name=\"twitter:label1\" content=\"Gesch\u00e4tzte Lesezeit\" \/>\n\t<meta name=\"twitter:data1\" content=\"1\u00a0Minute\" \/>\n<script type=\"application\/ld+json\" class=\"yoast-schema-graph\">{\"@context\":\"https:\/\/schema.org\",\"@graph\":[{\"@type\":\"WebPage\",\"@id\":\"https:\/\/dhagpo.org\/soutenir\/\",\"url\":\"https:\/\/dhagpo.org\/soutenir\/\",\"name\":\"Unterst\u00fctzen - Dhagpo Kagyu Ling\",\"isPartOf\":{\"@id\":\"https:\/\/dhagpo.org\/#website\"},\"datePublished\":\"2024-12-08T09:46:23+00:00\",\"dateModified\":\"2024-12-08T09:55:34+00:00\",\"breadcrumb\":{\"@id\":\"https:\/\/dhagpo.org\/soutenir\/#breadcrumb\"},\"inLanguage\":\"de\",\"potentialAction\":[{\"@type\":\"ReadAction\",\"target\":[\"https:\/\/dhagpo.org\/soutenir\/\"]}]},{\"@type\":\"BreadcrumbList\",\"@id\":\"https:\/\/dhagpo.org\/soutenir\/#breadcrumb\",\"itemListElement\":[{\"@type\":\"ListItem\",\"position\":1,\"name\":\"Accueil\",\"item\":\"https:\/\/dhagpo.org\/de\/\"},{\"@type\":\"ListItem\",\"position\":2,\"name\":\"Unterst\u00fctzen\"}]},{\"@type\":\"WebSite\",\"@id\":\"https:\/\/dhagpo.org\/#website\",\"url\":\"https:\/\/dhagpo.org\/\",\"name\":\"Dhagpo Kagyu Ling\",\"description\":\"Un lieu pour comprendre et vivre le bouddhisme\",\"potentialAction\":[{\"@type\":\"SearchAction\",\"target\":{\"@type\":\"EntryPoint\",\"urlTemplate\":\"https:\/\/dhagpo.org\/?s={search_term_string}\"},\"query-input\":{\"@type\":\"PropertyValueSpecification\",\"valueRequired\":true,\"valueName\":\"search_term_string\"}}],\"inLanguage\":\"de\"}]}<\/script>\n<!-- \/ Yoast SEO plugin. -->","yoast_head_json":{"title":"Unterst\u00fctzen - Dhagpo Kagyu Ling","robots":{"index":"index","follow":"follow","max-snippet":"max-snippet:-1","max-image-preview":"max-image-preview:large","max-video-preview":"max-video-preview:-1"},"canonical":"https:\/\/dhagpo.org\/soutenir\/","og_locale":"de_DE","og_type":"article","og_title":"Unterst\u00fctzen - Dhagpo Kagyu Ling","og_description":"Sich an positiven Aktivit\u00e4ten beteiligenDen inneren Reichtum pflegen und teilenDie traditionellen Werte im Buddhismus sind nicht-materiell: Weisheit, Wohlwollen, Gro\u00dfz\u00fcgigkeit, um nur einige zu nennen. Gem\u00e4\u00df der Lehre Buddhas f\u00fchrt uns [&hellip;]","og_url":"https:\/\/dhagpo.org\/soutenir\/","og_site_name":"Dhagpo Kagyu Ling","article_modified_time":"2024-12-08T09:55:34+00:00","twitter_card":"summary_large_image","twitter_misc":{"Gesch\u00e4tzte Lesezeit":"1\u00a0Minute"},"schema":{"@context":"https:\/\/schema.org","@graph":[{"@type":"WebPage","@id":"https:\/\/dhagpo.org\/soutenir\/","url":"https:\/\/dhagpo.org\/soutenir\/","name":"Unterst\u00fctzen - Dhagpo Kagyu Ling","isPartOf":{"@id":"https:\/\/dhagpo.org\/#website"},"datePublished":"2024-12-08T09:46:23+00:00","dateModified":"2024-12-08T09:55:34+00:00","breadcrumb":{"@id":"https:\/\/dhagpo.org\/soutenir\/#breadcrumb"},"inLanguage":"de","potentialAction":[{"@type":"ReadAction","target":["https:\/\/dhagpo.org\/soutenir\/"]}]},{"@type":"BreadcrumbList","@id":"https:\/\/dhagpo.org\/soutenir\/#breadcrumb","itemListElement":[{"@type":"ListItem","position":1,"name":"Accueil","item":"https:\/\/dhagpo.org\/de\/"},{"@type":"ListItem","position":2,"name":"Unterst\u00fctzen"}]},{"@type":"WebSite","@id":"https:\/\/dhagpo.org\/#website","url":"https:\/\/dhagpo.org\/","name":"Dhagpo Kagyu Ling","description":"Un lieu pour comprendre et vivre le bouddhisme","potentialAction":[{"@type":"SearchAction","target":{"@type":"EntryPoint","urlTemplate":"https:\/\/dhagpo.org\/?s={search_term_string}"},"query-input":{"@type":"PropertyValueSpecification","valueRequired":true,"valueName":"search_term_string"}}],"inLanguage":"de"}]}},"_links":{"self":[{"href":"https:\/\/dhagpo.org\/de\/wp-json\/wp\/v2\/pages\/223032","targetHints":{"allow":["GET"]}}],"collection":[{"href":"https:\/\/dhagpo.org\/de\/wp-json\/wp\/v2\/pages"}],"about":[{"href":"https:\/\/dhagpo.org\/de\/wp-json\/wp\/v2\/types\/page"}],"author":[{"embeddable":true,"href":"https:\/\/dhagpo.org\/de\/wp-json\/wp\/v2\/users\/8"}],"replies":[{"embeddable":true,"href":"https:\/\/dhagpo.org\/de\/wp-json\/wp\/v2\/comments?post=223032"}],"version-history":[{"count":5,"href":"https:\/\/dhagpo.org\/de\/wp-json\/wp\/v2\/pages\/223032\/revisions"}],"predecessor-version":[{"id":223038,"href":"https:\/\/dhagpo.org\/de\/wp-json\/wp\/v2\/pages\/223032\/revisions\/223038"}],"wp:attachment":[{"href":"https:\/\/dhagpo.org\/de\/wp-json\/wp\/v2\/media?parent=223032"}],"curies":[{"name":"wp","href":"https:\/\/api.w.org\/{rel}","templated":true}]}}