{"id":207468,"date":"2023-07-29T20:48:27","date_gmt":"2023-07-29T18:48:27","guid":{"rendered":"http:\/\/dhagpo.org\/buddhism\/"},"modified":"2023-08-17T19:25:13","modified_gmt":"2023-08-17T17:25:13","slug":"buddhism","status":"publish","type":"page","link":"https:\/\/dhagpo.org\/en\/buddhism\/","title":{"rendered":"Buddhism"},"content":{"rendered":"<p>[et_pb_section fb_built=&#8221;1&#8243; _builder_version=&#8221;4.19.4&#8243; _module_preset=&#8221;6e3af1a0-d249-4306-9d54-b5a545b0512d&#8221; background_enable_color=&#8221;off&#8221; use_background_color_gradient=&#8221;on&#8221; background_color_gradient_direction=&#8221;90deg&#8221; background_color_gradient_stops=&#8221;#b76800 1%|rgba(33,18,18,0.1) 60%&#8221; background_color_gradient_overlays_image=&#8221;on&#8221; background_image=&#8221;https:\/\/www.karmapa.org\/wp-content\/uploads\/2014\/05\/buddha.jpg&#8221; custom_padding=&#8221;90px||97px|||&#8221; saved_tabs=&#8221;all&#8221; locked=&#8221;off&#8221; collapsed=&#8221;off&#8221; global_colors_info=&#8221;{}&#8221;][et_pb_row _builder_version=&#8221;4.16&#8243; locked=&#8221;off&#8221; global_colors_info=&#8221;{}&#8221;][et_pb_column type=&#8221;4_4&#8243; _builder_version=&#8221;4.16&#8243; global_colors_info=&#8221;{}&#8221;][et_pb_text _builder_version=&#8221;4.19.4&#8243; _dynamic_attributes=&#8221;content&#8221; text_text_color=&#8221;#FFFFFF&#8221; header_font=&#8221;|300|||||||&#8221; header_text_align=&#8221;left&#8221; header_text_color=&#8221;#FFFFFF&#8221; header_font_size=&#8221;39px&#8221; module_alignment=&#8221;center&#8221; custom_margin=&#8221;||0px||false|false&#8221; custom_padding=&#8221;10px||7px||false|false&#8221; custom_css_main_element=&#8221;display: inline-block;&#8221; border_color_all=&#8221;#FFFFFF&#8221; border_width_top=&#8221;1px&#8221; border_width_bottom=&#8221;1px&#8221; global_colors_info=&#8221;{}&#8221;]@ET-DC@eyJkeW5hbWljIjp0cnVlLCJjb250ZW50IjoicG9zdF90aXRsZSIsInNldHRpbmdzIjp7ImJlZm9yZSI6IjxoMT4iLCJhZnRlciI6IjwvaDE+In19@[\/et_pb_text][\/et_pb_column][\/et_pb_row][\/et_pb_section][et_pb_section fb_built=&#8221;1&#8243; _builder_version=&#8221;4.20.1&#8243; _module_preset=&#8221;default&#8221; background_color=&#8221;gcid-0e31f813-9b2e-4fdd-9a29-d8b4986da10d&#8221; custom_margin=&#8221;0px||0px||false|false&#8221; custom_padding=&#8221;0px||0px||false|false&#8221; saved_tabs=&#8221;all&#8221; locked=&#8221;off&#8221; global_colors_info=&#8221;{%22gcid-0e31f813-9b2e-4fdd-9a29-d8b4986da10d%22:%91%22background_color%22%93}&#8221;][et_pb_row _builder_version=&#8221;4.20.2&#8243; _module_preset=&#8221;default&#8221; custom_padding=&#8221;5px||2px||false|false&#8221; global_colors_info=&#8221;{}&#8221;][et_pb_column type=&#8221;4_4&#8243; _builder_version=&#8221;4.20.1&#8243; _module_preset=&#8221;default&#8221; global_colors_info=&#8221;{}&#8221;][et_pb_text _builder_version=&#8221;4.21.0&#8243; _module_preset=&#8221;default&#8221; text_font_size=&#8221;14px&#8221; custom_margin=&#8221;0px||5px||false|false&#8221; custom_padding=&#8221;0px||0px||false|false&#8221; global_colors_info=&#8221;{}&#8221;]<\/p>\n\tVous \u00eates ici :\n<span><span><a href=\"https:\/\/dhagpo.org\/en\/\">Accueil<\/a><\/span><\/span>\n<p>[\/et_pb_text][\/et_pb_column][\/et_pb_row][\/et_pb_section][et_pb_section fb_built=&#8221;1&#8243; _builder_version=&#8221;4.19.4&#8243; _module_preset=&#8221;default&#8221; width=&#8221;100%&#8221; custom_padding=&#8221;34px||33px|||&#8221; global_colors_info=&#8221;{}&#8221;][et_pb_row _builder_version=&#8221;4.19.4&#8243; _module_preset=&#8221;default&#8221; global_colors_info=&#8221;{}&#8221;][et_pb_column type=&#8221;4_4&#8243; _builder_version=&#8221;4.19.4&#8243; _module_preset=&#8221;default&#8221; global_colors_info=&#8221;{}&#8221;][et_pb_text _builder_version=&#8221;4.21.2&#8243; _module_preset=&#8221;05208fad-46ab-43fe-af8f-4d09e9564994&#8243; hover_enabled=&#8221;0&#8243; global_colors_info=&#8221;{}&#8221; sticky_enabled=&#8221;0&#8243;]<\/p>\n<h2>A Path of Wisdom<\/h2>\n<p>[\/et_pb_text][et_pb_text _builder_version=&#8221;4.21.2&#8243; _module_preset=&#8221;0827180c-326f-4be3-9e0d-2b652458abaf&#8221; hover_enabled=&#8221;0&#8243; global_colors_info=&#8221;{}&#8221; sticky_enabled=&#8221;0&#8243;]<\/p>\n<h2>From Suffering to Liberation<\/h2>\n<p>[\/et_pb_text][\/et_pb_column][\/et_pb_row][et_pb_row column_structure=&#8221;2_3,1_3&#8243; _builder_version=&#8221;4.19.4&#8243; _module_preset=&#8221;default&#8221; global_colors_info=&#8221;{}&#8221;][et_pb_column type=&#8221;2_3&#8243; _builder_version=&#8221;4.19.4&#8243; _module_preset=&#8221;default&#8221; global_colors_info=&#8221;{}&#8221;][et_pb_text _builder_version=&#8221;4.20.4&#8243; _module_preset=&#8221;default&#8221; global_colors_info=&#8221;{}&#8221;]<\/p>\n<p>More than 2,500 years ago, the Indian prince Siddartha became aware of the suffering and dissatisfaction inherent to our human life. Aspiring to free himself from this, he abandoned his princely life to follow the teachings of several renunciant hermits and practiced various austerities. As asceticism did not lead him to liberation, he abandoned it in favor of a middle way beyond all extremes. He then clearly and deeply understood suffering, its origin, its cessation and the way to actualize it. Free from ignorance, he dispelled illusion and thus freed himself from all dissatisfaction. He then revealed enlightenment\u2013direct knowledge of reality as it is\u2013and became known as Buddha, the enlightened one. In response to requests from many beings, he devoted the rest of his life to sharing the wisdom he had discovered in order to help them actualize the state of Buddhahood present in each of them.<\/p>\n<p>[\/et_pb_text][\/et_pb_column][et_pb_column type=&#8221;1_3&#8243; _builder_version=&#8221;4.19.4&#8243; _module_preset=&#8221;default&#8221; global_colors_info=&#8221;{}&#8221;][et_pb_testimonial author=&#8221;Shakyamuni Buddha&#8221; _builder_version=&#8221;4.21.2&#8243; _module_preset=&#8221;572720b5-72ac-4a65-9e3f-d9811ed4046d&#8221; hover_enabled=&#8221;0&#8243; global_colors_info=&#8221;{}&#8221; sticky_enabled=&#8221;0&#8243;]<\/p>\n<p>&#8220;Abandon all harmful acts,<br \/>Accomplish all that is beneficial,<br \/>And master one&#8217;s own mind\u2013<br \/>This is the teaching of the Buddha.&#8221;<\/p>\n<p>[\/et_pb_testimonial][\/et_pb_column][\/et_pb_row][\/et_pb_section][et_pb_section fb_built=&#8221;1&#8243; _builder_version=&#8221;4.19.4&#8243; _module_preset=&#8221;default&#8221; background_color=&#8221;#FFFFFF&#8221; box_shadow_style=&#8221;preset1&#8243; box_shadow_vertical=&#8221;0px&#8221; box_shadow_blur=&#8221;6px&#8221; box_shadow_color=&#8221;rgba(0,0,0,0.1)&#8221; global_colors_info=&#8221;{}&#8221;][et_pb_row _builder_version=&#8221;4.19.4&#8243; _module_preset=&#8221;default&#8221; global_colors_info=&#8221;{}&#8221;][et_pb_column type=&#8221;4_4&#8243; _builder_version=&#8221;4.19.4&#8243; _module_preset=&#8221;default&#8221; global_colors_info=&#8221;{}&#8221;][et_pb_text _builder_version=&#8221;4.21.2&#8243; _module_preset=&#8221;05208fad-46ab-43fe-af8f-4d09e9564994&#8243; hover_enabled=&#8221;0&#8243; global_colors_info=&#8221;{}&#8221; sticky_enabled=&#8221;0&#8243;]<\/p>\n<h2>Buddhist Practice<\/h2>\n<p>[\/et_pb_text][et_pb_text _builder_version=&#8221;4.21.2&#8243; _module_preset=&#8221;0827180c-326f-4be3-9e0d-2b652458abaf&#8221; hover_enabled=&#8221;0&#8243; global_colors_info=&#8221;{}&#8221; sticky_enabled=&#8221;0&#8243;]<\/p>\n<h2>Three Indivisible Trainings<\/h2>\n<p>[\/et_pb_text][\/et_pb_column][\/et_pb_row][et_pb_row column_structure=&#8221;2_3,1_3&#8243; _builder_version=&#8221;4.19.4&#8243; _module_preset=&#8221;default&#8221; global_colors_info=&#8221;{}&#8221;][et_pb_column type=&#8221;2_3&#8243; _builder_version=&#8221;4.19.4&#8243; _module_preset=&#8221;default&#8221; global_colors_info=&#8221;{}&#8221;][et_pb_text _builder_version=&#8221;4.20.4&#8243; _module_preset=&#8221;default&#8221; global_colors_info=&#8221;{}&#8221;]<\/p>\n<p>Buddhist practice can be summarized in three fields of training:<\/p>\n<ul>\n<li><strong>Conduct<\/strong> : based on understanding, consists in abandoning harmful acts and cultivating beneficial acts in order to create conditions of life conducive to the path towards freedom from suffering and dissatisfaction.<\/li>\n<li><strong>Meditation or introspection<\/strong> : has two aspects: mental calm and higher vision. <strong> Mental calm<\/strong> consists of turning one&#8217;s gaze inward and training oneself to remain in the natural state of mind, free from all agitation. From there, <strong>the meditation of higher vision<\/strong> leads to a deep, experience-based knowledge of our true nature and that of the world of appearances.<\/li>\n<li><strong>The discernment that comes from listening, reflection and familiarization<\/strong> : progressively dissipates any misunderstanding about the true nature of mind and phenomena.<\/li>\n<\/ul>\n<p>[\/et_pb_text][\/et_pb_column][et_pb_column type=&#8221;1_3&#8243; _builder_version=&#8221;4.19.4&#8243; _module_preset=&#8221;default&#8221; global_colors_info=&#8221;{}&#8221;][et_pb_testimonial author=&#8221;Lama Jigme Rinpoche&#8221; _builder_version=&#8221;4.21.2&#8243; _module_preset=&#8221;572720b5-72ac-4a65-9e3f-d9811ed4046d&#8221; hover_enabled=&#8221;0&#8243; global_colors_info=&#8221;{}&#8221; sticky_enabled=&#8221;0&#8243;]<\/p>\n<p>&#8220;If we combine these three aspects, we will have understood the meaning of the Dharma, we will be of real help to others, and our personal life will be simple and easy.&#8221;<\/p>\n<p>[\/et_pb_testimonial][\/et_pb_column][\/et_pb_row][\/et_pb_section][et_pb_section fb_built=&#8221;1&#8243; _builder_version=&#8221;4.21.2&#8243; _module_preset=&#8221;3fbfebf7-533b-4918-ac3f-c832c6f76c3f&#8221; hover_enabled=&#8221;0&#8243; locked=&#8221;off&#8221; global_colors_info=&#8221;{}&#8221; sticky_enabled=&#8221;0&#8243;][et_pb_row column_structure=&#8221;1_4,1_4,1_4,1_4&#8243; _builder_version=&#8221;4.19.4&#8243; _module_preset=&#8221;3dc27f3d-f33b-4ed6-b328-8b3992923322&#8243; global_colors_info=&#8221;{}&#8221;][et_pb_column type=&#8221;1_4&#8243; _builder_version=&#8221;4.19.1&#8243; _module_preset=&#8221;default&#8221; global_colors_info=&#8221;{}&#8221;][et_pb_blurb title=&#8221;The Transmission Lineages&#8221; image=&#8221;http:\/\/dhagpo.org\/wp-content\/uploads\/2023\/06\/transition_lignees-transmission.jpg&#8221; alt=&#8221;The Transmission Lineages&#8221; _builder_version=&#8221;4.21.2&#8243; _module_preset=&#8221;f347b5bf-14df-4911-a25c-8514222e38a5&#8243; hover_enabled=&#8221;0&#8243; saved_tabs=&#8221;all&#8221; global_colors_info=&#8221;{}&#8221; sticky_enabled=&#8221;0&#8243;]<\/p>\n<p><span style=\"font-weight: 400;\">Au fil des si\u00e8cles, les paroles et les m\u00e9thodes du Bouddha ont \u00e9t\u00e9 transmises en Inde et dans toute l&#8217;Asie, d\u2019enseignants accomplis \u00e0 \u00e9tudiants, constituant ainsi diff\u00e9rentes lign\u00e9es de transmission authentiques.<\/span><\/p>\n<p>[\/et_pb_blurb][et_pb_button button_url=&#8221;@ET-DC@eyJkeW5hbWljIjp0cnVlLCJjb250ZW50IjoicG9zdF9saW5rX3VybF9wYWdlIiwic2V0dGluZ3MiOnsicG9zdF9pZCI6IjUzOTgifX0=@&#8221; button_text=&#8221;Learn more&#8221; _builder_version=&#8221;4.20.0&#8243; _dynamic_attributes=&#8221;button_url&#8221; _module_preset=&#8221;85c92032-e4ea-4247-a200-17a5955e0656&#8243; saved_tabs=&#8221;all&#8221; global_colors_info=&#8221;{}&#8221;][\/et_pb_button][\/et_pb_column][et_pb_column type=&#8221;1_4&#8243; _builder_version=&#8221;4.19.1&#8243; _module_preset=&#8221;default&#8221; global_colors_info=&#8221;{}&#8221;][et_pb_blurb title=&#8221;Spiritual Masters&#8221; image=&#8221;http:\/\/dhagpo.org\/wp-content\/uploads\/2023\/04\/transition_referents-spirituels.jpg&#8221; alt=&#8221;Spiritual mentors&#8221; _builder_version=&#8221;4.21.2&#8243; _module_preset=&#8221;f347b5bf-14df-4911-a25c-8514222e38a5&#8243; hover_enabled=&#8221;0&#8243; saved_tabs=&#8221;all&#8221; global_colors_info=&#8221;{}&#8221; sticky_enabled=&#8221;0&#8243;]<\/p>\n<p><span style=\"font-weight: 400;\">Si\u00e8ge europ\u00e9en de la lign\u00e9e de transmission Karma Kagy\u00fc, le centre d\u2019\u00e9tude et de m\u00e9ditation Dhagpo Kagyu Ling est actuellement plac\u00e9 sous la guidance spirituelle de Thay\u00e9 Dorj\u00e9, le 17e Gyalwa Karmapa et de Jigm\u00e9 Rinpoch\u00e9, son repr\u00e9sentant en Europe.<\/span><\/p>\n<p>[\/et_pb_blurb][et_pb_button button_url=&#8221;@ET-DC@eyJkeW5hbWljIjp0cnVlLCJjb250ZW50IjoicG9zdF9saW5rX3VybF9wYWdlIiwic2V0dGluZ3MiOnsicG9zdF9pZCI6IjQ2MjkifX0=@&#8221; button_text=&#8221;Learn more&#8221; _builder_version=&#8221;4.20.0&#8243; _dynamic_attributes=&#8221;button_url&#8221; _module_preset=&#8221;85c92032-e4ea-4247-a200-17a5955e0656&#8243; saved_tabs=&#8221;all&#8221; global_colors_info=&#8221;{}&#8221;][\/et_pb_button][\/et_pb_column][et_pb_column type=&#8221;1_4&#8243; _builder_version=&#8221;4.19.1&#8243; _module_preset=&#8221;default&#8221; global_colors_info=&#8221;{}&#8221;][et_pb_blurb title=&#8221;Becoming Anchored in Europe&#8221; image=&#8221;http:\/\/dhagpo.org\/wp-content\/uploads\/2023\/04\/transition_ancrage-europe.jpg&#8221; alt=&#8221;Becoming Anchored in Europe&#8221; _builder_version=&#8221;4.21.2&#8243; _module_preset=&#8221;f347b5bf-14df-4911-a25c-8514222e38a5&#8243; hover_enabled=&#8221;0&#8243; header_line_height_tablet=&#8221;&#8221; header_line_height_phone=&#8221;&#8221; header_line_height_last_edited=&#8221;on|desktop&#8221; saved_tabs=&#8221;all&#8221; global_colors_info=&#8221;{}&#8221; sticky_enabled=&#8221;0&#8243;]<\/p>\n<p>En r\u00e9ponse \u00e0 la requ\u00eate de ses \u00e9tudiants occidentaux, le 16e Karmapa a envoy\u00e9 en France en 1975 d\u2019\u00e9minents lamas et a expliqu\u00e9 que cinq ressources compl\u00e9mentaires \u00e9taient n\u00e9cessaires pour que l\u2019enseignement du Bouddha s\u2019ancre en Europe.<\/p>\n<p>[\/et_pb_blurb][et_pb_button button_url=&#8221;@ET-DC@eyJkeW5hbWljIjp0cnVlLCJjb250ZW50IjoicG9zdF9saW5rX3VybF9wYWdlIiwic2V0dGluZ3MiOnsicG9zdF9pZCI6IjU1NzQifX0=@&#8221; button_text=&#8221;Learn more&#8221; _builder_version=&#8221;4.20.0&#8243; _dynamic_attributes=&#8221;button_url&#8221; _module_preset=&#8221;85c92032-e4ea-4247-a200-17a5955e0656&#8243; saved_tabs=&#8221;all&#8221; global_colors_info=&#8221;{}&#8221;][\/et_pb_button][\/et_pb_column][et_pb_column type=&#8221;1_4&#8243; _builder_version=&#8221;4.19.1&#8243; _module_preset=&#8221;default&#8221; global_colors_info=&#8221;{}&#8221;][et_pb_blurb title=&#8221;Dhagpo Kagyu Ling&#8221; image=&#8221;http:\/\/dhagpo.org\/wp-content\/uploads\/2023\/04\/transition_dhagpo-kagyu-ling.jpg&#8221; alt=&#8221;Dhagpo Kagyu Ling&#8221; _builder_version=&#8221;4.21.2&#8243; _module_preset=&#8221;f347b5bf-14df-4911-a25c-8514222e38a5&#8243; hover_enabled=&#8221;0&#8243; header_line_height_tablet=&#8221;&#8221; header_line_height_phone=&#8221;&#8221; header_line_height_last_edited=&#8221;on|desktop&#8221; saved_tabs=&#8221;all&#8221; global_colors_info=&#8221;{}&#8221; sticky_enabled=&#8221;0&#8243;]<\/p>\n<p>En 1975, M. et Mme Benson ont offert au XVIe Karmapa un terrain et un corps de ferme en Dordogne pour y \u00e9tablir un centre bouddhiste. En 1977, Karmapa a nomm\u00e9 ce lieu Dhagpo Kagyu Ling, le lieu de transmission de la lign\u00e9e de Gampopa, et en a fait son si\u00e8ge europ\u00e9en.<\/p>\n<p>[\/et_pb_blurb][et_pb_button button_url=&#8221;@ET-DC@eyJkeW5hbWljIjp0cnVlLCJjb250ZW50IjoicG9zdF9saW5rX3VybF9wYWdlIiwic2V0dGluZ3MiOnsicG9zdF9pZCI6IjQ0MDIifX0=@&#8221; button_text=&#8221;Learn more&#8221; _builder_version=&#8221;4.20.0&#8243; _dynamic_attributes=&#8221;button_url&#8221; _module_preset=&#8221;85c92032-e4ea-4247-a200-17a5955e0656&#8243; saved_tabs=&#8221;all&#8221; global_colors_info=&#8221;{}&#8221;][\/et_pb_button][\/et_pb_column][\/et_pb_row][\/et_pb_section]<\/p>\n","protected":false},"excerpt":{"rendered":"<p>\tVous \u00eates ici :\n<span><span><a href=\"https:\/\/dhagpo.org\/en\/\">Accueil<\/a><\/span><\/span>A Path of WisdomFrom Suffering to LiberationMore than 2,500 years ago, the Indian prince Siddartha became aware of the suffering and dissatisfaction inherent to our human life. Aspiring to free [&hellip;]<\/p>\n","protected":false},"author":1,"featured_media":0,"parent":0,"menu_order":0,"comment_status":"closed","ping_status":"closed","template":"","meta":{"_et_pb_use_builder":"on","_et_pb_old_content":"","_et_gb_content_width":"","ngg_post_thumbnail":0,"footnotes":""},"class_list":["post-207468","page","type-page","status-publish","hentry"],"yoast_head":"<!-- This site is optimized with the Yoast SEO plugin v27.1.1 - https:\/\/yoast.com\/product\/yoast-seo-wordpress\/ -->\n<title>Buddhism - Dhagpo Kagyu Ling<\/title>\n<meta name=\"robots\" content=\"index, follow, max-snippet:-1, max-image-preview:large, max-video-preview:-1\" \/>\n<link rel=\"canonical\" href=\"https:\/\/dhagpo.org\/en\/buddhism\/\" \/>\n<meta property=\"og:locale\" content=\"en_US\" \/>\n<meta property=\"og:type\" content=\"article\" \/>\n<meta property=\"og:title\" content=\"Buddhism - Dhagpo Kagyu Ling\" \/>\n<meta property=\"og:description\" content=\"A Path of WisdomFrom Suffering to LiberationMore than 2,500 years ago, the Indian prince Siddartha became aware of the suffering and dissatisfaction inherent to our human life. Aspiring to free [&hellip;]\" \/>\n<meta property=\"og:url\" content=\"https:\/\/dhagpo.org\/en\/buddhism\/\" \/>\n<meta property=\"og:site_name\" content=\"Dhagpo Kagyu Ling\" \/>\n<meta property=\"article:modified_time\" content=\"2023-08-17T17:25:13+00:00\" \/>\n<meta name=\"twitter:card\" content=\"summary_large_image\" \/>\n<meta name=\"twitter:label1\" content=\"Est. reading time\" \/>\n\t<meta name=\"twitter:data1\" content=\"9 minutes\" \/>\n<script type=\"application\/ld+json\" class=\"yoast-schema-graph\">{\"@context\":\"https:\/\/schema.org\",\"@graph\":[{\"@type\":\"WebPage\",\"@id\":\"https:\/\/dhagpo.org\/en\/buddhism\/\",\"url\":\"https:\/\/dhagpo.org\/en\/buddhism\/\",\"name\":\"Buddhism - Dhagpo Kagyu Ling\",\"isPartOf\":{\"@id\":\"https:\/\/dhagpo.org\/#website\"},\"datePublished\":\"2023-07-29T18:48:27+00:00\",\"dateModified\":\"2023-08-17T17:25:13+00:00\",\"breadcrumb\":{\"@id\":\"https:\/\/dhagpo.org\/en\/buddhism\/#breadcrumb\"},\"inLanguage\":\"en-US\",\"potentialAction\":[{\"@type\":\"ReadAction\",\"target\":[\"https:\/\/dhagpo.org\/en\/buddhism\/\"]}]},{\"@type\":\"BreadcrumbList\",\"@id\":\"https:\/\/dhagpo.org\/en\/buddhism\/#breadcrumb\",\"itemListElement\":[{\"@type\":\"ListItem\",\"position\":1,\"name\":\"Accueil\",\"item\":\"https:\/\/dhagpo.org\/en\/\"},{\"@type\":\"ListItem\",\"position\":2,\"name\":\"Buddhism\"}]},{\"@type\":\"WebSite\",\"@id\":\"https:\/\/dhagpo.org\/#website\",\"url\":\"https:\/\/dhagpo.org\/\",\"name\":\"Dhagpo Kagyu Ling\",\"description\":\"Un lieu pour comprendre et vivre le bouddhisme\",\"potentialAction\":[{\"@type\":\"SearchAction\",\"target\":{\"@type\":\"EntryPoint\",\"urlTemplate\":\"https:\/\/dhagpo.org\/?s={search_term_string}\"},\"query-input\":{\"@type\":\"PropertyValueSpecification\",\"valueRequired\":true,\"valueName\":\"search_term_string\"}}],\"inLanguage\":\"en-US\"}]}<\/script>\n<!-- \/ Yoast SEO plugin. -->","yoast_head_json":{"title":"Buddhism - Dhagpo Kagyu Ling","robots":{"index":"index","follow":"follow","max-snippet":"max-snippet:-1","max-image-preview":"max-image-preview:large","max-video-preview":"max-video-preview:-1"},"canonical":"https:\/\/dhagpo.org\/en\/buddhism\/","og_locale":"en_US","og_type":"article","og_title":"Buddhism - Dhagpo Kagyu Ling","og_description":"A Path of WisdomFrom Suffering to LiberationMore than 2,500 years ago, the Indian prince Siddartha became aware of the suffering and dissatisfaction inherent to our human life. Aspiring to free [&hellip;]","og_url":"https:\/\/dhagpo.org\/en\/buddhism\/","og_site_name":"Dhagpo Kagyu Ling","article_modified_time":"2023-08-17T17:25:13+00:00","twitter_card":"summary_large_image","twitter_misc":{"Est. reading time":"9 minutes"},"schema":{"@context":"https:\/\/schema.org","@graph":[{"@type":"WebPage","@id":"https:\/\/dhagpo.org\/en\/buddhism\/","url":"https:\/\/dhagpo.org\/en\/buddhism\/","name":"Buddhism - Dhagpo Kagyu Ling","isPartOf":{"@id":"https:\/\/dhagpo.org\/#website"},"datePublished":"2023-07-29T18:48:27+00:00","dateModified":"2023-08-17T17:25:13+00:00","breadcrumb":{"@id":"https:\/\/dhagpo.org\/en\/buddhism\/#breadcrumb"},"inLanguage":"en-US","potentialAction":[{"@type":"ReadAction","target":["https:\/\/dhagpo.org\/en\/buddhism\/"]}]},{"@type":"BreadcrumbList","@id":"https:\/\/dhagpo.org\/en\/buddhism\/#breadcrumb","itemListElement":[{"@type":"ListItem","position":1,"name":"Accueil","item":"https:\/\/dhagpo.org\/en\/"},{"@type":"ListItem","position":2,"name":"Buddhism"}]},{"@type":"WebSite","@id":"https:\/\/dhagpo.org\/#website","url":"https:\/\/dhagpo.org\/","name":"Dhagpo Kagyu Ling","description":"Un lieu pour comprendre et vivre le bouddhisme","potentialAction":[{"@type":"SearchAction","target":{"@type":"EntryPoint","urlTemplate":"https:\/\/dhagpo.org\/?s={search_term_string}"},"query-input":{"@type":"PropertyValueSpecification","valueRequired":true,"valueName":"search_term_string"}}],"inLanguage":"en-US"}]}},"_links":{"self":[{"href":"https:\/\/dhagpo.org\/en\/wp-json\/wp\/v2\/pages\/207468","targetHints":{"allow":["GET"]}}],"collection":[{"href":"https:\/\/dhagpo.org\/en\/wp-json\/wp\/v2\/pages"}],"about":[{"href":"https:\/\/dhagpo.org\/en\/wp-json\/wp\/v2\/types\/page"}],"author":[{"embeddable":true,"href":"https:\/\/dhagpo.org\/en\/wp-json\/wp\/v2\/users\/1"}],"replies":[{"embeddable":true,"href":"https:\/\/dhagpo.org\/en\/wp-json\/wp\/v2\/comments?post=207468"}],"version-history":[{"count":9,"href":"https:\/\/dhagpo.org\/en\/wp-json\/wp\/v2\/pages\/207468\/revisions"}],"predecessor-version":[{"id":210745,"href":"https:\/\/dhagpo.org\/en\/wp-json\/wp\/v2\/pages\/207468\/revisions\/210745"}],"wp:attachment":[{"href":"https:\/\/dhagpo.org\/en\/wp-json\/wp\/v2\/media?parent=207468"}],"curies":[{"name":"wp","href":"https:\/\/api.w.org\/{rel}","templated":true}]}}