{"id":208839,"date":"2023-08-03T18:34:18","date_gmt":"2023-08-03T16:34:18","guid":{"rendered":"http:\/\/dhagpo.org\/buddhism\/dhagpo-kagyu-ling\/"},"modified":"2023-08-17T19:23:00","modified_gmt":"2023-08-17T17:23:00","slug":"dhagpo-kagyu-ling","status":"publish","type":"page","link":"https:\/\/dhagpo.org\/en\/buddhism\/dhagpo-kagyu-ling\/","title":{"rendered":"Dhagpo Kagyu Ling"},"content":{"rendered":"<p>[et_pb_section fb_built=&#8221;1&#8243; _builder_version=&#8221;4.21.0&#8243; _module_preset=&#8221;6e3af1a0-d249-4306-9d54-b5a545b0512d&#8221; background_image=&#8221;http:\/\/dhagpo.org\/wp-content\/uploads\/2023\/03\/header_entree_dkl-C-2.jpg&#8221; background_position=&#8221;bottom_center&#8221; custom_padding=&#8221;90px||97px|||&#8221; background_last_edited=&#8221;on|phone&#8221; background_image_phone=&#8221;http:\/\/dhagpo.org\/wp-content\/uploads\/2023\/07\/header_entree_dkl-mobile-2.jpg&#8221; background_enable_image_phone=&#8221;on&#8221; saved_tabs=&#8221;all&#8221; locked=&#8221;off&#8221; collapsed=&#8221;off&#8221; global_colors_info=&#8221;{}&#8221;][et_pb_row _builder_version=&#8221;4.16&#8243; locked=&#8221;off&#8221; global_colors_info=&#8221;{}&#8221;][et_pb_column type=&#8221;4_4&#8243; _builder_version=&#8221;4.16&#8243; global_colors_info=&#8221;{}&#8221;][et_pb_text _builder_version=&#8221;4.19.4&#8243; _dynamic_attributes=&#8221;content&#8221; text_text_color=&#8221;#FFFFFF&#8221; header_font=&#8221;|300|||||||&#8221; header_text_align=&#8221;left&#8221; header_text_color=&#8221;#FFFFFF&#8221; header_font_size=&#8221;39px&#8221; module_alignment=&#8221;center&#8221; custom_margin=&#8221;||0px||false|false&#8221; custom_padding=&#8221;10px||7px||false|false&#8221; custom_css_main_element=&#8221;display: inline-block;&#8221; border_color_all=&#8221;#FFFFFF&#8221; border_width_top=&#8221;1px&#8221; border_width_bottom=&#8221;1px&#8221; global_colors_info=&#8221;{}&#8221;]@ET-DC@eyJkeW5hbWljIjp0cnVlLCJjb250ZW50IjoicG9zdF90aXRsZSIsInNldHRpbmdzIjp7ImJlZm9yZSI6IjxoMT4iLCJhZnRlciI6IjwvaDE+In19@[\/et_pb_text][\/et_pb_column][\/et_pb_row][\/et_pb_section][et_pb_section fb_built=&#8221;1&#8243; _builder_version=&#8221;4.20.1&#8243; _module_preset=&#8221;default&#8221; background_color=&#8221;gcid-0e31f813-9b2e-4fdd-9a29-d8b4986da10d&#8221; custom_margin=&#8221;0px||0px||false|false&#8221; custom_padding=&#8221;0px||0px||false|false&#8221; saved_tabs=&#8221;all&#8221; locked=&#8221;off&#8221; global_colors_info=&#8221;{%22gcid-0e31f813-9b2e-4fdd-9a29-d8b4986da10d%22:%91%22background_color%22%93}&#8221;][et_pb_row _builder_version=&#8221;4.20.2&#8243; _module_preset=&#8221;default&#8221; custom_padding=&#8221;5px||2px||false|false&#8221; global_colors_info=&#8221;{}&#8221;][et_pb_column type=&#8221;4_4&#8243; _builder_version=&#8221;4.20.1&#8243; _module_preset=&#8221;default&#8221; global_colors_info=&#8221;{}&#8221;][et_pb_text _builder_version=&#8221;4.21.0&#8243; _module_preset=&#8221;default&#8221; text_font_size=&#8221;14px&#8221; custom_margin=&#8221;0px||5px||false|false&#8221; custom_padding=&#8221;0px||0px||false|false&#8221; global_colors_info=&#8221;{}&#8221;]<\/p>\n\tVous \u00eates ici :\n<span><span><a href=\"https:\/\/dhagpo.org\/en\/\">Accueil<\/a><\/span><\/span>\n<p>[\/et_pb_text][\/et_pb_column][\/et_pb_row][\/et_pb_section][et_pb_section fb_built=&#8221;1&#8243; _builder_version=&#8221;4.20.0&#8243; _module_preset=&#8221;default&#8221; global_colors_info=&#8221;{}&#8221;][et_pb_row _builder_version=&#8221;4.19.4&#8243; _module_preset=&#8221;default&#8221; locked=&#8221;off&#8221; global_colors_info=&#8221;{}&#8221;][et_pb_column type=&#8221;4_4&#8243; _builder_version=&#8221;4.19.4&#8243; _module_preset=&#8221;default&#8221; global_colors_info=&#8221;{}&#8221;][et_pb_text admin_label=&#8221;Texte&#8221; _builder_version=&#8221;4.21.2&#8243; _module_preset=&#8221;ea086567-139a-4130-90fb-e4f237599a16&#8243; hover_enabled=&#8221;0&#8243; global_colors_info=&#8221;{}&#8221; sticky_enabled=&#8221;0&#8243;]<\/p>\n<h2>Living the Three Aspects of Practice<\/h2>\n<p>[\/et_pb_text][\/et_pb_column][\/et_pb_row][et_pb_row column_structure=&#8221;3_5,2_5&#8243; _builder_version=&#8221;4.16&#8243; _module_preset=&#8221;default&#8221; global_colors_info=&#8221;{}&#8221;][et_pb_column type=&#8221;3_5&#8243; _builder_version=&#8221;4.16&#8243; _module_preset=&#8221;default&#8221; global_colors_info=&#8221;{}&#8221;][et_pb_text _builder_version=&#8221;4.20.4&#8243; _module_preset=&#8221;default&#8221; global_colors_info=&#8221;{}&#8221;]<\/p>\n<p>In 1975, Mr. Benson offered the 16<span style=\"font-size: x-small;\"><sup>th<\/sup><\/span> Karmapa a piece of land and a farmhouse in the Dordogne for the creation of a Buddhist center. In 1977, Karmapa named this place Dhagpo Kagyu Ling &#8220;the transmission place of Gampopa\u2019s lineage&#8221; and made it his European seat. The Dhagpo Kagyu Ling Association was founded to organize the teachings there. In 1988, &#8220;Karm\u00e9 Dharma Chakra&#8221; became the first Buddhist monastic congregation recognized by the French government.<\/p>\n<p>Thanks to the contributions of many teachers, benefactors and volunteers, the center&#8217;s activity has gradually expanded. Today, Dhagpo&#8217;s rich and varied program offers many opportunities to better understand and live Buddhism through its threefold practice of study, meditation and daily application. Each of these practices consists of listening to the teachings, reflecting on them, and becoming familiar with them.<\/p>\n<p>[\/et_pb_text][\/et_pb_column][et_pb_column type=&#8221;2_5&#8243; _builder_version=&#8221;4.16&#8243; _module_preset=&#8221;default&#8221; global_colors_info=&#8221;{}&#8221;][et_pb_testimonial author=&#8221;Thaye Dorje, the 17th Gyalwa Karmapa&#8221; _builder_version=&#8221;4.21.0&#8243; _module_preset=&#8221;0f85251a-418e-42f3-a3f5-6e287b7c0f7e&#8221; locked=&#8221;off&#8221; global_colors_info=&#8221;{}&#8221;]<\/p>\n<p>&#8220;Dhagpo Kagyu Ling is a place where authentic Dharma teaching can be shared for the benefit of all beings. [&#8230;] Let us rejoice. Let us appreciate together what this environment can bring to cultivate compassion and wisdom for all sentient beings.&#8221;<\/p>\n<p>[\/et_pb_testimonial][\/et_pb_column][\/et_pb_row][\/et_pb_section][et_pb_section fb_built=&#8221;1&#8243; module_id=&#8221;contact&#8221; _builder_version=&#8221;4.16&#8243; _module_preset=&#8221;default&#8221; custom_padding=&#8221;31px||45px|||&#8221; box_shadow_style=&#8221;preset2&#8243; box_shadow_horizontal=&#8221;1px&#8221; box_shadow_vertical=&#8221;1px&#8221; box_shadow_blur=&#8221;3px&#8221; global_colors_info=&#8221;{}&#8221;][et_pb_row column_structure=&#8221;2_5,3_5&#8243; _builder_version=&#8221;4.20.2&#8243; _module_preset=&#8221;b5e24618-03b4-4f1e-938e-e62d1cc9e521&#8243; global_colors_info=&#8221;{}&#8221;][et_pb_column type=&#8221;2_5&#8243; _builder_version=&#8221;4.16&#8243; _module_preset=&#8221;default&#8221; global_colors_info=&#8221;{}&#8221;][et_pb_image src=&#8221;http:\/\/dhagpo.org\/wp-content\/uploads\/2023\/03\/axe_apprendre.jpg&#8221; title_text=&#8221;axe_learn&#8221; _builder_version=&#8221;4.20.2&#8243; _module_preset=&#8221;default&#8221; locked=&#8221;off&#8221; global_colors_info=&#8221;{}&#8221;][\/et_pb_image][\/et_pb_column][et_pb_column type=&#8221;3_5&#8243; _builder_version=&#8221;4.16&#8243; _module_preset=&#8221;default&#8221; global_colors_info=&#8221;{}&#8221;][et_pb_text _builder_version=&#8221;4.21.2&#8243; _module_preset=&#8221;ea086567-139a-4130-90fb-e4f237599a16&#8243; hover_enabled=&#8221;0&#8243; global_colors_info=&#8221;{}&#8221; sticky_enabled=&#8221;0&#8243;]<\/p>\n<h2>Learning the Dharma<\/h2>\n<p>[\/et_pb_text][et_pb_text _builder_version=&#8221;4.20.4&#8243; _module_preset=&#8221;default&#8221; global_colors_info=&#8221;{}&#8221;]<\/p>\n<p>The practice of study gives appropriate direction to our meditation and daily life and allows us to know what to cultivate and what to give up in order to progress on the path.<\/p>\n<p>Everyone can study the essential concepts and fundamental texts of Buddhism at their own pace. A progressive curriculum led by Lama Jigme Rinpoche offers themes to study and meditations to apply based on the curriculum developed by the teachers of the lineage.<\/p>\n<p>Studying in a group and training in presenting what you have learned to others is part of the learning process that allows for both not forgetting and clarifying understanding.<\/p>\n<p>[\/et_pb_text][et_pb_button button_url=&#8221;@ET-DC@eyJkeW5hbWljIjp0cnVlLCJjb250ZW50IjoicG9zdF9saW5rX3VybF9wYWdlIiwic2V0dGluZ3MiOnsicG9zdF9pZCI6IjQ5MzEifX0=@&#8221; button_text=&#8221;Program&#8221; _builder_version=&#8221;4.21.2&#8243; _dynamic_attributes=&#8221;button_url&#8221; _module_preset=&#8221;default&#8221; global_colors_info=&#8221;{}&#8221;][\/et_pb_button][\/et_pb_column][\/et_pb_row][et_pb_row column_structure=&#8221;2_5,3_5&#8243; _builder_version=&#8221;4.20.2&#8243; _module_preset=&#8221;b5e24618-03b4-4f1e-938e-e62d1cc9e521&#8243; global_colors_info=&#8221;{}&#8221;][et_pb_column type=&#8221;2_5&#8243; _builder_version=&#8221;4.16&#8243; _module_preset=&#8221;default&#8221; global_colors_info=&#8221;{}&#8221;][et_pb_image src=&#8221;http:\/\/dhagpo.org\/wp-content\/uploads\/2023\/03\/encart_mediter.jpg&#8221; title_text=&#8221;encart_meditate&#8221; _builder_version=&#8221;4.20.2&#8243; _module_preset=&#8221;default&#8221; global_colors_info=&#8221;{}&#8221;][\/et_pb_image][\/et_pb_column][et_pb_column type=&#8221;3_5&#8243; _builder_version=&#8221;4.16&#8243; _module_preset=&#8221;default&#8221; global_colors_info=&#8221;{}&#8221;][et_pb_text _builder_version=&#8221;4.21.2&#8243; _module_preset=&#8221;ea086567-139a-4130-90fb-e4f237599a16&#8243; hover_enabled=&#8221;0&#8243; global_colors_info=&#8221;{}&#8221; sticky_enabled=&#8221;0&#8243;]<\/p>\n<h2>Practicing Meditation<\/h2>\n<p>[\/et_pb_text][et_pb_text _builder_version=&#8221;4.20.4&#8243; _module_preset=&#8221;default&#8221; header_4_font=&#8221;||||||||&#8221; global_colors_info=&#8221;{}&#8221;]<\/p>\n<p>Meditation, also called introspection or familiarization, has two aspects: mental calm and higher vision. Mental calm consists in turning one&#8217;s gaze inward and training oneself to remain in mind\u2019s natural state free of all agitation. From there, the meditation of the higher vision leads to a deep, experience-based knowledge of our true nature and that of the world of appearances.<\/p>\n<p>Courses and retreats held throughout the year at Dhagpo offer different ways to approach and deepen meditation.<\/p>\n<p><a href=\"http:\/\/dhagpo.org\/programme\/pratiques-regulieres\/\">Regular meditation practices<\/a> open to all, at Dhagpo and online, allow everyone to continue their meditative training, alone and in groups, at home and at Dhagpo.<\/p>\n<p>[\/et_pb_text][et_pb_button button_url=&#8221;@ET-DC@eyJkeW5hbWljIjp0cnVlLCJjb250ZW50IjoicG9zdF9saW5rX3VybF9wYWdlIiwic2V0dGluZ3MiOnsicG9zdF9pZCI6IjQ5MzEifX0=@&#8221; button_text=&#8221;Programme&#8221; _builder_version=&#8221;4.21.0&#8243; _dynamic_attributes=&#8221;button_url&#8221; _module_preset=&#8221;default&#8221; locked=&#8221;off&#8221; global_colors_info=&#8221;{}&#8221;][\/et_pb_button][\/et_pb_column][\/et_pb_row][et_pb_row column_structure=&#8221;2_5,3_5&#8243; _builder_version=&#8221;4.20.2&#8243; _module_preset=&#8221;b5e24618-03b4-4f1e-938e-e62d1cc9e521&#8243; border_width_bottom=&#8221;0px&#8221; global_colors_info=&#8221;{}&#8221;][et_pb_column type=&#8221;2_5&#8243; _builder_version=&#8221;4.16&#8243; _module_preset=&#8221;default&#8221; global_colors_info=&#8221;{}&#8221;][et_pb_image src=&#8221;http:\/\/dhagpo.org\/wp-content\/uploads\/2023\/03\/encart_mettre-en-oeuvrer.jpg&#8221; title_text=&#8221;encart_implement&#8221; _builder_version=&#8221;4.20.2&#8243; _module_preset=&#8221;default&#8221; global_colors_info=&#8221;{}&#8221;][\/et_pb_image][\/et_pb_column][et_pb_column type=&#8221;3_5&#8243; _builder_version=&#8221;4.16&#8243; _module_preset=&#8221;default&#8221; global_colors_info=&#8221;{}&#8221;][et_pb_text _builder_version=&#8221;4.21.2&#8243; _module_preset=&#8221;ea086567-139a-4130-90fb-e4f237599a16&#8243; hover_enabled=&#8221;0&#8243; global_colors_info=&#8221;{}&#8221; sticky_enabled=&#8221;0&#8243;]<\/p>\n<h2>Daily Implementation<\/h2>\n<p>[\/et_pb_text][et_pb_text _builder_version=&#8221;4.20.4&#8243; _module_preset=&#8221;default&#8221; header_4_font=&#8221;||||||||&#8221; custom_padding=&#8221;0px|||||&#8221; global_colors_info=&#8221;{}&#8221;]<\/p>\n<p>Daily implementation consists of training in the application of the Dharma based on the understanding gained through study and meditation. This training consists of acting in a beneficial way and avoiding harmful acts, thus enabling us to gather favorable conditions. It supports our progress on the path to liberation from suffering by giving us the opportunity to evaluate our progress ourselves from day to day.<\/p>\n<p>Dhagpo&#8217;s activity offers many opportunities to cultivate the six enlightened qualities of generosity, refreshing conduct, patience, perseverance, mental stability and discernment.<br \/>Depending on the needs of the center and your skills and availability, it is possible to participate in Dhagpo\u2019s activity on an occasional or regular basis, or by immersing oneself in community life.<\/p>\n<p>[\/et_pb_text][et_pb_button button_url=&#8221;http:\/\/dhagpo.org\/etre-au-service\/&#8221; button_text=&#8221;Implement &#8221; _builder_version=&#8221;4.21.0&#8243; _module_preset=&#8221;default&#8221; global_colors_info=&#8221;{}&#8221;][\/et_pb_button][\/et_pb_column][\/et_pb_row][\/et_pb_section][et_pb_section fb_built=&#8221;1&#8243; _builder_version=&#8221;4.21.2&#8243; _module_preset=&#8221;3fbfebf7-533b-4918-ac3f-c832c6f76c3f&#8221; hover_enabled=&#8221;0&#8243; locked=&#8221;off&#8221; global_colors_info=&#8221;{}&#8221; sticky_enabled=&#8221;0&#8243;][et_pb_row column_structure=&#8221;1_4,1_4,1_4,1_4&#8243; make_equal=&#8221;on&#8221; module_class=&#8221;dkl_row_align_buttons&#8221; _builder_version=&#8221;4.19.4&#8243; _module_preset=&#8221;default&#8221; custom_margin=&#8221;0px||0px||false|false&#8221; global_colors_info=&#8221;{}&#8221;][et_pb_column type=&#8221;1_4&#8243; _builder_version=&#8221;4.19.1&#8243; _module_preset=&#8221;default&#8221; global_colors_info=&#8221;{}&#8221;][et_pb_blurb title=&#8221;Buddhism&#8221; image=&#8221;http:\/\/dhagpo.org\/wp-content\/uploads\/2023\/02\/transition_bouddhisme-43-test.jpg&#8221; _builder_version=&#8221;4.21.2&#8243; _module_preset=&#8221;539b70f6-4fe0-4ad4-85f4-9ea3d945de6a&#8221; hover_enabled=&#8221;0&#8243; saved_tabs=&#8221;all&#8221; global_colors_info=&#8221;{}&#8221; sticky_enabled=&#8221;0&#8243;]<\/p>\n<p><span style=\"font-weight: 400;\">Il y a plus de 2500 ans, le prince indien Siddartha prenait conscience du mal-\u00eatre et de l\u2019insatisfaction inh\u00e9rents \u00e0 notre vie humaine. <\/span><span style=\"font-weight: 400;\">Aspirant \u00e0 s\u2019en lib\u00e9rer, il abandonna sa vie princi\u00e8re pour suivre les enseignements de plusieurs ermites renon\u00e7ants et pratiqua diverses aust\u00e9rit\u00e9s. <\/span><\/p>\n<p>[\/et_pb_blurb][et_pb_button button_url=&#8221;@ET-DC@eyJkeW5hbWljIjp0cnVlLCJjb250ZW50IjoicG9zdF9saW5rX3VybF9wYWdlIiwic2V0dGluZ3MiOnsicG9zdF9pZCI6IjUzNDMifX0=@&#8221; button_text=&#8221;Learn more&#8221; _builder_version=&#8221;4.20.2&#8243; _dynamic_attributes=&#8221;button_url&#8221; _module_preset=&#8221;85c92032-e4ea-4247-a200-17a5955e0656&#8243; saved_tabs=&#8221;all&#8221; global_colors_info=&#8221;{}&#8221;][\/et_pb_button][\/et_pb_column][et_pb_column type=&#8221;1_4&#8243; _builder_version=&#8221;4.19.1&#8243; _module_preset=&#8221;default&#8221; global_colors_info=&#8221;{}&#8221;][et_pb_blurb title=&#8221;The Transmission Lineages&#8221; image=&#8221;http:\/\/dhagpo.org\/wp-content\/uploads\/2023\/06\/transition_lignees-transmission.jpg&#8221; alt=&#8221;The Transmission Lineages&#8221; _builder_version=&#8221;4.21.2&#8243; _module_preset=&#8221;539b70f6-4fe0-4ad4-85f4-9ea3d945de6a&#8221; hover_enabled=&#8221;0&#8243; saved_tabs=&#8221;all&#8221; locked=&#8221;off&#8221; global_colors_info=&#8221;{}&#8221; sticky_enabled=&#8221;0&#8243;]<\/p>\n<p><span style=\"font-weight: 400;\">Au fil des si\u00e8cles, les paroles et les m\u00e9thodes du Bouddha ont \u00e9t\u00e9 transmises en Inde et dans toute l&#8217;Asie, d\u2019enseignants accomplis \u00e0 \u00e9tudiants, constituant ainsi diff\u00e9rentes lign\u00e9es de transmission authentiques.<\/span><\/p>\n<p>[\/et_pb_blurb][et_pb_button button_url=&#8221;@ET-DC@eyJkeW5hbWljIjp0cnVlLCJjb250ZW50IjoicG9zdF9saW5rX3VybF9wYWdlIiwic2V0dGluZ3MiOnsicG9zdF9pZCI6IjUzOTgifX0=@&#8221; button_text=&#8221;Learn more&#8221; _builder_version=&#8221;4.20.0&#8243; _dynamic_attributes=&#8221;button_url&#8221; _module_preset=&#8221;85c92032-e4ea-4247-a200-17a5955e0656&#8243; global_colors_info=&#8221;{}&#8221;][\/et_pb_button][\/et_pb_column][et_pb_column type=&#8221;1_4&#8243; _builder_version=&#8221;4.19.1&#8243; _module_preset=&#8221;default&#8221; global_colors_info=&#8221;{}&#8221;][et_pb_blurb title=&#8221;Spiritual guides&#8221; image=&#8221;http:\/\/dhagpo.org\/wp-content\/uploads\/2023\/04\/transition_referents-spirituels.jpg&#8221; alt=&#8221;Spiritual guides&#8221; _builder_version=&#8221;4.21.2&#8243; _module_preset=&#8221;539b70f6-4fe0-4ad4-85f4-9ea3d945de6a&#8221; hover_enabled=&#8221;0&#8243; saved_tabs=&#8221;all&#8221; global_colors_info=&#8221;{}&#8221; sticky_enabled=&#8221;0&#8243;]<\/p>\n<p><span style=\"font-weight: 400;\">Si\u00e8ge europ\u00e9en de la lign\u00e9e de transmission Karma Kagy\u00fc, le centre d\u2019\u00e9tude et de m\u00e9ditation Dhagpo Kagyu Ling est actuellement plac\u00e9 sous la guidance spirituelle de Thay\u00e9 Dorj\u00e9, le 17e Gyalwa Karmapa et de Jigm\u00e9 Rinpoch\u00e9, son repr\u00e9sentant en Europe.<\/span><\/p>\n<p>[\/et_pb_blurb][et_pb_button button_url=&#8221;@ET-DC@eyJkeW5hbWljIjp0cnVlLCJjb250ZW50IjoicG9zdF9saW5rX3VybF9wYWdlIiwic2V0dGluZ3MiOnsicG9zdF9pZCI6IjQ2MjkifX0=@&#8221; button_text=&#8221;Learn more&#8221; _builder_version=&#8221;4.20.0&#8243; _dynamic_attributes=&#8221;button_url&#8221; _module_preset=&#8221;85c92032-e4ea-4247-a200-17a5955e0656&#8243; global_colors_info=&#8221;{}&#8221;][\/et_pb_button][\/et_pb_column][et_pb_column type=&#8221;1_4&#8243; _builder_version=&#8221;4.19.1&#8243; _module_preset=&#8221;default&#8221; global_colors_info=&#8221;{}&#8221;][et_pb_blurb title=&#8221;Becoming Anchored in Europe&#8221; image=&#8221;http:\/\/dhagpo.org\/wp-content\/uploads\/2023\/04\/transition_ancrage-europe.jpg&#8221; alt=&#8221;Becoming Anchored in Europe<br \/>\n&#8221; _builder_version=&#8221;4.21.2&#8243; _module_preset=&#8221;539b70f6-4fe0-4ad4-85f4-9ea3d945de6a&#8221; hover_enabled=&#8221;0&#8243; header_line_height_tablet=&#8221;&#8221; header_line_height_phone=&#8221;&#8221; header_line_height_last_edited=&#8221;on|desktop&#8221; saved_tabs=&#8221;all&#8221; global_colors_info=&#8221;{}&#8221; sticky_enabled=&#8221;0&#8243;]<\/p>\n<p>En r\u00e9ponse \u00e0 la requ\u00eate de ses \u00e9tudiants occidentaux, le 16e Karmapa a envoy\u00e9 en France en 1975 d\u2019\u00e9minents lamas et a expliqu\u00e9 que cinq ressources compl\u00e9mentaires \u00e9taient n\u00e9cessaires pour que l\u2019enseignement du Bouddha s\u2019ancre en Europe.<\/p>\n<p>[\/et_pb_blurb][et_pb_button button_url=&#8221;@ET-DC@eyJkeW5hbWljIjp0cnVlLCJjb250ZW50IjoicG9zdF9saW5rX3VybF9wYWdlIiwic2V0dGluZ3MiOnsicG9zdF9pZCI6IjU1NzQifX0=@&#8221; button_text=&#8221;Learn more&#8221; _builder_version=&#8221;4.20.0&#8243; _dynamic_attributes=&#8221;button_url&#8221; _module_preset=&#8221;85c92032-e4ea-4247-a200-17a5955e0656&#8243; global_colors_info=&#8221;{}&#8221;][\/et_pb_button][\/et_pb_column][\/et_pb_row][\/et_pb_section]<\/p>\n","protected":false},"excerpt":{"rendered":"<p>\tVous \u00eates ici :\n<span><span><a href=\"https:\/\/dhagpo.org\/en\/\">Accueil<\/a><\/span><\/span>Living the Three Aspects of PracticeIn 1975, Mr. Benson offered the 16th Karmapa a piece of land and a farmhouse in the Dordogne for the creation of a Buddhist center. [&hellip;]<\/p>\n","protected":false},"author":11,"featured_media":0,"parent":207468,"menu_order":0,"comment_status":"closed","ping_status":"closed","template":"","meta":{"_et_pb_use_builder":"on","_et_pb_old_content":"","_et_gb_content_width":"","ngg_post_thumbnail":0,"footnotes":""},"class_list":["post-208839","page","type-page","status-publish","hentry"],"yoast_head":"<!-- This site is optimized with the Yoast SEO plugin v27.1.1 - https:\/\/yoast.com\/product\/yoast-seo-wordpress\/ -->\n<title>Dhagpo Kagyu Ling - Dhagpo Kagyu Ling<\/title>\n<meta name=\"robots\" content=\"index, follow, max-snippet:-1, max-image-preview:large, max-video-preview:-1\" \/>\n<link rel=\"canonical\" href=\"https:\/\/dhagpo.org\/en\/buddhism\/dhagpo-kagyu-ling\/\" \/>\n<meta property=\"og:locale\" content=\"en_US\" \/>\n<meta property=\"og:type\" content=\"article\" \/>\n<meta property=\"og:title\" content=\"Dhagpo Kagyu Ling - Dhagpo Kagyu Ling\" \/>\n<meta property=\"og:description\" content=\"Living the Three Aspects of PracticeIn 1975, Mr. Benson offered the 16th Karmapa a piece of land and a farmhouse in the Dordogne for the creation of a Buddhist center. [&hellip;]\" \/>\n<meta property=\"og:url\" content=\"https:\/\/dhagpo.org\/en\/buddhism\/dhagpo-kagyu-ling\/\" \/>\n<meta property=\"og:site_name\" content=\"Dhagpo Kagyu Ling\" \/>\n<meta property=\"article:modified_time\" content=\"2023-08-17T17:23:00+00:00\" \/>\n<meta name=\"twitter:card\" content=\"summary_large_image\" \/>\n<meta name=\"twitter:label1\" content=\"Est. reading time\" \/>\n\t<meta name=\"twitter:data1\" content=\"6 minutes\" \/>\n<script type=\"application\/ld+json\" class=\"yoast-schema-graph\">{\"@context\":\"https:\/\/schema.org\",\"@graph\":[{\"@type\":\"WebPage\",\"@id\":\"https:\/\/dhagpo.org\/en\/buddhism\/dhagpo-kagyu-ling\/\",\"url\":\"https:\/\/dhagpo.org\/en\/buddhism\/dhagpo-kagyu-ling\/\",\"name\":\"Dhagpo Kagyu Ling - Dhagpo Kagyu Ling\",\"isPartOf\":{\"@id\":\"https:\/\/dhagpo.org\/#website\"},\"datePublished\":\"2023-08-03T16:34:18+00:00\",\"dateModified\":\"2023-08-17T17:23:00+00:00\",\"breadcrumb\":{\"@id\":\"https:\/\/dhagpo.org\/en\/buddhism\/dhagpo-kagyu-ling\/#breadcrumb\"},\"inLanguage\":\"en-US\",\"potentialAction\":[{\"@type\":\"ReadAction\",\"target\":[\"https:\/\/dhagpo.org\/en\/buddhism\/dhagpo-kagyu-ling\/\"]}]},{\"@type\":\"BreadcrumbList\",\"@id\":\"https:\/\/dhagpo.org\/en\/buddhism\/dhagpo-kagyu-ling\/#breadcrumb\",\"itemListElement\":[{\"@type\":\"ListItem\",\"position\":1,\"name\":\"Accueil\",\"item\":\"https:\/\/dhagpo.org\/en\/\"},{\"@type\":\"ListItem\",\"position\":2,\"name\":\"Buddhism\",\"item\":\"https:\/\/dhagpo.org\/en\/buddhism\/\"},{\"@type\":\"ListItem\",\"position\":3,\"name\":\"Dhagpo Kagyu Ling\"}]},{\"@type\":\"WebSite\",\"@id\":\"https:\/\/dhagpo.org\/#website\",\"url\":\"https:\/\/dhagpo.org\/\",\"name\":\"Dhagpo Kagyu Ling\",\"description\":\"Un lieu pour comprendre et vivre le bouddhisme\",\"potentialAction\":[{\"@type\":\"SearchAction\",\"target\":{\"@type\":\"EntryPoint\",\"urlTemplate\":\"https:\/\/dhagpo.org\/?s={search_term_string}\"},\"query-input\":{\"@type\":\"PropertyValueSpecification\",\"valueRequired\":true,\"valueName\":\"search_term_string\"}}],\"inLanguage\":\"en-US\"}]}<\/script>\n<!-- \/ Yoast SEO plugin. -->","yoast_head_json":{"title":"Dhagpo Kagyu Ling - Dhagpo Kagyu Ling","robots":{"index":"index","follow":"follow","max-snippet":"max-snippet:-1","max-image-preview":"max-image-preview:large","max-video-preview":"max-video-preview:-1"},"canonical":"https:\/\/dhagpo.org\/en\/buddhism\/dhagpo-kagyu-ling\/","og_locale":"en_US","og_type":"article","og_title":"Dhagpo Kagyu Ling - Dhagpo Kagyu Ling","og_description":"Living the Three Aspects of PracticeIn 1975, Mr. Benson offered the 16th Karmapa a piece of land and a farmhouse in the Dordogne for the creation of a Buddhist center. [&hellip;]","og_url":"https:\/\/dhagpo.org\/en\/buddhism\/dhagpo-kagyu-ling\/","og_site_name":"Dhagpo Kagyu Ling","article_modified_time":"2023-08-17T17:23:00+00:00","twitter_card":"summary_large_image","twitter_misc":{"Est. reading time":"6 minutes"},"schema":{"@context":"https:\/\/schema.org","@graph":[{"@type":"WebPage","@id":"https:\/\/dhagpo.org\/en\/buddhism\/dhagpo-kagyu-ling\/","url":"https:\/\/dhagpo.org\/en\/buddhism\/dhagpo-kagyu-ling\/","name":"Dhagpo Kagyu Ling - Dhagpo Kagyu Ling","isPartOf":{"@id":"https:\/\/dhagpo.org\/#website"},"datePublished":"2023-08-03T16:34:18+00:00","dateModified":"2023-08-17T17:23:00+00:00","breadcrumb":{"@id":"https:\/\/dhagpo.org\/en\/buddhism\/dhagpo-kagyu-ling\/#breadcrumb"},"inLanguage":"en-US","potentialAction":[{"@type":"ReadAction","target":["https:\/\/dhagpo.org\/en\/buddhism\/dhagpo-kagyu-ling\/"]}]},{"@type":"BreadcrumbList","@id":"https:\/\/dhagpo.org\/en\/buddhism\/dhagpo-kagyu-ling\/#breadcrumb","itemListElement":[{"@type":"ListItem","position":1,"name":"Accueil","item":"https:\/\/dhagpo.org\/en\/"},{"@type":"ListItem","position":2,"name":"Buddhism","item":"https:\/\/dhagpo.org\/en\/buddhism\/"},{"@type":"ListItem","position":3,"name":"Dhagpo Kagyu Ling"}]},{"@type":"WebSite","@id":"https:\/\/dhagpo.org\/#website","url":"https:\/\/dhagpo.org\/","name":"Dhagpo Kagyu Ling","description":"Un lieu pour comprendre et vivre le bouddhisme","potentialAction":[{"@type":"SearchAction","target":{"@type":"EntryPoint","urlTemplate":"https:\/\/dhagpo.org\/?s={search_term_string}"},"query-input":{"@type":"PropertyValueSpecification","valueRequired":true,"valueName":"search_term_string"}}],"inLanguage":"en-US"}]}},"_links":{"self":[{"href":"https:\/\/dhagpo.org\/en\/wp-json\/wp\/v2\/pages\/208839","targetHints":{"allow":["GET"]}}],"collection":[{"href":"https:\/\/dhagpo.org\/en\/wp-json\/wp\/v2\/pages"}],"about":[{"href":"https:\/\/dhagpo.org\/en\/wp-json\/wp\/v2\/types\/page"}],"author":[{"embeddable":true,"href":"https:\/\/dhagpo.org\/en\/wp-json\/wp\/v2\/users\/11"}],"replies":[{"embeddable":true,"href":"https:\/\/dhagpo.org\/en\/wp-json\/wp\/v2\/comments?post=208839"}],"version-history":[{"count":5,"href":"https:\/\/dhagpo.org\/en\/wp-json\/wp\/v2\/pages\/208839\/revisions"}],"predecessor-version":[{"id":210741,"href":"https:\/\/dhagpo.org\/en\/wp-json\/wp\/v2\/pages\/208839\/revisions\/210741"}],"up":[{"embeddable":true,"href":"https:\/\/dhagpo.org\/en\/wp-json\/wp\/v2\/pages\/207468"}],"wp:attachment":[{"href":"https:\/\/dhagpo.org\/en\/wp-json\/wp\/v2\/media?parent=208839"}],"curies":[{"name":"wp","href":"https:\/\/api.w.org\/{rel}","templated":true}]}}