{"id":209631,"date":"2023-08-05T17:55:51","date_gmt":"2023-08-05T15:55:51","guid":{"rendered":"http:\/\/dhagpo.org\/resources\/"},"modified":"2023-10-31T10:38:57","modified_gmt":"2023-10-31T09:38:57","slug":"resources","status":"publish","type":"page","link":"https:\/\/dhagpo.org\/en\/resources\/","title":{"rendered":"Resources"},"content":{"rendered":"<p>[et_pb_section fb_built=&#8221;1&#8243; _builder_version=&#8221;4.21.2&#8243; _module_preset=&#8221;6e3af1a0-d249-4306-9d54-b5a545b0512d&#8221; background_enable_color=&#8221;off&#8221; use_background_color_gradient=&#8221;on&#8221; background_color_gradient_direction=&#8221;90deg&#8221; background_color_gradient_stops=&#8221;rgba(12,10,10,0.41) 1%|rgba(33,18,18,0.1) 60%&#8221; background_color_gradient_overlays_image=&#8221;on&#8221; background_image=&#8221;http:\/\/dhagpo.org\/wp-content\/uploads\/2023\/07\/bandeau_ressources.jpg&#8221; custom_padding=&#8221;90px||97px|||&#8221; saved_tabs=&#8221;all&#8221; locked=&#8221;off&#8221; collapsed=&#8221;off&#8221; global_colors_info=&#8221;{}&#8221;][et_pb_row _builder_version=&#8221;4.16&#8243; locked=&#8221;off&#8221; global_colors_info=&#8221;{}&#8221;][et_pb_column type=&#8221;4_4&#8243; _builder_version=&#8221;4.16&#8243; global_colors_info=&#8221;{}&#8221;][et_pb_text _builder_version=&#8221;4.21.2&#8243; _dynamic_attributes=&#8221;content&#8221; text_text_color=&#8221;#FFFFFF&#8221; header_font=&#8221;|300|||||||&#8221; header_text_align=&#8221;left&#8221; header_text_color=&#8221;#FFFFFF&#8221; header_font_size=&#8221;39px&#8221; module_alignment=&#8221;center&#8221; custom_margin=&#8221;||0px||false|false&#8221; custom_padding=&#8221;10px||7px||false|false&#8221; custom_css_main_element=&#8221;display: inline-block;&#8221; border_color_all=&#8221;#FFFFFF&#8221; border_width_top=&#8221;1px&#8221; border_width_bottom=&#8221;1px&#8221; global_colors_info=&#8221;{}&#8221;]@ET-DC@eyJkeW5hbWljIjp0cnVlLCJjb250ZW50IjoicG9zdF90aXRsZSIsInNldHRpbmdzIjp7ImJlZm9yZSI6IjxoMT4iLCJhZnRlciI6IjwvaDE+In19@[\/et_pb_text][\/et_pb_column][\/et_pb_row][\/et_pb_section][et_pb_section fb_built=&#8221;1&#8243; _builder_version=&#8221;4.20.1&#8243; _module_preset=&#8221;default&#8221; background_color=&#8221;gcid-0e31f813-9b2e-4fdd-9a29-d8b4986da10d&#8221; custom_margin=&#8221;0px||0px||false|false&#8221; custom_padding=&#8221;0px||0px||false|false&#8221; saved_tabs=&#8221;all&#8221; locked=&#8221;off&#8221; global_colors_info=&#8221;{%22gcid-0e31f813-9b2e-4fdd-9a29-d8b4986da10d%22:%91%22background_color%22%93}&#8221;][et_pb_row _builder_version=&#8221;4.20.2&#8243; _module_preset=&#8221;default&#8221; custom_padding=&#8221;5px||2px||false|false&#8221; global_colors_info=&#8221;{}&#8221;][et_pb_column type=&#8221;4_4&#8243; _builder_version=&#8221;4.20.1&#8243; _module_preset=&#8221;default&#8221; global_colors_info=&#8221;{}&#8221;][et_pb_text _builder_version=&#8221;4.21.0&#8243; _module_preset=&#8221;default&#8221; text_font_size=&#8221;14px&#8221; custom_margin=&#8221;0px||5px||false|false&#8221; custom_padding=&#8221;0px||0px||false|false&#8221; global_colors_info=&#8221;{}&#8221;]<\/p>\n\tVous \u00eates ici :\n<span><span><a href=\"https:\/\/dhagpo.org\/en\/\">Accueil<\/a><\/span><\/span>\n<p>[\/et_pb_text][\/et_pb_column][\/et_pb_row][\/et_pb_section][et_pb_section fb_built=&#8221;1&#8243; _builder_version=&#8221;4.19.4&#8243; _module_preset=&#8221;default&#8221; custom_padding=&#8221;||7px||false|false&#8221; global_colors_info=&#8221;{}&#8221;][et_pb_row column_structure=&#8221;3_5,2_5&#8243; _builder_version=&#8221;4.19.4&#8243; _module_preset=&#8221;default&#8221; locked=&#8221;off&#8221; global_colors_info=&#8221;{}&#8221;][et_pb_column type=&#8221;3_5&#8243; _builder_version=&#8221;4.19.4&#8243; _module_preset=&#8221;default&#8221; global_colors_info=&#8221;{}&#8221;][et_pb_text _builder_version=&#8221;4.21.2&#8243; _module_preset=&#8221;default&#8221; global_colors_info=&#8221;{}&#8221;]<\/p>\n<p>En plus des <em>Paroles des maitres,<\/em> des <em>Livrets de l&#8217;Institut,<\/em> et des vid\u00e9os des enseignements d\u00e9j\u00e0 pr\u00e9sents ci-dessous, cette rubrique sera r\u00e9guli\u00e8rement mise \u00e0 jour avec de nouvelles ressources. N&#8217;h\u00e9sitez pas \u00e0 vous abonner \u00e0 la <a href=\"#newsletter\">newsletter<\/a> pour en \u00eatre tenus inform\u00e9s.<\/p>\n<p>[\/et_pb_text][\/et_pb_column][et_pb_column type=&#8221;2_5&#8243; _builder_version=&#8221;4.19.4&#8243; _module_preset=&#8221;default&#8221; global_colors_info=&#8221;{}&#8221;][et_pb_testimonial author=&#8221;Lama Jigme Rinpoche&#8221; _builder_version=&#8221;4.23&#8243; _module_preset=&#8221;572720b5-72ac-4a65-9e3f-d9811ed4046d&#8221; hover_enabled=&#8221;0&#8243; global_colors_info=&#8221;{}&#8221; sticky_enabled=&#8221;0&#8243;]<\/p>\n<p>\u00ab Pratiquer permet d\u2019accumuler quelques m\u00e9rites et de d\u00e9velopper des qualit\u00e9s mais cela ne repr\u00e9sente pas le r\u00e9sultat ultime. L\u2019\u00e9veil s\u2019obtient sur la base d\u2019une claire compr\u00e9hension des instructions et de leur int\u00e9gration par la pratique. \u00bb<\/p>\n<p>[\/et_pb_testimonial][\/et_pb_column][\/et_pb_row][\/et_pb_section][et_pb_section fb_built=&#8221;1&#8243; _builder_version=&#8221;4.21.0&#8243; _module_preset=&#8221;default&#8221; custom_padding=&#8221;21px||||false|false&#8221; global_colors_info=&#8221;{}&#8221;][et_pb_row column_structure=&#8221;1_3,1_3,1_3&#8243; _builder_version=&#8221;4.21.0&#8243; _module_preset=&#8221;default&#8221; global_colors_info=&#8221;{}&#8221;][et_pb_column type=&#8221;1_3&#8243; _builder_version=&#8221;4.21.0&#8243; _module_preset=&#8221;default&#8221; global_colors_info=&#8221;{}&#8221;][et_pb_image src=&#8221;http:\/\/dhagpo.org\/wp-content\/uploads\/2023\/08\/ressources_paroles-maitres.jpg&#8221; alt=&#8221;Ressources : paroles des maitres&#8221; title_text=&#8221;Ressources : paroles des maitres&#8221; align=&#8221;center&#8221; _builder_version=&#8221;4.21.0&#8243; _module_preset=&#8221;default&#8221; global_colors_info=&#8221;{}&#8221;][\/et_pb_image][et_pb_text _builder_version=&#8221;4.23&#8243; _module_preset=&#8221;ea086567-139a-4130-90fb-e4f237599a16&#8243; hover_enabled=&#8221;0&#8243; global_colors_info=&#8221;{}&#8221; sticky_enabled=&#8221;0&#8243;]<\/p>\n<h2>Paroles des maitres<\/h2>\n<p>[\/et_pb_text][et_pb_text _builder_version=&#8221;4.21.0&#8243; _module_preset=&#8221;default&#8221; custom_margin=&#8221;||18px|||&#8221; global_colors_info=&#8221;{}&#8221;]La revue <em>Tendrel<\/em> a \u00e9t\u00e9 publi\u00e9e par l\u2019\u00e9quipe de Dhagpo de 1982 \u00e0 2002, au rythme de deux \u00e0 trois num\u00e9ros par an. Dans le premier num\u00e9ro, la signification du titre de cette revue est expliqu\u00e9e : \u00ab&nbsp;Tendrel signifie connexion, lien&nbsp;\u00bb.[\/et_pb_text][et_pb_button button_url=&#8221;@ET-DC@eyJkeW5hbWljIjp0cnVlLCJjb250ZW50IjoicG9zdF9saW5rX3VybF9wYWdlIiwic2V0dGluZ3MiOnsicG9zdF9pZCI6IjY5NDAifX0=@&#8221; button_text=&#8221;Plus d&#8217;infos et consultation&#8221; _builder_version=&#8221;4.23&#8243; _dynamic_attributes=&#8221;button_url&#8221; _module_preset=&#8221;fea08533-16a8-4aab-b823-7c8e6416cf9e&#8221; custom_margin=&#8221;5px||||false|false&#8221; custom_padding=&#8221;5px||5px||false|false&#8221; hover_enabled=&#8221;0&#8243; global_colors_info=&#8221;{}&#8221; sticky_enabled=&#8221;0&#8243;][\/et_pb_button][\/et_pb_column][et_pb_column type=&#8221;1_3&#8243; _builder_version=&#8221;4.21.0&#8243; _module_preset=&#8221;default&#8221; global_colors_info=&#8221;{}&#8221;][et_pb_image src=&#8221;http:\/\/dhagpo.org\/wp-content\/uploads\/2023\/08\/ressources_livrets.jpg&#8221; alt=&#8221;Ressources : livrets de l&#8217;Institut&#8221; title_text=&#8221;Ressources : livrets de l&#8217;Institut&#8221; align=&#8221;center&#8221; _builder_version=&#8221;4.21.0&#8243; _module_preset=&#8221;default&#8221; global_colors_info=&#8221;{}&#8221;][\/et_pb_image][et_pb_text _builder_version=&#8221;4.23&#8243; _module_preset=&#8221;ea086567-139a-4130-90fb-e4f237599a16&#8243; hover_enabled=&#8221;0&#8243; global_colors_info=&#8221;{}&#8221; sticky_enabled=&#8221;0&#8243;]<\/p>\n<h2>Les livrets de l&#8217;Institut<\/h2>\n<p>[\/et_pb_text][et_pb_text _builder_version=&#8221;4.21.0&#8243; _module_preset=&#8221;default&#8221; custom_margin=&#8221;||18px|||&#8221; global_colors_info=&#8221;{}&#8221;]<\/p>\n<p>Les enseignements donn\u00e9s \u00e0 Dhagpo Kagyu Ling durant les retraites d&#8217;\u00e9tude et de m\u00e9ditation guid\u00e9es par lama Jigm\u00e9 Rinpoch\u00e9 sont disponibles sous forme de livrets.<\/p>\n<p>[\/et_pb_text][et_pb_button button_url=&#8221;https:\/\/www.bibliotheque-dhagpo-kagyu.org\/index.php\/fr\/ressources\/livrets-de-lama-jigme-rinpoche&#8221; url_new_window=&#8221;on&#8221; button_text=&#8221;Plus d&#8217;infos et consultation&#8221; _builder_version=&#8221;4.23&#8243; _module_preset=&#8221;f2c1cfca-eef6-4b06-8c30-9588a0268d7a&#8221; custom_margin=&#8221;5px||||false|false&#8221; custom_padding=&#8221;5px||5px||false|false&#8221; hover_enabled=&#8221;0&#8243; global_colors_info=&#8221;{}&#8221; sticky_enabled=&#8221;0&#8243;][\/et_pb_button][\/et_pb_column][et_pb_column type=&#8221;1_3&#8243; module_class=&#8221;pa-inline-buttons&#8221; _builder_version=&#8221;4.21.0&#8243; _module_preset=&#8221;default&#8221; global_colors_info=&#8221;{}&#8221;][et_pb_image src=&#8221;http:\/\/dhagpo.org\/wp-content\/uploads\/2023\/08\/ressources_videos_youtube_bibliotheque.jpg&#8221; alt=&#8221;Ressources : vid\u00e9os des enseignements&#8221; title_text=&#8221;ressources_videos_youtube_bibliotheque&#8221; align=&#8221;center&#8221; _builder_version=&#8221;4.21.0&#8243; _module_preset=&#8221;default&#8221; global_colors_info=&#8221;{}&#8221;][\/et_pb_image][et_pb_text _builder_version=&#8221;4.23&#8243; _module_preset=&#8221;ea086567-139a-4130-90fb-e4f237599a16&#8243; hover_enabled=&#8221;0&#8243; global_colors_info=&#8221;{}&#8221; sticky_enabled=&#8221;0&#8243;]<\/p>\n<h2>Videos of the teachings<\/h2>\n<p>[\/et_pb_text][et_pb_text _builder_version=&#8221;4.21.0&#8243; _module_preset=&#8221;default&#8221; custom_margin=&#8221;||18px|||&#8221; global_colors_info=&#8221;{}&#8221;]Lors de la pand\u00e9mie qui a frapp\u00e9 le monde, Dhagpo a offert la diffusion de certains enseignements au plus grand nombre via Internet. We intend to continue offering access to certain courses online.[\/et_pb_text][et_pb_button button_url=&#8221;https:\/\/www.youtube.com\/@Dhagpo\/playlists&#8221; url_new_window=&#8221;on&#8221; button_text=&#8221;Playlists&#8221; _builder_version=&#8221;4.23&#8243; _module_preset=&#8221;f2c1cfca-eef6-4b06-8c30-9588a0268d7a&#8221; custom_margin=&#8221;5px||5px||false|false&#8221; custom_padding=&#8221;5px||5px||false|false&#8221; hover_enabled=&#8221;0&#8243; global_colors_info=&#8221;{}&#8221; sticky_enabled=&#8221;0&#8243;][\/et_pb_button][et_pb_button button_url=&#8221;@ET-DC@eyJkeW5hbWljIjp0cnVlLCJjb250ZW50IjoicG9zdF9saW5rX3VybF9wcm9qZWN0Iiwic2V0dGluZ3MiOnsicG9zdF9pZCI6IjEzNzMifX0=@&#8221; button_text=&#8221;Support Sharing the Dharma&#8221; _builder_version=&#8221;4.23&#8243; _dynamic_attributes=&#8221;button_url&#8221; _module_preset=&#8221;fea08533-16a8-4aab-b823-7c8e6416cf9e&#8221; custom_margin=&#8221;5px||5px|25px|false|false&#8221; custom_padding=&#8221;5px||5px||false|false&#8221; hover_enabled=&#8221;0&#8243; global_colors_info=&#8221;{}&#8221; sticky_enabled=&#8221;0&#8243;][\/et_pb_button][\/et_pb_column][\/et_pb_row][\/et_pb_section]<\/p>\n","protected":false},"excerpt":{"rendered":"<p>\tVous \u00eates ici :\n<span><span><a href=\"https:\/\/dhagpo.org\/en\/\">Accueil<\/a><\/span><\/span>En plus des Paroles des maitres, des Livrets de l&#8217;Institut, et des vid\u00e9os des enseignements d\u00e9j\u00e0 pr\u00e9sents ci-dessous, cette rubrique sera r\u00e9guli\u00e8rement mise \u00e0 jour avec de nouvelles ressources. N&#8217;h\u00e9sitez [&hellip;]<\/p>\n","protected":false},"author":1,"featured_media":0,"parent":0,"menu_order":0,"comment_status":"closed","ping_status":"closed","template":"","meta":{"_et_pb_use_builder":"on","_et_pb_old_content":"","_et_gb_content_width":"","ngg_post_thumbnail":0,"footnotes":""},"class_list":["post-209631","page","type-page","status-publish","hentry"],"yoast_head":"<!-- This site is optimized with the Yoast SEO plugin v27.1.1 - https:\/\/yoast.com\/product\/yoast-seo-wordpress\/ -->\n<title>Resources - Dhagpo Kagyu Ling<\/title>\n<meta name=\"robots\" content=\"index, follow, max-snippet:-1, max-image-preview:large, max-video-preview:-1\" \/>\n<link rel=\"canonical\" href=\"https:\/\/dhagpo.org\/en\/resources\/\" \/>\n<meta property=\"og:locale\" content=\"en_US\" \/>\n<meta property=\"og:type\" content=\"article\" \/>\n<meta property=\"og:title\" content=\"Resources - Dhagpo Kagyu Ling\" \/>\n<meta property=\"og:description\" content=\"En plus des Paroles des maitres, des Livrets de l&#039;Institut, et des vid\u00e9os des enseignements d\u00e9j\u00e0 pr\u00e9sents ci-dessous, cette rubrique sera r\u00e9guli\u00e8rement mise \u00e0 jour avec de nouvelles ressources. N&#039;h\u00e9sitez [&hellip;]\" \/>\n<meta property=\"og:url\" content=\"https:\/\/dhagpo.org\/en\/resources\/\" \/>\n<meta property=\"og:site_name\" content=\"Dhagpo Kagyu Ling\" \/>\n<meta property=\"article:modified_time\" content=\"2023-10-31T09:38:57+00:00\" \/>\n<meta name=\"twitter:card\" content=\"summary_large_image\" \/>\n<meta name=\"twitter:label1\" content=\"Est. reading time\" \/>\n\t<meta name=\"twitter:data1\" content=\"3 minutes\" \/>\n<script type=\"application\/ld+json\" class=\"yoast-schema-graph\">{\"@context\":\"https:\/\/schema.org\",\"@graph\":[{\"@type\":\"WebPage\",\"@id\":\"https:\/\/dhagpo.org\/en\/resources\/\",\"url\":\"https:\/\/dhagpo.org\/en\/resources\/\",\"name\":\"Resources - Dhagpo Kagyu Ling\",\"isPartOf\":{\"@id\":\"https:\/\/dhagpo.org\/#website\"},\"datePublished\":\"2023-08-05T15:55:51+00:00\",\"dateModified\":\"2023-10-31T09:38:57+00:00\",\"breadcrumb\":{\"@id\":\"https:\/\/dhagpo.org\/en\/resources\/#breadcrumb\"},\"inLanguage\":\"en-US\",\"potentialAction\":[{\"@type\":\"ReadAction\",\"target\":[\"https:\/\/dhagpo.org\/en\/resources\/\"]}]},{\"@type\":\"BreadcrumbList\",\"@id\":\"https:\/\/dhagpo.org\/en\/resources\/#breadcrumb\",\"itemListElement\":[{\"@type\":\"ListItem\",\"position\":1,\"name\":\"Accueil\",\"item\":\"https:\/\/dhagpo.org\/en\/\"},{\"@type\":\"ListItem\",\"position\":2,\"name\":\"Resources\"}]},{\"@type\":\"WebSite\",\"@id\":\"https:\/\/dhagpo.org\/#website\",\"url\":\"https:\/\/dhagpo.org\/\",\"name\":\"Dhagpo Kagyu Ling\",\"description\":\"Un lieu pour comprendre et vivre le bouddhisme\",\"potentialAction\":[{\"@type\":\"SearchAction\",\"target\":{\"@type\":\"EntryPoint\",\"urlTemplate\":\"https:\/\/dhagpo.org\/?s={search_term_string}\"},\"query-input\":{\"@type\":\"PropertyValueSpecification\",\"valueRequired\":true,\"valueName\":\"search_term_string\"}}],\"inLanguage\":\"en-US\"}]}<\/script>\n<!-- \/ Yoast SEO plugin. -->","yoast_head_json":{"title":"Resources - Dhagpo Kagyu Ling","robots":{"index":"index","follow":"follow","max-snippet":"max-snippet:-1","max-image-preview":"max-image-preview:large","max-video-preview":"max-video-preview:-1"},"canonical":"https:\/\/dhagpo.org\/en\/resources\/","og_locale":"en_US","og_type":"article","og_title":"Resources - Dhagpo Kagyu Ling","og_description":"En plus des Paroles des maitres, des Livrets de l'Institut, et des vid\u00e9os des enseignements d\u00e9j\u00e0 pr\u00e9sents ci-dessous, cette rubrique sera r\u00e9guli\u00e8rement mise \u00e0 jour avec de nouvelles ressources. N'h\u00e9sitez [&hellip;]","og_url":"https:\/\/dhagpo.org\/en\/resources\/","og_site_name":"Dhagpo Kagyu Ling","article_modified_time":"2023-10-31T09:38:57+00:00","twitter_card":"summary_large_image","twitter_misc":{"Est. reading time":"3 minutes"},"schema":{"@context":"https:\/\/schema.org","@graph":[{"@type":"WebPage","@id":"https:\/\/dhagpo.org\/en\/resources\/","url":"https:\/\/dhagpo.org\/en\/resources\/","name":"Resources - Dhagpo Kagyu Ling","isPartOf":{"@id":"https:\/\/dhagpo.org\/#website"},"datePublished":"2023-08-05T15:55:51+00:00","dateModified":"2023-10-31T09:38:57+00:00","breadcrumb":{"@id":"https:\/\/dhagpo.org\/en\/resources\/#breadcrumb"},"inLanguage":"en-US","potentialAction":[{"@type":"ReadAction","target":["https:\/\/dhagpo.org\/en\/resources\/"]}]},{"@type":"BreadcrumbList","@id":"https:\/\/dhagpo.org\/en\/resources\/#breadcrumb","itemListElement":[{"@type":"ListItem","position":1,"name":"Accueil","item":"https:\/\/dhagpo.org\/en\/"},{"@type":"ListItem","position":2,"name":"Resources"}]},{"@type":"WebSite","@id":"https:\/\/dhagpo.org\/#website","url":"https:\/\/dhagpo.org\/","name":"Dhagpo Kagyu Ling","description":"Un lieu pour comprendre et vivre le bouddhisme","potentialAction":[{"@type":"SearchAction","target":{"@type":"EntryPoint","urlTemplate":"https:\/\/dhagpo.org\/?s={search_term_string}"},"query-input":{"@type":"PropertyValueSpecification","valueRequired":true,"valueName":"search_term_string"}}],"inLanguage":"en-US"}]}},"_links":{"self":[{"href":"https:\/\/dhagpo.org\/en\/wp-json\/wp\/v2\/pages\/209631","targetHints":{"allow":["GET"]}}],"collection":[{"href":"https:\/\/dhagpo.org\/en\/wp-json\/wp\/v2\/pages"}],"about":[{"href":"https:\/\/dhagpo.org\/en\/wp-json\/wp\/v2\/types\/page"}],"author":[{"embeddable":true,"href":"https:\/\/dhagpo.org\/en\/wp-json\/wp\/v2\/users\/1"}],"replies":[{"embeddable":true,"href":"https:\/\/dhagpo.org\/en\/wp-json\/wp\/v2\/comments?post=209631"}],"version-history":[{"count":10,"href":"https:\/\/dhagpo.org\/en\/wp-json\/wp\/v2\/pages\/209631\/revisions"}],"predecessor-version":[{"id":211840,"href":"https:\/\/dhagpo.org\/en\/wp-json\/wp\/v2\/pages\/209631\/revisions\/211840"}],"wp:attachment":[{"href":"https:\/\/dhagpo.org\/en\/wp-json\/wp\/v2\/media?parent=209631"}],"curies":[{"name":"wp","href":"https:\/\/api.w.org\/{rel}","templated":true}]}}