{"id":211735,"date":"2023-10-30T14:24:07","date_gmt":"2023-10-30T13:24:07","guid":{"rendered":"http:\/\/dhagpo.org\/programa\/poner-en-practica\/"},"modified":"2023-11-09T18:16:22","modified_gmt":"2023-11-09T17:16:22","slug":"poner-en-practica","status":"publish","type":"page","link":"https:\/\/dhagpo.org\/es\/programa\/poner-en-practica\/","title":{"rendered":"Poner en pr\u00e1ctica"},"content":{"rendered":"<p>[et_pb_section fb_built=\u00bb1&#8243; _builder_version=\u00bb4.21.0&#8243; _module_preset=\u00bb6e3af1a0-d249-4306-9d54-b5a545b0512d\u00bb background_enable_color=\u00bboff\u00bb use_background_color_gradient=\u00bbon\u00bb background_color_gradient_direction=\u00bb90deg\u00bb background_color_gradient_stops=\u00bbrgba(48,8,12,0.53) 0%|rgba(247,247,243,0) 34%\u00bb background_color_gradient_overlays_image=\u00bbon\u00bb background_image=\u00bbhttp:\/\/dhagpo.org\/wp-content\/uploads\/2023\/07\/entete_mettre-en-oeuvre-3.jpg\u00bb custom_padding=\u00bb90px||97px|||\u00bb saved_tabs=\u00bball\u00bb locked=\u00bboff\u00bb collapsed=\u00bboff\u00bb global_colors_info=\u00bb{}\u00bb][et_pb_row _builder_version=\u00bb4.16&#8243; locked=\u00bboff\u00bb global_colors_info=\u00bb{}\u00bb][et_pb_column type=\u00bb4_4&#8243; _builder_version=\u00bb4.16&#8243; global_colors_info=\u00bb{}\u00bb][et_pb_text _builder_version=\u00bb4.20.0&#8243; _dynamic_attributes=\u00bbcontent\u00bb text_text_color=\u00bb#FFFFFF\u00bb header_font=\u00bb|300|||||||\u00bb header_text_align=\u00bbleft\u00bb header_text_color=\u00bb#FFFFFF\u00bb header_font_size=\u00bb39px\u00bb module_alignment=\u00bbcenter\u00bb custom_margin=\u00bb||0px||false|false\u00bb custom_padding=\u00bb10px||7px||false|false\u00bb custom_css_main_element=\u00bbdisplay: inline-block;\u00bb border_color_all=\u00bb#FFFFFF\u00bb border_width_top=\u00bb1px\u00bb border_width_bottom=\u00bb1px\u00bb global_colors_info=\u00bb{}\u00bb]@ET-DC@eyJkeW5hbWljIjp0cnVlLCJjb250ZW50IjoicG9zdF90aXRsZSIsInNldHRpbmdzIjp7ImJlZm9yZSI6IjxoMT4iLCJhZnRlciI6IjwvaDE+In19@[\/et_pb_text][\/et_pb_column][\/et_pb_row][\/et_pb_section][et_pb_section fb_built=\u00bb1&#8243; _builder_version=\u00bb4.20.1&#8243; _module_preset=\u00bbdefault\u00bb background_color=\u00bbgcid-0e31f813-9b2e-4fdd-9a29-d8b4986da10d\u00bb custom_margin=\u00bb0px||0px||false|false\u00bb custom_padding=\u00bb0px||0px||false|false\u00bb saved_tabs=\u00bball\u00bb locked=\u00bboff\u00bb global_colors_info=\u00bb{%22gcid-0e31f813-9b2e-4fdd-9a29-d8b4986da10d%22:%91%22background_color%22%93}\u00bb][et_pb_row _builder_version=\u00bb4.20.2&#8243; _module_preset=\u00bbdefault\u00bb custom_padding=\u00bb5px||2px||false|false\u00bb global_colors_info=\u00bb{}\u00bb][et_pb_column type=\u00bb4_4&#8243; _builder_version=\u00bb4.20.1&#8243; _module_preset=\u00bbdefault\u00bb global_colors_info=\u00bb{}\u00bb][et_pb_text _builder_version=\u00bb4.21.2&#8243; _module_preset=\u00bbdefault\u00bb text_font_size=\u00bb14px\u00bb custom_margin=\u00bb0px||5px||false|false\u00bb custom_padding=\u00bb0px||0px||false|false\u00bb global_colors_info=\u00bb{}\u00bb]<\/p>\n\tVous \u00eates ici :\n<span><span><a href=\"https:\/\/dhagpo.org\/es\/\">Accueil<\/a><\/span><\/span>\n<p>[\/et_pb_text][\/et_pb_column][\/et_pb_row][\/et_pb_section][et_pb_section fb_built=\u00bb1&#8243; _builder_version=\u00bb4.19.4&#8243; _module_preset=\u00bbdefault\u00bb custom_padding=\u00bb||22px||false|false\u00bb box_shadow_style=\u00bbpreset3&#8243; box_shadow_vertical=\u00bb2px\u00bb box_shadow_blur=\u00bb8px\u00bb locked=\u00bboff\u00bb global_colors_info=\u00bb{}\u00bb][et_pb_row _builder_version=\u00bb4.19.4&#8243; _module_preset=\u00bbdefault\u00bb global_colors_info=\u00bb{}\u00bb][et_pb_column type=\u00bb4_4&#8243; _builder_version=\u00bb4.19.4&#8243; _module_preset=\u00bbdefault\u00bb global_colors_info=\u00bb{}\u00bb][et_pb_text _builder_version=\u00bb4.21.2&#8243; _module_preset=\u00bb05208fad-46ab-43fe-af8f-4d09e9564994&#8243; global_colors_info=\u00bb{}\u00bb]<\/p>\n<h2>Poner en pr\u00e1ctica el Dharma a diario<\/h2>\n<p>[\/et_pb_text][et_pb_text _builder_version=\u00bb4.21.2&#8243; _module_preset=\u00bb0827180c-326f-4be3-9e0d-2b652458abaf\u00bb global_colors_info=\u00bb{}\u00bb]<\/p>\n<h2>\u00a1Del coj\u00edn a la vajilla!<\/h2>\n<p>[\/et_pb_text][\/et_pb_column][\/et_pb_row][et_pb_row column_structure=\u00bb2_3,1_3&#8243; _builder_version=\u00bb4.19.4&#8243; _module_preset=\u00bbdefault\u00bb global_colors_info=\u00bb{}\u00bb][et_pb_column type=\u00bb2_3&#8243; _builder_version=\u00bb4.19.4&#8243; _module_preset=\u00bbdefault\u00bb global_colors_info=\u00bb{}\u00bb][et_pb_text _builder_version=\u00bb4.21.2&#8243; _module_preset=\u00bbdefault\u00bb global_colors_info=\u00bb{}\u00bb]<\/p>\n<p>Los tres aspectos de la pr\u00e1ctica -aprendizaje del Dharma, meditaci\u00f3n e implementaci\u00f3n &#8211; son parte de un proceso de asimilaci\u00f3n que requiere tiempo.<\/p>\n<p>La puesta en pr\u00e1ctica diaria consiste en entrenarse en la aplicaci\u00f3n del Dharma, sobre la base de la comprensi\u00f3n del aprendizaje y de la meditaci\u00f3n. Este entrenamiento consiste en actuar de manera ben\u00e9fica, evitando los actos nefastos y desarrollando un estado mental l\u00facido, que nos permita reunir las condiciones favorables. <span>Esto apoya nuestro progreso en el camino hacia la liberaci\u00f3n del malestar ofreci\u00e9ndonos la posibilidad de evaluar nuestra comprensi\u00f3n y nuestra integraci\u00f3n d\u00eda tras d\u00eda, en total autonom\u00eda.<\/span><\/p>\n<p>La actividad ofrece muchas oportunidades para cultivar las seis cualidades fundamentales: generosidad, conducta, paciencia, perseverancia, estabilidad mental y discernimiento. El entrenamiento a la pr\u00e1ctica de estas seis cualidades nos permite entonces revelar progresivamente nuestras propias cualidades, para lograr as\u00ed los dos beneficios, el nuestro y el de los dem\u00e1s.<\/p>\n<h3><\/h3>\n<p>[\/et_pb_text][\/et_pb_column][et_pb_column type=\u00bb1_3&#8243; _builder_version=\u00bb4.19.4&#8243; _module_preset=\u00bbdefault\u00bb global_colors_info=\u00bb{}\u00bb][et_pb_testimonial author=\u00bbLama Jigme Rimpoch\u00e9\u00bb _builder_version=\u00bb4.21.2&#8243; _module_preset=\u00bb572720b5-72ac-4a65-9e3f-d9811ed4046d\u00bb global_colors_info=\u00bb{}\u00bb]<\/p>\n<p>El budismo ofrece un m\u00e9todo para poder entender c\u00f3mo ser, c\u00f3mo reaccionar: en otras palabras, c\u00f3mo vivir nuestra humanidad cuidando tanto de nosotros mismos como de los dem\u00e1s.<\/p>\n<p>[\/et_pb_testimonial][\/et_pb_column][\/et_pb_row][\/et_pb_section][et_pb_section fb_built=\u00bb1&#8243; module_id=\u00bbcontacto\u00bb _builder_version=\u00bb4.21.2&#8243; _module_preset=\u00bbdefault\u00bb custom_padding=\u00bb31px||17px|||\u00bb global_colors_info=\u00bb{}\u00bb][et_pb_row column_structure=\u00bb1_4,3_4&#8243; _builder_version=\u00bb4.21.0&#8243; _module_preset=\u00bbbde6bd66-5f87-49e9-9010-104d971bd351&#8243; global_colors_info=\u00bb{}\u00bb][et_pb_column type=\u00bb1_4&#8243; _builder_version=\u00bb4.20.0&#8243; _module_preset=\u00bbdefault\u00bb global_colors_info=\u00bb{}\u00bb][et_pb_image src=\u00bbhttp:\/\/dhagpo.org\/wp-content\/uploads\/2023\/03\/activite_stage.jpg\u00bb title_text=\u00bbactividad_curso\u00bb _builder_version=\u00bb4.20.2&#8243; _module_preset=\u00bbdefault\u00bb global_colors_info=\u00bb{}\u00bb][\/et_pb_image][\/et_pb_column][et_pb_column type=\u00bb3_4&#8243; _builder_version=\u00bb4.20.0&#8243; _module_preset=\u00bbdefault\u00bb global_colors_info=\u00bb{}\u00bb][et_pb_text _builder_version=\u00bb4.21.2&#8243; _module_preset=\u00bbea086567-139a-4130-90fb-e4f237599a16&#8243; global_colors_info=\u00bb{}\u00bb]<\/p>\n<h2>Participar en la actividad<\/h2>\n<p>[\/et_pb_text][et_pb_text _builder_version=\u00bb4.21.0&#8243; _module_preset=\u00bbdefault\u00bb header_4_font=\u00bb||||||||\u00bb global_colors_info=\u00bb{}\u00bb]<\/p>\n<p>Dhagpo Kagyu Ling trabaja esencialmente sobre la base de la ayuda mutua.<br \/>Durante los cursos, puede unirse a las actividades del centro, como el mantenimiento de las zonas de comida y el alojamiento. <br \/>La participaci\u00f3n en las actividades diarias es un buen campo de experimentaci\u00f3n de los principios de la ense\u00f1anza.<\/p>\n<p>[\/et_pb_text][\/et_pb_column][\/et_pb_row][et_pb_row column_structure=\u00bb1_4,3_4&#8243; _builder_version=\u00bb4.20.0&#8243; _module_preset=\u00bbbde6bd66-5f87-49e9-9010-104d971bd351&#8243; global_colors_info=\u00bb{}\u00bb][et_pb_column type=\u00bb1_4&#8243; _builder_version=\u00bb4.16&#8243; _module_preset=\u00bbdefault\u00bb global_colors_info=\u00bb{}\u00bb][et_pb_image src=\u00bbhttp:\/\/dhagpo.org\/wp-content\/uploads\/2023\/03\/activite_evenement.jpg\u00bb title_text=\u00bbplacement-1-1_cercle\u00bb _builder_version=\u00bb4.20.2&#8243; _module_preset=\u00bbdefault\u00bb locked=\u00bboff\u00bb global_colors_info=\u00bb{}\u00bb][\/et_pb_image][\/et_pb_column][et_pb_column type=\u00bb3_4&#8243; _builder_version=\u00bb4.16&#8243; _module_preset=\u00bbdefault\u00bb global_colors_info=\u00bb{}\u00bb][et_pb_text _builder_version=\u00bb4.21.2&#8243; _module_preset=\u00bbea086567-139a-4130-90fb-e4f237599a16&#8243; global_colors_info=\u00bb{}\u00bb]<\/p>\n<h2>Participar en un evento<\/h2>\n<p>[\/et_pb_text][et_pb_text _builder_version=\u00bb4.23&#8243; _module_preset=\u00bbdefault\u00bb header_4_font=\u00bb||||||||\u00bb hover_enabled=\u00bb0&#8243; global_colors_info=\u00bb{}\u00bb sticky_enabled=\u00bb0&#8243;]<\/p>\n<p>La venida del XVII Gyalwa Karmapa requiere una gran organizaci\u00f3n y moviliza m\u00faltiples y variadas energ\u00edas.<br \/>Si desea unirse al equipo compartiendo su tiempo y sus competencias, en mayo encontrar\u00e1 disponible aqu\u00ed mismo, un formulario de registro espec\u00edfico para este evento.<br \/>Antes, durante o despu\u00e9s del evento, \u00a1toda ayuda es bienvenida!<\/p>\n<p>[\/et_pb_text][\/et_pb_column][\/et_pb_row][et_pb_row column_structure=\u00bb1_4,3_4&#8243; _builder_version=\u00bb4.20.0&#8243; _module_preset=\u00bbbde6bd66-5f87-49e9-9010-104d971bd351&#8243; global_colors_info=\u00bb{}\u00bb][et_pb_column type=\u00bb1_4&#8243; _builder_version=\u00bb4.16&#8243; _module_preset=\u00bbdefault\u00bb global_colors_info=\u00bb{}\u00bb][et_pb_image src=\u00bbhttp:\/\/dhagpo.org\/wp-content\/uploads\/2023\/03\/activite_reguliere.jpg\u00bb title_text=\u00bbactividad_regular\u00bb _builder_version=\u00bb4.20.2&#8243; _module_preset=\u00bbdefault\u00bb global_colors_info=\u00bb{}\u00bb][\/et_pb_image][\/et_pb_column][et_pb_column type=\u00bb3_4&#8243; _builder_version=\u00bb4.16&#8243; _module_preset=\u00bbdefault\u00bb global_colors_info=\u00bb{}\u00bb][et_pb_text _builder_version=\u00bb4.21.2&#8243; _module_preset=\u00bbea086567-139a-4130-90fb-e4f237599a16&#8243; global_colors_info=\u00bb{}\u00bb]<\/p>\n<h2>Involucrarse regularmente<\/h2>\n<p>[\/et_pb_text][et_pb_text _builder_version=\u00bb4.20.0&#8243; _module_preset=\u00bbdefault\u00bb header_4_font=\u00bb||||||||\u00bb global_colors_info=\u00bb{}\u00bb]<\/p>\n<p>Diversas actividades contribuyen a la vida del centro: recepci\u00f3n, cocina, alojamiento, jard\u00edn, intendencia, comunicaci\u00f3n, imprenta, inform\u00e1tica, construcci\u00f3n, mantenimiento, etc.<br \/>Dependiendo de las necesidades, de sus competencias y de su disponibilidad, puede participar en una o en varias de estas actividades.<br \/>Involucrarse regularmente es una de las formas de sumergirse en la din\u00e1mica de aprendizaje que propone Dhagpo.<\/p>\n<p>[\/et_pb_text][\/et_pb_column][\/et_pb_row][et_pb_row column_structure=\u00bb1_4,3_4&#8243; _builder_version=\u00bb4.20.0&#8243; _module_preset=\u00bbbde6bd66-5f87-49e9-9010-104d971bd351&#8243; custom_padding=\u00bb70px||59px||false|false\u00bb border_width_bottom=\u00bb0px\u00bb global_colors_info=\u00bb{}\u00bb][et_pb_column type=\u00bb1_4&#8243; _builder_version=\u00bb4.16&#8243; _module_preset=\u00bbdefault\u00bb global_colors_info=\u00bb{}\u00bb][et_pb_image src=\u00bbhttp:\/\/dhagpo.org\/wp-content\/uploads\/2023\/03\/activite_communaute.jpg\u00bb title_text=\u00bbactividad_comunidad\u00bb _builder_version=\u00bb4.20.2&#8243; _module_preset=\u00bbdefault\u00bb global_colors_info=\u00bb{}\u00bb][\/et_pb_image][\/et_pb_column][et_pb_column type=\u00bb3_4&#8243; _builder_version=\u00bb4.16&#8243; _module_preset=\u00bbdefault\u00bb global_colors_info=\u00bb{}\u00bb][et_pb_text _builder_version=\u00bb4.21.2&#8243; _module_preset=\u00bbea086567-139a-4130-90fb-e4f237599a16&#8243; global_colors_info=\u00bb{}\u00bb]<\/p>\n<h2>Experimentar la vida comunitaria<\/h2>\n<p>[\/et_pb_text][et_pb_text _builder_version=\u00bb4.21.2&#8243; _module_preset=\u00bbdefault\u00bb header_4_font=\u00bb||||||||\u00bb global_colors_info=\u00bb{}\u00bb]<\/p>\n<p>La vida comunitaria de Dhagpo ofrece la posibilidad de sumergirse en los tres aspectos de la pr\u00e1ctica:<br \/><span style=\"font-size: 20px; font-style: inherit; font-variant-ligatures: inherit; font-variant-caps: inherit;\">\u2022 aprender el Dharma ;<br \/><\/span><span style=\"font-size: 20px; font-style: inherit; font-variant-ligatures: inherit; font-variant-caps: inherit;\">\u2022 entrenarse en la meditaci\u00f3n ;<br \/><\/span><span style=\"font-size: 20px; font-style: inherit; font-variant-ligatures: inherit; font-variant-caps: inherit;\">\u2022 la puesta en pr\u00e1ctica diaria.<\/span><\/p>\n<p>Las personas interesadas \u200b\u200ben esta experiencia pueden venir y compartir este modo de vida destinado a explorar plenamente el camino budista. La vida comunitaria es una oportunidad para experimentar y cultivar el apoyo mutuo y la aspiraci\u00f3n a ser ben\u00e9ficos, y entrenarse en ello.<\/p>\n<p>[\/et_pb_text][\/et_pb_column][\/et_pb_row][\/et_pb_section][et_pb_section fb_built=\u00bb1&#8243; _builder_version=\u00bb4.21.2&#8243; _module_preset=\u00bbdefault\u00bb custom_padding=\u00bb||22px||false|false\u00bb border_width_top=\u00bb2px\u00bb border_color_top=\u00bbgcid-0e31f813-9b2e-4fdd-9a29-d8b4986da10d\u00bb box_shadow_style=\u00bbpreset3&#8243; box_shadow_vertical=\u00bb2px\u00bb box_shadow_blur=\u00bb8px\u00bb global_colors_info=\u00bb{%22gcid-0e31f813-9b2e-4fdd-9a29-d8b4986da10d%22:%91%22border_color_top%22%93}\u00bb][et_pb_row column_structure=\u00bb1_3,1_3,1_3&#8243; _builder_version=\u00bb4.20.0&#8243; _module_preset=\u00bbdefault\u00bb global_colors_info=\u00bb{}\u00bb][et_pb_column type=\u00bb1_3&#8243; _builder_version=\u00bb4.20.0&#8243; _module_preset=\u00bbdefault\u00bb global_colors_info=\u00bb{}\u00bb][et_pb_image src=\u00bbhttp:\/\/dhagpo.org\/wp-content\/uploads\/2022\/11\/benevolat_nuage_mots-1.jpg\u00bb show_in_lightbox=\u00bbon\u00bb _builder_version=\u00bb4.21.0&#8243; _module_preset=\u00bbdefault\u00bb global_colors_info=\u00bb{}\u00bb][\/et_pb_image][\/et_pb_column][et_pb_column type=\u00bb1_3&#8243; _builder_version=\u00bb4.20.0&#8243; _module_preset=\u00bbdefault\u00bb global_colors_info=\u00bb{}\u00bb][et_pb_text _builder_version=\u00bb4.23&#8243; _module_preset=\u00bbdefault\u00bb hover_enabled=\u00bb0&#8243; global_colors_info=\u00bb{}\u00bb sticky_enabled=\u00bb0&#8243;]<\/p>\n<p><strong>\u00bfQuieres participar en la actividad?<br \/><\/strong>Completa el siguiente formulario. Nos pondremos en contacto contigo tan pronto como sea posible.<\/p>\n<p>[\/et_pb_text][et_pb_button button_url=\u00bb@ET-DC@eyJkeW5hbWljIjp0cnVlLCJjb250ZW50IjoicG9zdF9saW5rX3VybF9wYWdlIiwic2V0dGluZ3MiOnsicG9zdF9pZCI6IjE0ODAwIn19@\u00bb button_text=\u00bbFormulario para completar\u00bb _builder_version=\u00bb4.21.0&#8243; _dynamic_attributes=\u00bbbutton_url\u00bb _module_preset=\u00bbdefault\u00bb global_colors_info=\u00bb{}\u00bb][\/et_pb_button][\/et_pb_column][et_pb_column type=\u00bb1_3&#8243; _builder_version=\u00bb4.20.0&#8243; _module_preset=\u00bbdefault\u00bb global_colors_info=\u00bb{}\u00bb][et_pb_text _builder_version=\u00bb4.21.2&#8243; _module_preset=\u00bbdefault\u00bb global_colors_info=\u00bb{}\u00bb]<\/p>\n<p><strong>Contactarnos para obtener m\u00e1s informaciones:<\/strong><\/p>\n<p><a href=\"mailto:dkl.benevolat@dhagpo.org\">https:\/\/www3.dhagpo.org\/estar-en-servicio\/<\/a><\/p>\n<p>[\/et_pb_text][\/et_pb_column][\/et_pb_row][\/et_pb_section]<\/p>\n","protected":false},"excerpt":{"rendered":"<p>\tVous \u00eates ici :\n<span><span><a href=\"https:\/\/dhagpo.org\/es\/\">Accueil<\/a><\/span><\/span>Poner en pr\u00e1ctica el Dharma a diario\u00a1Del coj\u00edn a la vajilla!Los tres aspectos de la pr\u00e1ctica -aprendizaje del Dharma, meditaci\u00f3n e implementaci\u00f3n &#8211; son parte de un proceso de asimilaci\u00f3n [&hellip;]<\/p>\n","protected":false},"author":11,"featured_media":0,"parent":211534,"menu_order":0,"comment_status":"closed","ping_status":"closed","template":"","meta":{"_et_pb_use_builder":"on","_et_pb_old_content":"","_et_gb_content_width":"","ngg_post_thumbnail":0,"footnotes":""},"class_list":["post-211735","page","type-page","status-publish","hentry"],"yoast_head":"<!-- This site is optimized with the Yoast SEO plugin v27.1.1 - https:\/\/yoast.com\/product\/yoast-seo-wordpress\/ -->\n<title>Poner en pr\u00e1ctica - Dhagpo Kagyu Ling<\/title>\n<meta name=\"robots\" content=\"index, follow, max-snippet:-1, max-image-preview:large, max-video-preview:-1\" \/>\n<link rel=\"canonical\" href=\"https:\/\/dhagpo.org\/programme\/mettre-en-oeuvre\/\" \/>\n<meta property=\"og:locale\" content=\"es_ES\" \/>\n<meta property=\"og:type\" content=\"article\" \/>\n<meta property=\"og:title\" content=\"Poner en pr\u00e1ctica - Dhagpo Kagyu Ling\" \/>\n<meta property=\"og:description\" content=\"Poner en pr\u00e1ctica el Dharma a diario\u00a1Del coj\u00edn a la vajilla!Los tres aspectos de la pr\u00e1ctica -aprendizaje del Dharma, meditaci\u00f3n e implementaci\u00f3n - son parte de un proceso de asimilaci\u00f3n [&hellip;]\" \/>\n<meta property=\"og:url\" content=\"https:\/\/dhagpo.org\/programme\/mettre-en-oeuvre\/\" \/>\n<meta property=\"og:site_name\" content=\"Dhagpo Kagyu Ling\" \/>\n<meta property=\"article:modified_time\" content=\"2023-11-09T17:16:22+00:00\" \/>\n<meta name=\"twitter:card\" content=\"summary_large_image\" \/>\n<meta name=\"twitter:label1\" content=\"Tiempo de lectura\" \/>\n\t<meta name=\"twitter:data1\" content=\"9 minutos\" \/>\n<script type=\"application\/ld+json\" class=\"yoast-schema-graph\">{\"@context\":\"https:\/\/schema.org\",\"@graph\":[{\"@type\":\"WebPage\",\"@id\":\"https:\/\/dhagpo.org\/programme\/mettre-en-oeuvre\/\",\"url\":\"https:\/\/dhagpo.org\/programme\/mettre-en-oeuvre\/\",\"name\":\"Poner en pr\u00e1ctica - Dhagpo Kagyu Ling\",\"isPartOf\":{\"@id\":\"https:\/\/dhagpo.org\/#website\"},\"datePublished\":\"2023-10-30T13:24:07+00:00\",\"dateModified\":\"2023-11-09T17:16:22+00:00\",\"breadcrumb\":{\"@id\":\"https:\/\/dhagpo.org\/programme\/mettre-en-oeuvre\/#breadcrumb\"},\"inLanguage\":\"es\",\"potentialAction\":[{\"@type\":\"ReadAction\",\"target\":[\"https:\/\/dhagpo.org\/programme\/mettre-en-oeuvre\/\"]}]},{\"@type\":\"BreadcrumbList\",\"@id\":\"https:\/\/dhagpo.org\/programme\/mettre-en-oeuvre\/#breadcrumb\",\"itemListElement\":[{\"@type\":\"ListItem\",\"position\":1,\"name\":\"Accueil\",\"item\":\"https:\/\/dhagpo.org\/es\/\"},{\"@type\":\"ListItem\",\"position\":2,\"name\":\"Programa\",\"item\":\"https:\/\/dhagpo.org\/es\/programa\/\"},{\"@type\":\"ListItem\",\"position\":3,\"name\":\"Poner en pr\u00e1ctica\"}]},{\"@type\":\"WebSite\",\"@id\":\"https:\/\/dhagpo.org\/#website\",\"url\":\"https:\/\/dhagpo.org\/\",\"name\":\"Dhagpo Kagyu Ling\",\"description\":\"Un lieu pour comprendre et vivre le bouddhisme\",\"potentialAction\":[{\"@type\":\"SearchAction\",\"target\":{\"@type\":\"EntryPoint\",\"urlTemplate\":\"https:\/\/dhagpo.org\/?s={search_term_string}\"},\"query-input\":{\"@type\":\"PropertyValueSpecification\",\"valueRequired\":true,\"valueName\":\"search_term_string\"}}],\"inLanguage\":\"es\"}]}<\/script>\n<!-- \/ Yoast SEO plugin. -->","yoast_head_json":{"title":"Poner en pr\u00e1ctica - Dhagpo Kagyu Ling","robots":{"index":"index","follow":"follow","max-snippet":"max-snippet:-1","max-image-preview":"max-image-preview:large","max-video-preview":"max-video-preview:-1"},"canonical":"https:\/\/dhagpo.org\/programme\/mettre-en-oeuvre\/","og_locale":"es_ES","og_type":"article","og_title":"Poner en pr\u00e1ctica - Dhagpo Kagyu Ling","og_description":"Poner en pr\u00e1ctica el Dharma a diario\u00a1Del coj\u00edn a la vajilla!Los tres aspectos de la pr\u00e1ctica -aprendizaje del Dharma, meditaci\u00f3n e implementaci\u00f3n - son parte de un proceso de asimilaci\u00f3n [&hellip;]","og_url":"https:\/\/dhagpo.org\/programme\/mettre-en-oeuvre\/","og_site_name":"Dhagpo Kagyu Ling","article_modified_time":"2023-11-09T17:16:22+00:00","twitter_card":"summary_large_image","twitter_misc":{"Tiempo de lectura":"9 minutos"},"schema":{"@context":"https:\/\/schema.org","@graph":[{"@type":"WebPage","@id":"https:\/\/dhagpo.org\/programme\/mettre-en-oeuvre\/","url":"https:\/\/dhagpo.org\/programme\/mettre-en-oeuvre\/","name":"Poner en pr\u00e1ctica - Dhagpo Kagyu Ling","isPartOf":{"@id":"https:\/\/dhagpo.org\/#website"},"datePublished":"2023-10-30T13:24:07+00:00","dateModified":"2023-11-09T17:16:22+00:00","breadcrumb":{"@id":"https:\/\/dhagpo.org\/programme\/mettre-en-oeuvre\/#breadcrumb"},"inLanguage":"es","potentialAction":[{"@type":"ReadAction","target":["https:\/\/dhagpo.org\/programme\/mettre-en-oeuvre\/"]}]},{"@type":"BreadcrumbList","@id":"https:\/\/dhagpo.org\/programme\/mettre-en-oeuvre\/#breadcrumb","itemListElement":[{"@type":"ListItem","position":1,"name":"Accueil","item":"https:\/\/dhagpo.org\/es\/"},{"@type":"ListItem","position":2,"name":"Programa","item":"https:\/\/dhagpo.org\/es\/programa\/"},{"@type":"ListItem","position":3,"name":"Poner en pr\u00e1ctica"}]},{"@type":"WebSite","@id":"https:\/\/dhagpo.org\/#website","url":"https:\/\/dhagpo.org\/","name":"Dhagpo Kagyu Ling","description":"Un lieu pour comprendre et vivre le bouddhisme","potentialAction":[{"@type":"SearchAction","target":{"@type":"EntryPoint","urlTemplate":"https:\/\/dhagpo.org\/?s={search_term_string}"},"query-input":{"@type":"PropertyValueSpecification","valueRequired":true,"valueName":"search_term_string"}}],"inLanguage":"es"}]}},"_links":{"self":[{"href":"https:\/\/dhagpo.org\/es\/wp-json\/wp\/v2\/pages\/211735","targetHints":{"allow":["GET"]}}],"collection":[{"href":"https:\/\/dhagpo.org\/es\/wp-json\/wp\/v2\/pages"}],"about":[{"href":"https:\/\/dhagpo.org\/es\/wp-json\/wp\/v2\/types\/page"}],"author":[{"embeddable":true,"href":"https:\/\/dhagpo.org\/es\/wp-json\/wp\/v2\/users\/11"}],"replies":[{"embeddable":true,"href":"https:\/\/dhagpo.org\/es\/wp-json\/wp\/v2\/comments?post=211735"}],"version-history":[{"count":13,"href":"https:\/\/dhagpo.org\/es\/wp-json\/wp\/v2\/pages\/211735\/revisions"}],"predecessor-version":[{"id":212063,"href":"https:\/\/dhagpo.org\/es\/wp-json\/wp\/v2\/pages\/211735\/revisions\/212063"}],"up":[{"embeddable":true,"href":"https:\/\/dhagpo.org\/es\/wp-json\/wp\/v2\/pages\/211534"}],"wp:attachment":[{"href":"https:\/\/dhagpo.org\/es\/wp-json\/wp\/v2\/media?parent=211735"}],"curies":[{"name":"wp","href":"https:\/\/api.w.org\/{rel}","templated":true}]}}