{"id":211749,"date":"2023-10-30T14:41:26","date_gmt":"2023-10-30T13:41:26","guid":{"rendered":"http:\/\/dhagpo.org\/apoyar\/"},"modified":"2024-12-08T15:24:09","modified_gmt":"2024-12-08T14:24:09","slug":"apoyar","status":"publish","type":"page","link":"https:\/\/dhagpo.org\/es\/apoyar\/","title":{"rendered":"Apoyar"},"content":{"rendered":"<p>[et_pb_section fb_built=\u00bb1&#8243; _builder_version=\u00bb4.21.0&#8243; _module_preset=\u00bb6e3af1a0-d249-4306-9d54-b5a545b0512d\u00bb use_background_color_gradient=\u00bbon\u00bb background_color_gradient_type=\u00bbcircular\u00bb background_color_gradient_direction_radial=\u00bbleft\u00bb background_color_gradient_stops=\u00bb#826969 0%|rgba(0,0,0,0.13) 46%|rgba(0, 0, 0, 0.13) 100%\u00bb background_color_gradient_overlays_image=\u00bbon\u00bb background_image=\u00bbhttp:\/\/dhagpo.org\/wp-content\/uploads\/2023\/07\/header_projets-soutenir.jpg\u00bb custom_padding=\u00bb90px||97px|||\u00bb background_last_edited=\u00bbon|phone\u00bb background_image_phone=\u00bbhttp:\/\/dhagpo.org\/wp-content\/uploads\/2023\/07\/header_projets-soutenir_mobile.jpg\u00bb background_enable_image_phone=\u00bbon\u00bb custom_css_main_element=\u00bb|||||| \u00bb saved_tabs=\u00bball\u00bb locked=\u00bboff\u00bb collapsed=\u00bboff\u00bb global_colors_info=\u00bb{}\u00bb][et_pb_row _builder_version=\u00bb4.16&#8243; locked=\u00bboff\u00bb global_colors_info=\u00bb{}\u00bb][et_pb_column type=\u00bb4_4&#8243; _builder_version=\u00bb4.16&#8243; global_colors_info=\u00bb{}\u00bb][et_pb_text _builder_version=\u00bb4.19.4&#8243; _dynamic_attributes=\u00bbcontent\u00bb text_text_color=\u00bb#FFFFFF\u00bb header_font=\u00bb|300|||||||\u00bb header_text_align=\u00bbleft\u00bb header_text_color=\u00bb#FFFFFF\u00bb header_font_size=\u00bb39px\u00bb module_alignment=\u00bbcenter\u00bb custom_margin=\u00bb||0px||false|false\u00bb custom_padding=\u00bb10px||7px||false|false\u00bb custom_css_main_element=\u00bbdisplay: inline-block;\u00bb border_color_all=\u00bb#FFFFFF\u00bb border_width_top=\u00bb1px\u00bb border_width_bottom=\u00bb1px\u00bb global_colors_info=\u00bb{}\u00bb]@ET-DC@eyJkeW5hbWljIjp0cnVlLCJjb250ZW50IjoicG9zdF90aXRsZSIsInNldHRpbmdzIjp7ImJlZm9yZSI6IjxoMT4iLCJhZnRlciI6IjwvaDE+In19@[\/et_pb_text][\/et_pb_column][\/et_pb_row][\/et_pb_section][et_pb_section fb_built=\u00bb1&#8243; _builder_version=\u00bb4.20.1&#8243; _module_preset=\u00bbdefault\u00bb background_color=\u00bbgcid-0e31f813-9b2e-4fdd-9a29-d8b4986da10d\u00bb custom_margin=\u00bb0px||0px||false|false\u00bb custom_padding=\u00bb0px||0px||false|false\u00bb saved_tabs=\u00bball\u00bb locked=\u00bboff\u00bb global_colors_info=\u00bb{%22gcid-0e31f813-9b2e-4fdd-9a29-d8b4986da10d%22:%91%22background_color%22%93}\u00bb][et_pb_row _builder_version=\u00bb4.20.2&#8243; _module_preset=\u00bbdefault\u00bb custom_padding=\u00bb5px||2px||false|false\u00bb global_colors_info=\u00bb{}\u00bb][et_pb_column type=\u00bb4_4&#8243; _builder_version=\u00bb4.20.1&#8243; _module_preset=\u00bbdefault\u00bb global_colors_info=\u00bb{}\u00bb][et_pb_text _builder_version=\u00bb4.21.2&#8243; _module_preset=\u00bbdefault\u00bb text_font_size=\u00bb14px\u00bb custom_margin=\u00bb0px||5px||false|false\u00bb custom_padding=\u00bb0px||0px||false|false\u00bb global_colors_info=\u00bb{}\u00bb]<\/p>\n\tVous \u00eates ici :\n<span><span><a href=\"https:\/\/dhagpo.org\/es\/\">Accueil<\/a><\/span><\/span>\n<p>[\/et_pb_text][\/et_pb_column][\/et_pb_row][\/et_pb_section][et_pb_section fb_built=\u00bb1&#8243; _builder_version=\u00bb4.16&#8243; _module_preset=\u00bbdefault\u00bb custom_padding=\u00bb45px||34px|||\u00bb locked=\u00bboff\u00bb global_colors_info=\u00bb{}\u00bb][et_pb_row _builder_version=\u00bb4.16&#8243; _module_preset=\u00bbdefault\u00bb global_colors_info=\u00bb{}\u00bb][et_pb_column type=\u00bb4_4&#8243; _builder_version=\u00bb4.16&#8243; _module_preset=\u00bbdefault\u00bb global_colors_info=\u00bb{}\u00bb][et_pb_text _builder_version=\u00bb4.21.2&#8243; _module_preset=\u00bb05208fad-46ab-43fe-af8f-4d09e9564994&#8243; global_colors_info=\u00bb{}\u00bb]<\/p>\n<h2>Asociarse a actividades ben\u00e9ficas<\/h2>\n<p>[\/et_pb_text][et_pb_text _builder_version=\u00bb4.21.2&#8243; _module_preset=\u00bb0827180c-326f-4be3-9e0d-2b652458abaf\u00bb global_colors_info=\u00bb{}\u00bb]<\/p>\n<h2>Cultivar y compartir la riqueza interior<\/h2>\n<p>[\/et_pb_text][\/et_pb_column][\/et_pb_row][et_pb_row column_structure=\u00bb3_5,2_5&#8243; _builder_version=\u00bb4.16&#8243; _module_preset=\u00bbdefault\u00bb custom_padding=\u00bb22px|||||\u00bb global_colors_info=\u00bb{}\u00bb][et_pb_column type=\u00bb3_5&#8243; _builder_version=\u00bb4.16&#8243; _module_preset=\u00bbdefault\u00bb global_colors_info=\u00bb{}\u00bb][et_pb_text _builder_version=\u00bb4.21.0&#8243; _module_preset=\u00bbdefault\u00bb global_colors_info=\u00bb{}\u00bb]<\/p>\n<p>Los valores tradicionales del budismo son no materiales: la sabidur\u00eda, la benevolencia, la generosidad, por nombrar algunos de ellos. Seg\u00fan la ense\u00f1anza de Buda, <strong>cultivar estos valores intangibles<\/strong> nos devuelve a un estado natural de paz y de armon\u00eda.<\/p>\n<p>Las <a href=\"http:\/\/dhagpo.org\/programme\/pratiques-regulieres\/\">pr\u00e1cticas meditativas<\/a> y la <a href=\"https:\/\/dhagpo.org\/es\/programa\/poner-en-practica\/\">puesta en pr\u00e1ctica diaria<\/a>, nos dan la oportunidad de cultivar estos valores y de compartirlos con tantas personas como sea posible. Tambi\u00e9n es posible <strong>asociarse a estas actividades ben\u00e9ficas contribuyendo a su realizaci\u00f3n<\/strong> de diversas formas, seg\u00fan nuestros deseos y nuestros propios medios.<\/p>\n<p>[\/et_pb_text][et_pb_code _builder_version=\u00bb4.21.0&#8243; _module_preset=\u00bbdefault\u00bb global_colors_info=\u00bb{}\u00bb]<script><!-- [et_pb_line_break_holder] -->        \/\/ Vous pouvez \u00e9galement d\u00e9finir l'attribut 'target' en utilisant JavaScript<!-- [et_pb_line_break_holder] -->        window.onload = function() {<!-- [et_pb_line_break_holder] -->            var lien = document.getElementById('post-1413');<!-- [et_pb_line_break_holder] -->            lien.setAttribute('target', '_blank');<!-- [et_pb_line_break_holder] -->        };<!-- [et_pb_line_break_holder] -->    <\/script>[\/et_pb_code][et_pb_testimonial author=\u00bbThaye Dorje, el XVII Gyalwa Karmapa\u00bb _builder_version=\u00bb4.21.2&#8243; _module_preset=\u00bb572720b5-72ac-4a65-9e3f-d9811ed4046d\u00bb locked=\u00bboff\u00bb global_colors_info=\u00bb{}\u00bb]<\/p>\n<p style=\"text-align: center;\">\u00ab Es fundamental que se promuevan los valores no materiales, para ayudarnos a convertirnos en seres humanos equilibrados y ben\u00e9ficos, que utilicemos igualmente nuestra riqueza material para el mayor beneficio de nuestros semejantes. \u00bb<\/p>\n<p>[\/et_pb_testimonial][\/et_pb_column][et_pb_column type=\u00bb2_5&#8243; _builder_version=\u00bb4.16&#8243; _module_preset=\u00bbdefault\u00bb background_color=\u00bbrgba(171,0,50,0.4)\u00bb global_colors_info=\u00bb{}\u00bb][et_pb_text _builder_version=\u00bb4.23&#8243; _module_preset=\u00bbdefault\u00bb header_3_text_color=\u00bb#FFFFFF\u00bb header_3_font_size=\u00bb23px\u00bb custom_margin=\u00bb17px||15px|22px|false|false\u00bb global_colors_info=\u00bb{}\u00bb]<\/p>\n<h3>En portada<\/h3>\n<p>[\/et_pb_text][et_pb_video src=\u00bbhttps:\/\/youtu.be\/nmpSvFhJHng\u00bb _builder_version=\u00bb4.23&#8243; _module_preset=\u00bbdefault\u00bb custom_margin=\u00bb|25px|25px|25px|false|false\u00bb global_colors_info=\u00bb{}\u00bb][\/et_pb_video][et_pb_button button_url=\u00bb@ET-DC@eyJkeW5hbWljIjp0cnVlLCJjb250ZW50IjoicG9zdF9saW5rX3VybF9wcm9qZWN0Iiwic2V0dGluZ3MiOnsicG9zdF9pZCI6IjIwOTk2OCJ9fQ==@\u00bb button_text=\u00bbSaber m\u00e1s\u00bb button_alignment=\u00bbcenter\u00bb _builder_version=\u00bb4.23&#8243; _dynamic_attributes=\u00bbbutton_url\u00bb _module_preset=\u00bbdefault\u00bb button_bg_color=\u00bbrgba(255,255,255,0.87)\u00bb button_border_width=\u00bb1px\u00bb custom_margin=\u00bb||30px||false|false\u00bb global_colors_info=\u00bb{%22gcid-9b5f26ad-ce0a-4e53-af90-9971f6694090%22:%91%22button_text_color__hover%22,%22button_border_color__hover%22%93}\u00bb button_bg_color__hover_enabled=\u00bboff|desktop\u00bb button_text_color__hover_enabled=\u00bbon|hover\u00bb button_text_color__hover=\u00bb#ab0032&#8243; button_border_width__hover_enabled=\u00bbon|hover\u00bb button_border_width__hover=\u00bb1px\u00bb button_border_color__hover_enabled=\u00bbon|hover\u00bb button_border_color__hover=\u00bb#ab0032&#8243;][\/et_pb_button][\/et_pb_column][\/et_pb_row][\/et_pb_section][et_pb_section fb_built=\u00bb1&#8243; _builder_version=\u00bb4.19.1&#8243; _module_preset=\u00bbdefault\u00bb custom_padding=\u00bb51px|||||\u00bb global_colors_info=\u00bb{}\u00bb][et_pb_row _builder_version=\u00bb4.19.1&#8243; _module_preset=\u00bbdefault\u00bb global_colors_info=\u00bb{}\u00bb][et_pb_column type=\u00bb4_4&#8243; _builder_version=\u00bb4.19.1&#8243; _module_preset=\u00bbdefault\u00bb global_colors_info=\u00bb{}\u00bb][et_pb_filterable_portfolio fullwidth=\u00bboff\u00bb posts_number=\u00bb6&#8243; include_categories=\u00bb139,138,140&#8243; module_class=\u00bb  .three-column-portfolio\u00bb _builder_version=\u00bb4.27.3&#8243; _module_preset=\u00bbdefault\u00bb caption_line_height=\u00bb1.5em\u00bb hover_enabled=\u00bb0&#8243; border_width_all_image=\u00bb1px\u00bb border_color_all_image=\u00bb#D9D6D1&#8243; border_style_all_image=\u00bbdotted\u00bb global_colors_info=\u00bb{}\u00bb sticky_enabled=\u00bb0&#8243;][\/et_pb_filterable_portfolio][\/et_pb_column][\/et_pb_row][\/et_pb_section]<\/p>\n","protected":false},"excerpt":{"rendered":"<p>\tVous \u00eates ici :\n<span><span><a href=\"https:\/\/dhagpo.org\/es\/\">Accueil<\/a><\/span><\/span>Asociarse a actividades ben\u00e9ficasCultivar y compartir la riqueza interiorLos valores tradicionales del budismo son no materiales: la sabidur\u00eda, la benevolencia, la generosidad, por nombrar algunos de ellos. Seg\u00fan la ense\u00f1anza [&hellip;]<\/p>\n","protected":false},"author":1,"featured_media":0,"parent":0,"menu_order":0,"comment_status":"closed","ping_status":"closed","template":"","meta":{"_et_pb_use_builder":"on","_et_pb_old_content":"","_et_gb_content_width":"","ngg_post_thumbnail":0,"footnotes":""},"class_list":["post-211749","page","type-page","status-publish","hentry"],"yoast_head":"<!-- This site is optimized with the Yoast SEO plugin v27.1.1 - https:\/\/yoast.com\/product\/yoast-seo-wordpress\/ -->\n<title>Apoyar - Dhagpo Kagyu Ling<\/title>\n<meta name=\"robots\" content=\"index, follow, max-snippet:-1, max-image-preview:large, max-video-preview:-1\" \/>\n<link rel=\"canonical\" href=\"https:\/\/dhagpo.org\/soutenir\/\" \/>\n<meta property=\"og:locale\" content=\"es_ES\" \/>\n<meta property=\"og:type\" content=\"article\" \/>\n<meta property=\"og:title\" content=\"Apoyar - Dhagpo Kagyu Ling\" \/>\n<meta property=\"og:description\" content=\"Asociarse a actividades ben\u00e9ficasCultivar y compartir la riqueza interiorLos valores tradicionales del budismo son no materiales: la sabidur\u00eda, la benevolencia, la generosidad, por nombrar algunos de ellos. Seg\u00fan la ense\u00f1anza [&hellip;]\" \/>\n<meta property=\"og:url\" content=\"https:\/\/dhagpo.org\/soutenir\/\" \/>\n<meta property=\"og:site_name\" content=\"Dhagpo Kagyu Ling\" \/>\n<meta property=\"article:modified_time\" content=\"2024-12-08T14:24:09+00:00\" \/>\n<meta name=\"twitter:card\" content=\"summary_large_image\" \/>\n<meta name=\"twitter:label1\" content=\"Tiempo de lectura\" \/>\n\t<meta name=\"twitter:data1\" content=\"3 minutos\" \/>\n<script type=\"application\/ld+json\" class=\"yoast-schema-graph\">{\"@context\":\"https:\/\/schema.org\",\"@graph\":[{\"@type\":\"WebPage\",\"@id\":\"https:\/\/dhagpo.org\/soutenir\/\",\"url\":\"https:\/\/dhagpo.org\/soutenir\/\",\"name\":\"Apoyar - Dhagpo Kagyu Ling\",\"isPartOf\":{\"@id\":\"https:\/\/dhagpo.org\/#website\"},\"datePublished\":\"2023-10-30T13:41:26+00:00\",\"dateModified\":\"2024-12-08T14:24:09+00:00\",\"breadcrumb\":{\"@id\":\"https:\/\/dhagpo.org\/soutenir\/#breadcrumb\"},\"inLanguage\":\"es\",\"potentialAction\":[{\"@type\":\"ReadAction\",\"target\":[\"https:\/\/dhagpo.org\/soutenir\/\"]}]},{\"@type\":\"BreadcrumbList\",\"@id\":\"https:\/\/dhagpo.org\/soutenir\/#breadcrumb\",\"itemListElement\":[{\"@type\":\"ListItem\",\"position\":1,\"name\":\"Accueil\",\"item\":\"https:\/\/dhagpo.org\/es\/\"},{\"@type\":\"ListItem\",\"position\":2,\"name\":\"Apoyar\"}]},{\"@type\":\"WebSite\",\"@id\":\"https:\/\/dhagpo.org\/#website\",\"url\":\"https:\/\/dhagpo.org\/\",\"name\":\"Dhagpo Kagyu Ling\",\"description\":\"Un lieu pour comprendre et vivre le bouddhisme\",\"potentialAction\":[{\"@type\":\"SearchAction\",\"target\":{\"@type\":\"EntryPoint\",\"urlTemplate\":\"https:\/\/dhagpo.org\/?s={search_term_string}\"},\"query-input\":{\"@type\":\"PropertyValueSpecification\",\"valueRequired\":true,\"valueName\":\"search_term_string\"}}],\"inLanguage\":\"es\"}]}<\/script>\n<!-- \/ Yoast SEO plugin. -->","yoast_head_json":{"title":"Apoyar - Dhagpo Kagyu Ling","robots":{"index":"index","follow":"follow","max-snippet":"max-snippet:-1","max-image-preview":"max-image-preview:large","max-video-preview":"max-video-preview:-1"},"canonical":"https:\/\/dhagpo.org\/soutenir\/","og_locale":"es_ES","og_type":"article","og_title":"Apoyar - Dhagpo Kagyu Ling","og_description":"Asociarse a actividades ben\u00e9ficasCultivar y compartir la riqueza interiorLos valores tradicionales del budismo son no materiales: la sabidur\u00eda, la benevolencia, la generosidad, por nombrar algunos de ellos. Seg\u00fan la ense\u00f1anza [&hellip;]","og_url":"https:\/\/dhagpo.org\/soutenir\/","og_site_name":"Dhagpo Kagyu Ling","article_modified_time":"2024-12-08T14:24:09+00:00","twitter_card":"summary_large_image","twitter_misc":{"Tiempo de lectura":"3 minutos"},"schema":{"@context":"https:\/\/schema.org","@graph":[{"@type":"WebPage","@id":"https:\/\/dhagpo.org\/soutenir\/","url":"https:\/\/dhagpo.org\/soutenir\/","name":"Apoyar - Dhagpo Kagyu Ling","isPartOf":{"@id":"https:\/\/dhagpo.org\/#website"},"datePublished":"2023-10-30T13:41:26+00:00","dateModified":"2024-12-08T14:24:09+00:00","breadcrumb":{"@id":"https:\/\/dhagpo.org\/soutenir\/#breadcrumb"},"inLanguage":"es","potentialAction":[{"@type":"ReadAction","target":["https:\/\/dhagpo.org\/soutenir\/"]}]},{"@type":"BreadcrumbList","@id":"https:\/\/dhagpo.org\/soutenir\/#breadcrumb","itemListElement":[{"@type":"ListItem","position":1,"name":"Accueil","item":"https:\/\/dhagpo.org\/es\/"},{"@type":"ListItem","position":2,"name":"Apoyar"}]},{"@type":"WebSite","@id":"https:\/\/dhagpo.org\/#website","url":"https:\/\/dhagpo.org\/","name":"Dhagpo Kagyu Ling","description":"Un lieu pour comprendre et vivre le bouddhisme","potentialAction":[{"@type":"SearchAction","target":{"@type":"EntryPoint","urlTemplate":"https:\/\/dhagpo.org\/?s={search_term_string}"},"query-input":{"@type":"PropertyValueSpecification","valueRequired":true,"valueName":"search_term_string"}}],"inLanguage":"es"}]}},"_links":{"self":[{"href":"https:\/\/dhagpo.org\/es\/wp-json\/wp\/v2\/pages\/211749","targetHints":{"allow":["GET"]}}],"collection":[{"href":"https:\/\/dhagpo.org\/es\/wp-json\/wp\/v2\/pages"}],"about":[{"href":"https:\/\/dhagpo.org\/es\/wp-json\/wp\/v2\/types\/page"}],"author":[{"embeddable":true,"href":"https:\/\/dhagpo.org\/es\/wp-json\/wp\/v2\/users\/1"}],"replies":[{"embeddable":true,"href":"https:\/\/dhagpo.org\/es\/wp-json\/wp\/v2\/comments?post=211749"}],"version-history":[{"count":3,"href":"https:\/\/dhagpo.org\/es\/wp-json\/wp\/v2\/pages\/211749\/revisions"}],"predecessor-version":[{"id":223060,"href":"https:\/\/dhagpo.org\/es\/wp-json\/wp\/v2\/pages\/211749\/revisions\/223060"}],"wp:attachment":[{"href":"https:\/\/dhagpo.org\/es\/wp-json\/wp\/v2\/media?parent=211749"}],"curies":[{"name":"wp","href":"https:\/\/api.w.org\/{rel}","templated":true}]}}