{"id":211776,"date":"2023-10-30T15:59:20","date_gmt":"2023-10-30T14:59:20","guid":{"rendered":"http:\/\/dhagpo.org\/palabras-de-maestros\/"},"modified":"2023-11-24T14:32:08","modified_gmt":"2023-11-24T13:32:08","slug":"palabras-de-maestros","status":"publish","type":"page","link":"https:\/\/dhagpo.org\/es\/recursos\/palabras-de-maestros\/","title":{"rendered":"Palabras de maestros"},"content":{"rendered":"<p>[et_pb_section fb_built=\u00bb1&#8243; _builder_version=\u00bb4.20.4&#8243; _module_preset=\u00bb644a2a75-4b09-4239-b469-2cb915d4cb39&#8243; locked=\u00bboff\u00bb global_colors_info=\u00bb{}\u00bb][et_pb_row _builder_version=\u00bb4.16&#8243; global_colors_info=\u00bb{}\u00bb][et_pb_column type=\u00bb4_4&#8243; _builder_version=\u00bb4.16&#8243; global_colors_info=\u00bb{}\u00bb][et_pb_text _builder_version=\u00bb4.20.4&#8243; _module_preset=\u00bbcad70bde-6307-4d11-80c4-0b09b67458b3&#8243; global_colors_info=\u00bb{}\u00bb]<\/p>\n<h1>Palabras de maestros<\/h1>\n<p>[\/et_pb_text][\/et_pb_column][\/et_pb_row][\/et_pb_section][et_pb_section fb_built=\u00bb1&#8243; _builder_version=\u00bb4.20.2&#8243; _module_preset=\u00bbdefault\u00bb custom_padding=\u00bb0px||0px||false|false\u00bb global_colors_info=\u00bb{}\u00bb][et_pb_row _builder_version=\u00bb4.20.2&#8243; _module_preset=\u00bbdefault\u00bb custom_padding=\u00bb5px||2px||false|false\u00bb global_colors_info=\u00bb{%22gcid-ff546895-bc31-42f8-9f91-55d8ace67ab2%22:%91%22border_color_bottom%22,%22border_color_top%22%93}\u00bb][et_pb_column type=\u00bb4_4&#8243; _builder_version=\u00bb4.20.1&#8243; _module_preset=\u00bbdefault\u00bb global_colors_info=\u00bb{}\u00bb][et_pb_text _builder_version=\u00bb4.20.1&#8243; _module_preset=\u00bbdefault\u00bb text_font_size=\u00bb14px\u00bb custom_margin=\u00bb0px||5px||false|false\u00bb custom_padding=\u00bb0px||0px||false|false\u00bb global_colors_info=\u00bb{}\u00bb]<\/p>\n\tVous \u00eates ici :\n<span><span><a href=\"https:\/\/dhagpo.org\/es\/\">Accueil<\/a><\/span><\/span>\n<p>[\/et_pb_text][\/et_pb_column][\/et_pb_row][\/et_pb_section][et_pb_section fb_built=\u00bb1&#8243; _builder_version=\u00bb4.20.4&#8243; _module_preset=\u00bbdefault\u00bb custom_padding=\u00bb||38px||false|false\u00bb global_colors_info=\u00bb{}\u00bb][et_pb_row column_structure=\u00bb3_4,1_4&#8243; _builder_version=\u00bb4.20.4&#8243; _module_preset=\u00bbdefault\u00bb custom_padding=\u00bb||23px|||\u00bb global_colors_info=\u00bb{}\u00bb][et_pb_column type=\u00bb3_4&#8243; _builder_version=\u00bb4.20.4&#8243; _module_preset=\u00bbdefault\u00bb global_colors_info=\u00bb{}\u00bb][et_pb_text _builder_version=\u00bb4.20.4&#8243; _module_preset=\u00bb8588b902-875c-4ec8-a27e-7fc63f0ee55b\u00bb global_colors_info=\u00bb{}\u00bb]<\/p>\n<h2>Una antolog\u00eda de ense\u00f1anzas dadas en Dhagpo<\/h2>\n<p>[\/et_pb_text][et_pb_text _builder_version=\u00bb4.20.4&#8243; _module_preset=\u00bbdefault\u00bb global_colors_info=\u00bb{}\u00bb]La revista <em>Tendrel<\/em> fue publicada por el equipo de Dhagpo de 1982 a 2002, a un ritmo de dos o tres n\u00fameros anuales. En el primer n\u00famero se explica el significado del t\u00edtulo de esta revista: \u201c&nbsp;<em>Tendrel<\/em> significa conexi\u00f3n, v\u00ednculo&nbsp;\u00ab.<\/p>\n<p>Cada n\u00famero presenta la transcripci\u00f3n de una ense\u00f1anza dada a Dhagpo por maestros eminentes que han venido a lo largo de los a\u00f1os: los Karmapas <sup>XVI<\/sup> y <sup>XVII<\/sup>, Shamar Rimpoch\u00e9, Jamgon Kongtrul Rimpoch\u00e9, Gendun Rimpoch\u00e9, Beru Khyentse Rimpoch\u00e9, Gyaltrul Rimpoch\u00e9 y muchos otros.[\/et_pb_text][\/et_pb_column][et_pb_column type=\u00bb1_4&#8243; _builder_version=\u00bb4.20.4&#8243; _module_preset=\u00bbdefault\u00bb global_colors_info=\u00bb{}\u00bb][et_pb_image src=\u00bb@ET-DC@eyJkeW5hbWljIjp0cnVlLCJjb250ZW50IjoicG9zdF9mZWF0dXJlZF9pbWFnZSIsInNldHRpbmdzIjp7fX0=@\u00bb alt=\u00bbRecursos : palabras de maestros\u00bb title_text=\u00bbRecursos : palabras de maestros\u00bb _builder_version=\u00bb4.21.0&#8243; _dynamic_attributes=\u00bbsrc\u00bb _module_preset=\u00bbdefault\u00bb global_colors_info=\u00bb{}\u00bb][\/et_pb_image][\/et_pb_column][\/et_pb_row][et_pb_row _builder_version=\u00bb4.20.4&#8243; _module_preset=\u00bbdefault\u00bb global_colors_info=\u00bb{}\u00bb][et_pb_column type=\u00bb4_4&#8243; _builder_version=\u00bb4.20.4&#8243; _module_preset=\u00bbdefault\u00bb global_colors_info=\u00bb{}\u00bb][et_pb_text _builder_version=\u00bb4.23.1&#8243; _module_preset=\u00bbdefault\u00bb hover_enabled=\u00bb0&#8243; global_colors_info=\u00bb{}\u00bb sticky_enabled=\u00bb0&#8243;]<\/p>\n<p>En 2002 la publicaci\u00f3n de la revista lleg\u00f3 a su fin. Sin embargo, consciente del valor inestimable de estas ense\u00f1anzas, el equipo de Dhagpo ha querido hacer accesible este tesoro public\u00e1ndolo en la p\u00e1gina web de Dhagpo, para que estas ense\u00f1anzas sigan enriqueciendo la reflexi\u00f3n y la pr\u00e1ctica de todos.<\/p>\n<p>La colecci\u00f3n completa de los Tendrel tambi\u00e9n se puede consultar en la biblioteca, donde son de libre acceso, as\u00ed como en la <a href=\"https:\/\/catalogue.bibliotheque-dhagpo-kagyu.org\/#\/collection\/1991\" target=\"_blank\" rel=\"noopener\">base de datos de la biblioteca<\/a>, donde se pueden descargar e imprimir.<\/p>\n<p>Un minucioso trabajo de revisi\u00f3n y formato ha estado en curso durante varios a\u00f1os y <strong>las ense\u00f1anzas se van poniendo en l\u00ednea gradualmente y pueden ser consultadas por todos.<\/strong><\/p>\n<p><span style=\"font-weight: 400;\"><a href=\"#newsletter\">Ab\u00f3nate a nuestra Newsletter<\/a> para estar al corriente de las \u00faltimas publicaciones.<\/span><\/p>\n<p>[\/et_pb_text][\/et_pb_column][\/et_pb_row][\/et_pb_section][et_pb_section fb_built=\u00bb1&#8243; _builder_version=\u00bb4.20.4&#8243; _module_preset=\u00bbdefault\u00bb custom_padding=\u00bb31px||||false|false\u00bb box_shadow_style=\u00bbpreset2&#8243; box_shadow_horizontal=\u00bb4px\u00bb box_shadow_vertical=\u00bb4px\u00bb box_shadow_blur=\u00bb8px\u00bb global_colors_info=\u00bb{}\u00bb][et_pb_row _builder_version=\u00bb4.21.0&#8243; _module_preset=\u00bbdefault\u00bb global_colors_info=\u00bb{}\u00bb][et_pb_column type=\u00bb4_4&#8243; _builder_version=\u00bb4.20.0&#8243; _module_preset=\u00bbdefault\u00bb global_colors_info=\u00bb{}\u00bb][et_pb_blog_extras use_category_filterable_blog=\u00bbon\u00bb use_hamburger_category_filter=\u00bboff\u00bb show_all_posts_link=\u00bbon\u00bb all_posts_text=\u00bbTous\u00bb post_order=\u00bbASC\u00bb filterable_category_background_color=\u00bbgcid-0e31f813-9b2e-4fdd-9a29-d8b4986da10d\u00bb filterable_active_category_background_color=\u00bbgcid-0e31f813-9b2e-4fdd-9a29-d8b4986da10d\u00bb include_categories=\u00bb76,77,80,79&#8243; show_more=\u00bboff\u00bb show_date=\u00bboff\u00bb show_categories=\u00bboff\u00bb show_comments=\u00bboff\u00bb show_load_more=\u00bbon\u00bb pagination_type=\u00bboff\u00bb _builder_version=\u00bb4.21.0&#8243; _module_preset=\u00bbdefault\u00bb filterable_category_font_size=\u00bb19px\u00bb active_filterable_category_font=\u00bb|600|||||||\u00bb header_text_color=\u00bb#AB0032&#8243; body_text_color=\u00bb#6D6B65&#8243; meta_font=\u00bb||||||||\u00bb meta_text_color=\u00bb#6D6B65&#8243; meta_font_size=\u00bb20px\u00bb background_color=\u00bbRGBA(255,255,255,0)\u00bb custom_css_post_meta=\u00bb  pointer-events: none;|| cursor: default;\u00bb custom_css_read_more=\u00bbmargin:20px 0;||padding:0px 10px;||border: 1px solid #ab0032!important;;||display:inline-block; ||max-width:100px;||border-radius: 2px;||font-size:14px;||\u00bb custom_css_read_more_button=\u00bbbackground-color:#ab0032;||color:white;\u00bb border_style_all=\u00bbnone\u00bb locked=\u00bboff\u00bb global_colors_info=\u00bb{%22gcid-2faabe02-d170-48b4-ba29-8eddb5c1e134%22:%91%22category_color%22%93,%22gcid-0e31f813-9b2e-4fdd-9a29-d8b4986da10d%22:%91%22filterable_category_background_color%22,%22filterable_active_category_background_color%22%93}\u00bb custom_css_read_more__hover_enabled=\u00bbon|hover\u00bb custom_css_read_more__hover=\u00bbmargin:20px 0;||padding:0px 10px;||border: 1px solid #ab0032!important;;||display:inline-block; ||max-width:100px;||border-radius: 2px;||font-size:14px;||\u00bb][\/et_pb_blog_extras][\/et_pb_column][\/et_pb_row][\/et_pb_section]<\/p>\n","protected":false},"excerpt":{"rendered":"<p>Palabras de maestros\tVous \u00eates ici :\n<span><span><a href=\"https:\/\/dhagpo.org\/es\/\">Accueil<\/a><\/span><\/span>Una antolog\u00eda de ense\u00f1anzas dadas en DhagpoLa revista Tendrel fue publicada por el equipo de Dhagpo de 1982 a 2002, a un ritmo de dos o tres n\u00fameros [&hellip;]<\/p>\n","protected":false},"author":1,"featured_media":208441,"parent":212074,"menu_order":0,"comment_status":"closed","ping_status":"closed","template":"","meta":{"_et_pb_use_builder":"on","_et_pb_old_content":"","_et_gb_content_width":"","ngg_post_thumbnail":0,"footnotes":""},"class_list":["post-211776","page","type-page","status-publish","has-post-thumbnail","hentry"],"yoast_head":"<!-- This site is optimized with the Yoast SEO plugin v27.1.1 - https:\/\/yoast.com\/product\/yoast-seo-wordpress\/ -->\n<title>Palabras de maestros - Dhagpo Kagyu Ling<\/title>\n<meta name=\"robots\" content=\"index, follow, max-snippet:-1, max-image-preview:large, max-video-preview:-1\" \/>\n<link rel=\"canonical\" href=\"https:\/\/dhagpo.org\/ressources\/paroles-des-maitres\/\" \/>\n<meta property=\"og:locale\" content=\"es_ES\" \/>\n<meta property=\"og:type\" content=\"article\" \/>\n<meta property=\"og:title\" content=\"Palabras de maestros - Dhagpo Kagyu Ling\" \/>\n<meta property=\"og:description\" content=\"Palabras de maestrosUna antolog\u00eda de ense\u00f1anzas dadas en DhagpoLa revista Tendrel fue publicada por el equipo de Dhagpo de 1982 a 2002, a un ritmo de dos o tres n\u00fameros [&hellip;]\" \/>\n<meta property=\"og:url\" content=\"https:\/\/dhagpo.org\/ressources\/paroles-des-maitres\/\" \/>\n<meta property=\"og:site_name\" content=\"Dhagpo Kagyu Ling\" \/>\n<meta property=\"article:modified_time\" content=\"2023-11-24T13:32:08+00:00\" \/>\n<meta property=\"og:image\" content=\"https:\/\/dhagpo.org\/wp-content\/uploads\/2023\/08\/ressources_paroles-maitres.jpg\" \/>\n\t<meta property=\"og:image:width\" content=\"500\" \/>\n\t<meta property=\"og:image:height\" content=\"500\" \/>\n\t<meta property=\"og:image:type\" content=\"image\/jpeg\" \/>\n<meta name=\"twitter:card\" content=\"summary_large_image\" \/>\n<meta name=\"twitter:label1\" content=\"Tiempo de lectura\" \/>\n\t<meta name=\"twitter:data1\" content=\"2 minutos\" \/>\n<script type=\"application\/ld+json\" class=\"yoast-schema-graph\">{\"@context\":\"https:\/\/schema.org\",\"@graph\":[{\"@type\":\"WebPage\",\"@id\":\"https:\/\/dhagpo.org\/ressources\/paroles-des-maitres\/\",\"url\":\"https:\/\/dhagpo.org\/ressources\/paroles-des-maitres\/\",\"name\":\"Palabras de maestros - Dhagpo Kagyu Ling\",\"isPartOf\":{\"@id\":\"https:\/\/dhagpo.org\/#website\"},\"primaryImageOfPage\":{\"@id\":\"https:\/\/dhagpo.org\/ressources\/paroles-des-maitres\/#primaryimage\"},\"image\":{\"@id\":\"https:\/\/dhagpo.org\/ressources\/paroles-des-maitres\/#primaryimage\"},\"thumbnailUrl\":\"https:\/\/dhagpo.org\/wp-content\/uploads\/2023\/08\/ressources_paroles-maitres.jpg\",\"datePublished\":\"2023-10-30T14:59:20+00:00\",\"dateModified\":\"2023-11-24T13:32:08+00:00\",\"breadcrumb\":{\"@id\":\"https:\/\/dhagpo.org\/ressources\/paroles-des-maitres\/#breadcrumb\"},\"inLanguage\":\"es\",\"potentialAction\":[{\"@type\":\"ReadAction\",\"target\":[\"https:\/\/dhagpo.org\/ressources\/paroles-des-maitres\/\"]}]},{\"@type\":\"ImageObject\",\"inLanguage\":\"es\",\"@id\":\"https:\/\/dhagpo.org\/ressources\/paroles-des-maitres\/#primaryimage\",\"url\":\"https:\/\/dhagpo.org\/wp-content\/uploads\/2023\/08\/ressources_paroles-maitres.jpg\",\"contentUrl\":\"https:\/\/dhagpo.org\/wp-content\/uploads\/2023\/08\/ressources_paroles-maitres.jpg\",\"width\":500,\"height\":500,\"caption\":\"Ressources : paroles des maitres\"},{\"@type\":\"BreadcrumbList\",\"@id\":\"https:\/\/dhagpo.org\/ressources\/paroles-des-maitres\/#breadcrumb\",\"itemListElement\":[{\"@type\":\"ListItem\",\"position\":1,\"name\":\"Accueil\",\"item\":\"https:\/\/dhagpo.org\/es\/\"},{\"@type\":\"ListItem\",\"position\":2,\"name\":\"Recursos\",\"item\":\"https:\/\/dhagpo.org\/ressources\/\"},{\"@type\":\"ListItem\",\"position\":3,\"name\":\"Palabras de maestros\"}]},{\"@type\":\"WebSite\",\"@id\":\"https:\/\/dhagpo.org\/#website\",\"url\":\"https:\/\/dhagpo.org\/\",\"name\":\"Dhagpo Kagyu Ling\",\"description\":\"Un lieu pour comprendre et vivre le bouddhisme\",\"potentialAction\":[{\"@type\":\"SearchAction\",\"target\":{\"@type\":\"EntryPoint\",\"urlTemplate\":\"https:\/\/dhagpo.org\/?s={search_term_string}\"},\"query-input\":{\"@type\":\"PropertyValueSpecification\",\"valueRequired\":true,\"valueName\":\"search_term_string\"}}],\"inLanguage\":\"es\"}]}<\/script>\n<!-- \/ Yoast SEO plugin. -->","yoast_head_json":{"title":"Palabras de maestros - Dhagpo Kagyu Ling","robots":{"index":"index","follow":"follow","max-snippet":"max-snippet:-1","max-image-preview":"max-image-preview:large","max-video-preview":"max-video-preview:-1"},"canonical":"https:\/\/dhagpo.org\/ressources\/paroles-des-maitres\/","og_locale":"es_ES","og_type":"article","og_title":"Palabras de maestros - Dhagpo Kagyu Ling","og_description":"Palabras de maestrosUna antolog\u00eda de ense\u00f1anzas dadas en DhagpoLa revista Tendrel fue publicada por el equipo de Dhagpo de 1982 a 2002, a un ritmo de dos o tres n\u00fameros [&hellip;]","og_url":"https:\/\/dhagpo.org\/ressources\/paroles-des-maitres\/","og_site_name":"Dhagpo Kagyu Ling","article_modified_time":"2023-11-24T13:32:08+00:00","og_image":[{"width":500,"height":500,"url":"https:\/\/dhagpo.org\/wp-content\/uploads\/2023\/08\/ressources_paroles-maitres.jpg","type":"image\/jpeg"}],"twitter_card":"summary_large_image","twitter_misc":{"Tiempo de lectura":"2 minutos"},"schema":{"@context":"https:\/\/schema.org","@graph":[{"@type":"WebPage","@id":"https:\/\/dhagpo.org\/ressources\/paroles-des-maitres\/","url":"https:\/\/dhagpo.org\/ressources\/paroles-des-maitres\/","name":"Palabras de maestros - Dhagpo Kagyu Ling","isPartOf":{"@id":"https:\/\/dhagpo.org\/#website"},"primaryImageOfPage":{"@id":"https:\/\/dhagpo.org\/ressources\/paroles-des-maitres\/#primaryimage"},"image":{"@id":"https:\/\/dhagpo.org\/ressources\/paroles-des-maitres\/#primaryimage"},"thumbnailUrl":"https:\/\/dhagpo.org\/wp-content\/uploads\/2023\/08\/ressources_paroles-maitres.jpg","datePublished":"2023-10-30T14:59:20+00:00","dateModified":"2023-11-24T13:32:08+00:00","breadcrumb":{"@id":"https:\/\/dhagpo.org\/ressources\/paroles-des-maitres\/#breadcrumb"},"inLanguage":"es","potentialAction":[{"@type":"ReadAction","target":["https:\/\/dhagpo.org\/ressources\/paroles-des-maitres\/"]}]},{"@type":"ImageObject","inLanguage":"es","@id":"https:\/\/dhagpo.org\/ressources\/paroles-des-maitres\/#primaryimage","url":"https:\/\/dhagpo.org\/wp-content\/uploads\/2023\/08\/ressources_paroles-maitres.jpg","contentUrl":"https:\/\/dhagpo.org\/wp-content\/uploads\/2023\/08\/ressources_paroles-maitres.jpg","width":500,"height":500,"caption":"Ressources : paroles des maitres"},{"@type":"BreadcrumbList","@id":"https:\/\/dhagpo.org\/ressources\/paroles-des-maitres\/#breadcrumb","itemListElement":[{"@type":"ListItem","position":1,"name":"Accueil","item":"https:\/\/dhagpo.org\/es\/"},{"@type":"ListItem","position":2,"name":"Recursos","item":"https:\/\/dhagpo.org\/ressources\/"},{"@type":"ListItem","position":3,"name":"Palabras de maestros"}]},{"@type":"WebSite","@id":"https:\/\/dhagpo.org\/#website","url":"https:\/\/dhagpo.org\/","name":"Dhagpo Kagyu Ling","description":"Un lieu pour comprendre et vivre le bouddhisme","potentialAction":[{"@type":"SearchAction","target":{"@type":"EntryPoint","urlTemplate":"https:\/\/dhagpo.org\/?s={search_term_string}"},"query-input":{"@type":"PropertyValueSpecification","valueRequired":true,"valueName":"search_term_string"}}],"inLanguage":"es"}]}},"_links":{"self":[{"href":"https:\/\/dhagpo.org\/es\/wp-json\/wp\/v2\/pages\/211776","targetHints":{"allow":["GET"]}}],"collection":[{"href":"https:\/\/dhagpo.org\/es\/wp-json\/wp\/v2\/pages"}],"about":[{"href":"https:\/\/dhagpo.org\/es\/wp-json\/wp\/v2\/types\/page"}],"author":[{"embeddable":true,"href":"https:\/\/dhagpo.org\/es\/wp-json\/wp\/v2\/users\/1"}],"replies":[{"embeddable":true,"href":"https:\/\/dhagpo.org\/es\/wp-json\/wp\/v2\/comments?post=211776"}],"version-history":[{"count":7,"href":"https:\/\/dhagpo.org\/es\/wp-json\/wp\/v2\/pages\/211776\/revisions"}],"predecessor-version":[{"id":212432,"href":"https:\/\/dhagpo.org\/es\/wp-json\/wp\/v2\/pages\/211776\/revisions\/212432"}],"up":[{"embeddable":true,"href":"https:\/\/dhagpo.org\/es\/wp-json\/wp\/v2\/pages\/212074"}],"wp:featuredmedia":[{"embeddable":true,"href":"https:\/\/dhagpo.org\/es\/wp-json\/wp\/v2\/media\/208441"}],"wp:attachment":[{"href":"https:\/\/dhagpo.org\/es\/wp-json\/wp\/v2\/media?parent=211776"}],"curies":[{"name":"wp","href":"https:\/\/api.w.org\/{rel}","templated":true}]}}