{"id":211822,"date":"2023-10-30T17:53:24","date_gmt":"2023-10-30T16:53:24","guid":{"rendered":"http:\/\/dhagpo.org\/contacto\/"},"modified":"2023-11-20T09:30:13","modified_gmt":"2023-11-20T08:30:13","slug":"contacto","status":"publish","type":"page","link":"https:\/\/dhagpo.org\/es\/contacto\/","title":{"rendered":"Contacto"},"content":{"rendered":"<p>[et_pb_section fb_built=\u00bb1&#8243; _builder_version=\u00bb4.21.0&#8243; _module_preset=\u00bbdefault\u00bb background_image=\u00bbhttp:\/\/dhagpo.org\/wp-content\/uploads\/2022\/06\/head_stupa-contact-3.jpg\u00bb custom_padding=\u00bb90px||97px|||\u00bb background_last_edited=\u00bbon|desktop\u00bb background_image_tablet=\u00bbhttp:\/\/dhagpo.org\/wp-content\/uploads\/2023\/07\/header_contact_tablette.jpg\u00bb background_image_phone=\u00bbhttp:\/\/dhagpo.org\/wp-content\/uploads\/2023\/07\/header_contact_mobile-1.jpg\u00bb background_enable_image_tablet=\u00bbon\u00bb background_enable_image_phone=\u00bbon\u00bb locked=\u00bboff\u00bb global_colors_info=\u00bb{}\u00bb][et_pb_row _builder_version=\u00bb4.16&#8243; locked=\u00bboff\u00bb global_colors_info=\u00bb{}\u00bb][et_pb_column type=\u00bb4_4&#8243; _builder_version=\u00bb4.16&#8243; global_colors_info=\u00bb{}\u00bb][et_pb_text _builder_version=\u00bb4.16&#8243; _dynamic_attributes=\u00bbcontent\u00bb text_text_color=\u00bb#FFFFFF\u00bb header_font=\u00bb|300|||||||\u00bb header_text_align=\u00bbleft\u00bb header_text_color=\u00bb#FFFFFF\u00bb header_font_size=\u00bb39px\u00bb module_alignment=\u00bbcenter\u00bb custom_margin=\u00bb||0px||false|false\u00bb custom_padding=\u00bb10px||7px||false|false\u00bb custom_css_main_element=\u00bbdisplay: inline-block;\u00bb border_color_all=\u00bb#FFFFFF\u00bb border_width_top=\u00bb1px\u00bb border_width_bottom=\u00bb1px\u00bb global_colors_info=\u00bb{}\u00bb]@ET-DC@eyJkeW5hbWljIjp0cnVlLCJjb250ZW50IjoicG9zdF90aXRsZSIsInNldHRpbmdzIjp7ImJlZm9yZSI6IjxoMT4iLCJhZnRlciI6IjwvaDE+In19@[\/et_pb_text][\/et_pb_column][\/et_pb_row][\/et_pb_section][et_pb_section fb_built=\u00bb1&#8243; _builder_version=\u00bb4.20.1&#8243; _module_preset=\u00bbdefault\u00bb background_color=\u00bbgcid-0e31f813-9b2e-4fdd-9a29-d8b4986da10d\u00bb custom_margin=\u00bb0px||0px||false|false\u00bb custom_padding=\u00bb0px||0px||false|false\u00bb saved_tabs=\u00bball\u00bb locked=\u00bboff\u00bb global_colors_info=\u00bb{%22gcid-0e31f813-9b2e-4fdd-9a29-d8b4986da10d%22:%91%22background_color%22%93}\u00bb][et_pb_row _builder_version=\u00bb4.20.2&#8243; _module_preset=\u00bbdefault\u00bb custom_padding=\u00bb5px||2px||false|false\u00bb global_colors_info=\u00bb{}\u00bb][et_pb_column type=\u00bb4_4&#8243; _builder_version=\u00bb4.20.1&#8243; _module_preset=\u00bbdefault\u00bb global_colors_info=\u00bb{}\u00bb][et_pb_text _builder_version=\u00bb4.21.2&#8243; _module_preset=\u00bbdefault\u00bb text_font_size=\u00bb14px\u00bb custom_margin=\u00bb0px||5px||false|false\u00bb custom_padding=\u00bb0px||0px||false|false\u00bb global_colors_info=\u00bb{}\u00bb]<\/p>\n\tVous \u00eates ici :\n<span><span><a href=\"https:\/\/dhagpo.org\/es\/\">Accueil<\/a><\/span><\/span>\n<p>[\/et_pb_text][\/et_pb_column][\/et_pb_row][\/et_pb_section][et_pb_section fb_built=\u00bb1&#8243; _builder_version=\u00bb4.16&#8243; _module_preset=\u00bbdefault\u00bb custom_padding=\u00bb31px||45px|||\u00bb global_colors_info=\u00bb{}\u00bb][et_pb_row _builder_version=\u00bb4.16&#8243; _module_preset=\u00bbdefault\u00bb global_colors_info=\u00bb{}\u00bb][et_pb_column type=\u00bb4_4&#8243; _builder_version=\u00bb4.16&#8243; _module_preset=\u00bbdefault\u00bb global_colors_info=\u00bb{}\u00bb][et_pb_text _builder_version=\u00bb4.23.1&#8243; _module_preset=\u00bbdefault\u00bb hover_enabled=\u00bb0&#8243; global_colors_info=\u00bb{}\u00bb sticky_enabled=\u00bb0&#8243;]<\/p>\n<p>El equipo de la recepci\u00f3n est\u00e1 a tu disposici\u00f3n para responder a tus dudas e informarte sobre la actividad y el programa de Dhagpo.<\/p>\n<p>[\/et_pb_text][\/et_pb_column][\/et_pb_row][et_pb_row _builder_version=\u00bb4.16&#8243; _module_preset=\u00bbdefault\u00bb custom_padding=\u00bb||11px|||\u00bb global_colors_info=\u00bb{}\u00bb][et_pb_column type=\u00bb4_4&#8243; _builder_version=\u00bb4.16&#8243; _module_preset=\u00bbdefault\u00bb global_colors_info=\u00bb{}\u00bb][et_pb_text _builder_version=\u00bb4.23.1&#8243; _module_preset=\u00bbea086567-139a-4130-90fb-e4f237599a16&#8243; hover_enabled=\u00bb0&#8243; global_colors_info=\u00bb{}\u00bb sticky_enabled=\u00bb0&#8243;]<\/p>\n<h2>Contacta con nosotros<\/h2>\n<p>[\/et_pb_text][\/et_pb_column][\/et_pb_row][et_pb_row column_structure=\u00bb1_2,1_2&#8243; _builder_version=\u00bb4.16&#8243; _module_preset=\u00bbdefault\u00bb global_colors_info=\u00bb{}\u00bb][et_pb_column type=\u00bb1_2&#8243; _builder_version=\u00bb4.16&#8243; _module_preset=\u00bbdefault\u00bb global_colors_info=\u00bb{}\u00bb][et_pb_text _builder_version=\u00bb4.23.1&#8243; _module_preset=\u00bbdefault\u00bb hover_enabled=\u00bb0&#8243; global_colors_info=\u00bb{}\u00bb sticky_enabled=\u00bb0&#8243;]<\/p>\n<p>Si tienes alguna pregunta, no dudes en ponerte en contacto con nosotros:<\/p>\n<p>[\/et_pb_text][et_pb_text _builder_version=\u00bb4.21.0&#8243; _module_preset=\u00bbdefault\u00bb header_4_font=\u00bb|300|||||||\u00bb global_colors_info=\u00bb{}\u00bb]<\/p>\n<p><b><img loading=\"lazy\" decoding=\"async\" src=\"http:\/\/dhagpo.org\/wp-content\/uploads\/2022\/04\/email.png\" width=\"32\" height=\"32\" alt=\"\" class=\"wp-image-2711 alignleft size-full\">mail<\/b>: <a href=\"mailto:contact@dhagpo.org\">contact@dhagpo.org<\/a><\/p>\n<p><strong><img loading=\"lazy\" decoding=\"async\" src=\"http:\/\/dhagpo.org\/wp-content\/uploads\/2022\/04\/telephone.png\" width=\"32\" height=\"32\" alt=\"\" class=\"wp-image-2715 alignleft size-full\">tel\u00e9fono<\/strong> : <a href=\"tel:0553507075\" title=\"Cliquer pour nous appeler au t\u00e9l\u00e9phone\">+335 53 50 70 75<\/a><\/p>\n<p>[\/et_pb_text][et_pb_text _builder_version=\u00bb4.23.1&#8243; _module_preset=\u00bbdefault\u00bb hover_enabled=\u00bb0&#8243; global_colors_info=\u00bb{}\u00bb sticky_enabled=\u00bb0&#8243;]<\/p>\n<p><strong>Horarios de la recepci\u00f3n<\/strong><\/p>\n<p>Para conocer los horarios de apertura de la recepci\u00f3n (actualizados regularmente), gracias por llamar\u00a0 <a href=\"tel:0553507075\" title=\"Cliquer pour nous appeler au t\u00e9l\u00e9phone\">+33 5 53 50 70 75<\/a><\/p>\n<p>[\/et_pb_text][\/et_pb_column][et_pb_column type=\u00bb1_2&#8243; _builder_version=\u00bb4.16&#8243; _module_preset=\u00bbdefault\u00bb global_colors_info=\u00bb{}\u00bb][et_pb_image src=\u00bbhttp:\/\/dhagpo.org\/wp-content\/uploads\/2023\/07\/contact-accueil.jpg\u00bb alt=\u00bbContacto &#8211; Dhagpo Kagyu Ling\u00bb title_text=\u00bbContacto &#8211; Dhagpo Kagyu Ling\u00bb _builder_version=\u00bb4.21.0&#8243; _module_preset=\u00bbdefault\u00bb global_colors_info=\u00bb{}\u00bb][\/et_pb_image][\/et_pb_column][\/et_pb_row][\/et_pb_section][et_pb_section fb_built=\u00bb1&#8243; module_id=\u00bbcontacto\u00bb _builder_version=\u00bb4.16&#8243; _module_preset=\u00bbdefault\u00bb custom_padding=\u00bb31px||33px|||\u00bb box_shadow_style=\u00bbpreset2&#8243; box_shadow_horizontal=\u00bb1px\u00bb box_shadow_vertical=\u00bb1px\u00bb box_shadow_blur=\u00bb3px\u00bb global_colors_info=\u00bb{}\u00bb][et_pb_row column_structure=\u00bb1_2,1_2&#8243; _builder_version=\u00bb4.16&#8243; _module_preset=\u00bbdefault\u00bb global_colors_info=\u00bb{}\u00bb][et_pb_column type=\u00bb1_2&#8243; _builder_version=\u00bb4.16&#8243; _module_preset=\u00bbdefault\u00bb global_colors_info=\u00bb{}\u00bb][et_pb_text _builder_version=\u00bb4.21.2&#8243; _module_preset=\u00bbea086567-139a-4130-90fb-e4f237599a16&#8243; custom_margin=\u00bb||32px||false|false\u00bb global_colors_info=\u00bb{}\u00bb]<\/p>\n<h2>\u00bfC\u00f3mo llegar a Dhagpo?<\/h2>\n<p>[\/et_pb_text][et_pb_text _builder_version=\u00bb4.17.3&#8243; _module_preset=\u00bbdefault\u00bb global_colors_info=\u00bb{}\u00bb]<\/p>\n<p> <strong><img loading=\"lazy\" decoding=\"async\" class=\"wp-image-2700 alignleft size-full\" src=\"http:\/\/dhagpo.org\/wp-content\/uploads\/2022\/04\/gps-1.png\" alt=\"\" width=\"32\" height=\"32\"> Direcci\u00f3n<\/strong> : 4430 route de la C\u00f4te de Jor \u2013 Landrevie 24290 Saint-Le\u0301on-Sur-Ve\u0301ze\u0300re, France<br \/>24290 Saint-Le\u0301on-Sur-Ve\u0301ze\u0300re France<\/p>\n<p><strong><img loading=\"lazy\" decoding=\"async\" class=\"wp-image-2696 alignleft size-full\" src=\"http:\/\/dhagpo.org\/wp-content\/uploads\/2022\/04\/auto.png\" alt=\"\" width=\"32\" height=\"32\"> GPS<\/strong> : Latitud : 44.999555<br \/>Longitud : 1.061211<\/p>\n<p><strong><img loading=\"lazy\" decoding=\"async\" class=\"wp-image-2692 alignleft size-full\" src=\"http:\/\/dhagpo.org\/wp-content\/uploads\/2022\/04\/former.png\" alt=\"\" width=\"32\" height=\"32\">Estaci\u00f3n de tren<\/strong> m\u00e1s cercana: Les Eyzies-de-Tayac-Sireuil<\/p>\n<p>&nbsp;<\/p>\n<p>&nbsp;<\/p>\n<p>[\/et_pb_text][\/et_pb_column][et_pb_column type=\u00bb1_2&#8243; _builder_version=\u00bb4.16&#8243; _module_preset=\u00bbdefault\u00bb global_colors_info=\u00bb{}\u00bb][et_pb_code _builder_version=\u00bb4.20.2&#8243; _module_preset=\u00bbdefault\u00bb custom_margin=\u00bb||15px|||\u00bb global_colors_info=\u00bb{}\u00bb]<iframe src=\"https:\/\/www.google.com\/maps\/embed?pb=!1m18!1m12!1m3!1d121367.14053328239!2d1.0354454509230027!3d45.0068362331882!2m3!1f0!2f0!3f0!3m2!1i1024!2i768!4f13.1!3m3!1m2!1s0x47ff57ff3cc1f233%3A0x741ee6c61eba31f6!2sDhagpo%20Kagyu%20Ling!5e0!3m2!1sfr!2sfr!4v1648922216771!5m2!1sfr!2sfr\" width=\"600\" height=\"300\" style=\"border:0;\" allowfullscreen=\"\" loading=\"lazy\" referrerpolicy=\"no-referrer-when-downgrade\"><\/iframe>[\/et_pb_code][\/et_pb_column][\/et_pb_row][\/et_pb_section]<\/p>\n","protected":false},"excerpt":{"rendered":"<p>\tVous \u00eates ici :\n<span><span><a href=\"https:\/\/dhagpo.org\/es\/\">Accueil<\/a><\/span><\/span>El equipo de la recepci\u00f3n est\u00e1 a tu disposici\u00f3n para responder a tus dudas e informarte sobre la actividad y el programa de Dhagpo.Contacta con nosotrosSi tienes alguna pregunta, no [&hellip;]<\/p>\n","protected":false},"author":1,"featured_media":0,"parent":0,"menu_order":0,"comment_status":"closed","ping_status":"closed","template":"","meta":{"_et_pb_use_builder":"on","_et_pb_old_content":"","_et_gb_content_width":"","ngg_post_thumbnail":0,"footnotes":""},"class_list":["post-211822","page","type-page","status-publish","hentry"],"yoast_head":"<!-- This site is optimized with the Yoast SEO plugin v27.1.1 - https:\/\/yoast.com\/product\/yoast-seo-wordpress\/ -->\n<title>Contacto - Dhagpo Kagyu Ling<\/title>\n<meta name=\"robots\" content=\"index, follow, max-snippet:-1, max-image-preview:large, max-video-preview:-1\" \/>\n<link rel=\"canonical\" href=\"https:\/\/dhagpo.org\/contact\/\" \/>\n<meta property=\"og:locale\" content=\"es_ES\" \/>\n<meta property=\"og:type\" content=\"article\" \/>\n<meta property=\"og:title\" content=\"Contacto - Dhagpo Kagyu Ling\" \/>\n<meta property=\"og:description\" content=\"El equipo de la recepci\u00f3n est\u00e1 a tu disposici\u00f3n para responder a tus dudas e informarte sobre la actividad y el programa de Dhagpo.Contacta con nosotrosSi tienes alguna pregunta, no [&hellip;]\" \/>\n<meta property=\"og:url\" content=\"https:\/\/dhagpo.org\/contact\/\" \/>\n<meta property=\"og:site_name\" content=\"Dhagpo Kagyu Ling\" \/>\n<meta property=\"article:modified_time\" content=\"2023-11-20T08:30:13+00:00\" \/>\n<meta property=\"og:image\" content=\"http:\/\/dhagpo.org\/wp-content\/uploads\/2022\/04\/email.png\" \/>\n<meta name=\"twitter:card\" content=\"summary_large_image\" \/>\n<meta name=\"twitter:label1\" content=\"Tiempo de lectura\" \/>\n\t<meta name=\"twitter:data1\" content=\"4 minutos\" \/>\n<script type=\"application\/ld+json\" class=\"yoast-schema-graph\">{\"@context\":\"https:\/\/schema.org\",\"@graph\":[{\"@type\":\"WebPage\",\"@id\":\"https:\/\/dhagpo.org\/contact\/\",\"url\":\"https:\/\/dhagpo.org\/contact\/\",\"name\":\"Contacto - Dhagpo Kagyu Ling\",\"isPartOf\":{\"@id\":\"https:\/\/dhagpo.org\/#website\"},\"primaryImageOfPage\":{\"@id\":\"https:\/\/dhagpo.org\/contact\/#primaryimage\"},\"image\":{\"@id\":\"https:\/\/dhagpo.org\/contact\/#primaryimage\"},\"thumbnailUrl\":\"http:\/\/dhagpo.org\/wp-content\/uploads\/2022\/04\/email.png\",\"datePublished\":\"2023-10-30T16:53:24+00:00\",\"dateModified\":\"2023-11-20T08:30:13+00:00\",\"breadcrumb\":{\"@id\":\"https:\/\/dhagpo.org\/contact\/#breadcrumb\"},\"inLanguage\":\"es\",\"potentialAction\":[{\"@type\":\"ReadAction\",\"target\":[\"https:\/\/dhagpo.org\/contact\/\"]}]},{\"@type\":\"ImageObject\",\"inLanguage\":\"es\",\"@id\":\"https:\/\/dhagpo.org\/contact\/#primaryimage\",\"url\":\"http:\/\/dhagpo.org\/wp-content\/uploads\/2022\/04\/email.png\",\"contentUrl\":\"http:\/\/dhagpo.org\/wp-content\/uploads\/2022\/04\/email.png\"},{\"@type\":\"BreadcrumbList\",\"@id\":\"https:\/\/dhagpo.org\/contact\/#breadcrumb\",\"itemListElement\":[{\"@type\":\"ListItem\",\"position\":1,\"name\":\"Accueil\",\"item\":\"https:\/\/dhagpo.org\/es\/\"},{\"@type\":\"ListItem\",\"position\":2,\"name\":\"Contacto\"}]},{\"@type\":\"WebSite\",\"@id\":\"https:\/\/dhagpo.org\/#website\",\"url\":\"https:\/\/dhagpo.org\/\",\"name\":\"Dhagpo Kagyu Ling\",\"description\":\"Un lieu pour comprendre et vivre le bouddhisme\",\"potentialAction\":[{\"@type\":\"SearchAction\",\"target\":{\"@type\":\"EntryPoint\",\"urlTemplate\":\"https:\/\/dhagpo.org\/?s={search_term_string}\"},\"query-input\":{\"@type\":\"PropertyValueSpecification\",\"valueRequired\":true,\"valueName\":\"search_term_string\"}}],\"inLanguage\":\"es\"}]}<\/script>\n<!-- \/ Yoast SEO plugin. -->","yoast_head_json":{"title":"Contacto - Dhagpo Kagyu Ling","robots":{"index":"index","follow":"follow","max-snippet":"max-snippet:-1","max-image-preview":"max-image-preview:large","max-video-preview":"max-video-preview:-1"},"canonical":"https:\/\/dhagpo.org\/contact\/","og_locale":"es_ES","og_type":"article","og_title":"Contacto - Dhagpo Kagyu Ling","og_description":"El equipo de la recepci\u00f3n est\u00e1 a tu disposici\u00f3n para responder a tus dudas e informarte sobre la actividad y el programa de Dhagpo.Contacta con nosotrosSi tienes alguna pregunta, no [&hellip;]","og_url":"https:\/\/dhagpo.org\/contact\/","og_site_name":"Dhagpo Kagyu Ling","article_modified_time":"2023-11-20T08:30:13+00:00","og_image":[{"url":"http:\/\/dhagpo.org\/wp-content\/uploads\/2022\/04\/email.png","type":"","width":"","height":""}],"twitter_card":"summary_large_image","twitter_misc":{"Tiempo de lectura":"4 minutos"},"schema":{"@context":"https:\/\/schema.org","@graph":[{"@type":"WebPage","@id":"https:\/\/dhagpo.org\/contact\/","url":"https:\/\/dhagpo.org\/contact\/","name":"Contacto - Dhagpo Kagyu Ling","isPartOf":{"@id":"https:\/\/dhagpo.org\/#website"},"primaryImageOfPage":{"@id":"https:\/\/dhagpo.org\/contact\/#primaryimage"},"image":{"@id":"https:\/\/dhagpo.org\/contact\/#primaryimage"},"thumbnailUrl":"http:\/\/dhagpo.org\/wp-content\/uploads\/2022\/04\/email.png","datePublished":"2023-10-30T16:53:24+00:00","dateModified":"2023-11-20T08:30:13+00:00","breadcrumb":{"@id":"https:\/\/dhagpo.org\/contact\/#breadcrumb"},"inLanguage":"es","potentialAction":[{"@type":"ReadAction","target":["https:\/\/dhagpo.org\/contact\/"]}]},{"@type":"ImageObject","inLanguage":"es","@id":"https:\/\/dhagpo.org\/contact\/#primaryimage","url":"http:\/\/dhagpo.org\/wp-content\/uploads\/2022\/04\/email.png","contentUrl":"http:\/\/dhagpo.org\/wp-content\/uploads\/2022\/04\/email.png"},{"@type":"BreadcrumbList","@id":"https:\/\/dhagpo.org\/contact\/#breadcrumb","itemListElement":[{"@type":"ListItem","position":1,"name":"Accueil","item":"https:\/\/dhagpo.org\/es\/"},{"@type":"ListItem","position":2,"name":"Contacto"}]},{"@type":"WebSite","@id":"https:\/\/dhagpo.org\/#website","url":"https:\/\/dhagpo.org\/","name":"Dhagpo Kagyu Ling","description":"Un lieu pour comprendre et vivre le bouddhisme","potentialAction":[{"@type":"SearchAction","target":{"@type":"EntryPoint","urlTemplate":"https:\/\/dhagpo.org\/?s={search_term_string}"},"query-input":{"@type":"PropertyValueSpecification","valueRequired":true,"valueName":"search_term_string"}}],"inLanguage":"es"}]}},"_links":{"self":[{"href":"https:\/\/dhagpo.org\/es\/wp-json\/wp\/v2\/pages\/211822","targetHints":{"allow":["GET"]}}],"collection":[{"href":"https:\/\/dhagpo.org\/es\/wp-json\/wp\/v2\/pages"}],"about":[{"href":"https:\/\/dhagpo.org\/es\/wp-json\/wp\/v2\/types\/page"}],"author":[{"embeddable":true,"href":"https:\/\/dhagpo.org\/es\/wp-json\/wp\/v2\/users\/1"}],"replies":[{"embeddable":true,"href":"https:\/\/dhagpo.org\/es\/wp-json\/wp\/v2\/comments?post=211822"}],"version-history":[{"count":10,"href":"https:\/\/dhagpo.org\/es\/wp-json\/wp\/v2\/pages\/211822\/revisions"}],"predecessor-version":[{"id":212334,"href":"https:\/\/dhagpo.org\/es\/wp-json\/wp\/v2\/pages\/211822\/revisions\/212334"}],"wp:attachment":[{"href":"https:\/\/dhagpo.org\/es\/wp-json\/wp\/v2\/media?parent=211822"}],"curies":[{"name":"wp","href":"https:\/\/api.w.org\/{rel}","templated":true}]}}