{"id":212074,"date":"2023-11-09T18:50:40","date_gmt":"2023-11-09T17:50:40","guid":{"rendered":"http:\/\/dhagpo.org\/?page_id=212074"},"modified":"2023-11-24T14:58:51","modified_gmt":"2023-11-24T13:58:51","slug":"recursos","status":"publish","type":"page","link":"https:\/\/dhagpo.org\/es\/recursos\/","title":{"rendered":"Recursos"},"content":{"rendered":"<p>[et_pb_section fb_built=\u00bb1&#8243; _builder_version=\u00bb4.21.0&#8243; _module_preset=\u00bb6e3af1a0-d249-4306-9d54-b5a545b0512d\u00bb background_enable_color=\u00bboff\u00bb use_background_color_gradient=\u00bbon\u00bb background_color_gradient_direction=\u00bb90deg\u00bb background_color_gradient_stops=\u00bbrgba(12,10,10,0.41) 1%|rgba(33,18,18,0.1) 60%\u00bb background_color_gradient_overlays_image=\u00bbon\u00bb background_image=\u00bbhttp:\/\/dhagpo.org\/wp-content\/uploads\/2023\/07\/bandeau_ressources.jpg\u00bb custom_padding=\u00bb90px||97px|||\u00bb saved_tabs=\u00bball\u00bb locked=\u00bboff\u00bb collapsed=\u00bboff\u00bb global_colors_info=\u00bb{}\u00bb][et_pb_row _builder_version=\u00bb4.16&#8243; locked=\u00bboff\u00bb global_colors_info=\u00bb{}\u00bb][et_pb_column type=\u00bb4_4&#8243; _builder_version=\u00bb4.16&#8243; global_colors_info=\u00bb{}\u00bb][et_pb_text _builder_version=\u00bb4.19.4&#8243; _dynamic_attributes=\u00bbcontent\u00bb text_text_color=\u00bb#FFFFFF\u00bb header_font=\u00bb|300|||||||\u00bb header_text_align=\u00bbleft\u00bb header_text_color=\u00bb#FFFFFF\u00bb header_font_size=\u00bb39px\u00bb module_alignment=\u00bbcenter\u00bb custom_margin=\u00bb||0px||false|false\u00bb custom_padding=\u00bb10px||7px||false|false\u00bb custom_css_main_element=\u00bbdisplay: inline-block;\u00bb border_color_all=\u00bb#FFFFFF\u00bb border_width_top=\u00bb1px\u00bb border_width_bottom=\u00bb1px\u00bb global_colors_info=\u00bb{}\u00bb]@ET-DC@eyJkeW5hbWljIjp0cnVlLCJjb250ZW50IjoicG9zdF90aXRsZSIsInNldHRpbmdzIjp7ImJlZm9yZSI6IjxoMT4iLCJhZnRlciI6IjwvaDE+In19@[\/et_pb_text][\/et_pb_column][\/et_pb_row][\/et_pb_section][et_pb_section fb_built=\u00bb1&#8243; _builder_version=\u00bb4.20.1&#8243; _module_preset=\u00bbdefault\u00bb background_color=\u00bbgcid-0e31f813-9b2e-4fdd-9a29-d8b4986da10d\u00bb custom_margin=\u00bb0px||0px||false|false\u00bb custom_padding=\u00bb0px||0px||false|false\u00bb saved_tabs=\u00bball\u00bb locked=\u00bboff\u00bb global_colors_info=\u00bb{%22gcid-0e31f813-9b2e-4fdd-9a29-d8b4986da10d%22:%91%22background_color%22%93}\u00bb][et_pb_row _builder_version=\u00bb4.20.2&#8243; _module_preset=\u00bbdefault\u00bb custom_padding=\u00bb5px||2px||false|false\u00bb global_colors_info=\u00bb{}\u00bb][et_pb_column type=\u00bb4_4&#8243; _builder_version=\u00bb4.20.1&#8243; _module_preset=\u00bbdefault\u00bb global_colors_info=\u00bb{}\u00bb][et_pb_text _builder_version=\u00bb4.23&#8243; _module_preset=\u00bbdefault\u00bb text_font_size=\u00bb14px\u00bb custom_margin=\u00bb0px||5px||false|false\u00bb custom_padding=\u00bb0px||0px||false|false\u00bb global_colors_info=\u00bb{}\u00bb]<\/p>\n\tVous \u00eates ici :\n<span><span><a href=\"https:\/\/dhagpo.org\/es\/\">Accueil<\/a><\/span><\/span>\n<p>[\/et_pb_text][\/et_pb_column][\/et_pb_row][\/et_pb_section][et_pb_section fb_built=\u00bb1&#8243; _builder_version=\u00bb4.19.4&#8243; _module_preset=\u00bbdefault\u00bb custom_padding=\u00bb||7px||false|false\u00bb global_colors_info=\u00bb{}\u00bb][et_pb_row column_structure=\u00bb3_5,2_5&#8243; _builder_version=\u00bb4.19.4&#8243; _module_preset=\u00bbdefault\u00bb locked=\u00bboff\u00bb global_colors_info=\u00bb{}\u00bb][et_pb_column type=\u00bb3_5&#8243; _builder_version=\u00bb4.19.4&#8243; _module_preset=\u00bbdefault\u00bb global_colors_info=\u00bb{}\u00bb][et_pb_text _builder_version=\u00bb4.23&#8243; _module_preset=\u00bbdefault\u00bb hover_enabled=\u00bb0&#8243; global_colors_info=\u00bb{}\u00bb sticky_enabled=\u00bb0&#8243;]<\/p>\n<p>Adem\u00e1s de <em>Palabras de maestros<\/em>, de los <em>Cuadernillos del Instituto<\/em>, y de videos de ense\u00f1anzas que puedes encontrar en esta misma p\u00e1gina, esta secci\u00f3n se actualizar\u00e1 regularmente con los nuevos recursos. No dudes en abonarte a la <a href=\"#newsletter\">newsletter<\/a> para no perder ninguna informaci\u00f3n.<\/p>\n<p>[\/et_pb_text][\/et_pb_column][et_pb_column type=\u00bb2_5&#8243; _builder_version=\u00bb4.19.4&#8243; _module_preset=\u00bbdefault\u00bb global_colors_info=\u00bb{}\u00bb][et_pb_testimonial author=\u00bbLama Jigme Rimpoch\u00e9\u00bb _builder_version=\u00bb4.23&#8243; _module_preset=\u00bb572720b5-72ac-4a65-9e3f-d9811ed4046d\u00bb hover_enabled=\u00bb0&#8243; global_colors_info=\u00bb{}\u00bb sticky_enabled=\u00bb0&#8243;]<\/p>\n<p>\u00ab Practicar permite acumular m\u00e9ritos y desarrollar las cualidades pero no representa el resultado \u00faltimo. El despertar se obtiene sobre la base de una clara comprensi\u00f3n de las instrucciones y de su integraci\u00f3n en la pr\u00e1ctica\u00bb.<\/p>\n<p>[\/et_pb_testimonial][\/et_pb_column][\/et_pb_row][\/et_pb_section][et_pb_section fb_built=\u00bb1&#8243; _builder_version=\u00bb4.21.0&#8243; _module_preset=\u00bbdefault\u00bb custom_padding=\u00bb21px||||false|false\u00bb global_colors_info=\u00bb{}\u00bb][et_pb_row column_structure=\u00bb1_3,1_3,1_3&#8243; _builder_version=\u00bb4.21.0&#8243; _module_preset=\u00bbdefault\u00bb global_colors_info=\u00bb{}\u00bb][et_pb_column type=\u00bb1_3&#8243; _builder_version=\u00bb4.21.0&#8243; _module_preset=\u00bbdefault\u00bb global_colors_info=\u00bb{}\u00bb][et_pb_image src=\u00bbhttp:\/\/dhagpo.org\/wp-content\/uploads\/2023\/08\/ressources_paroles-maitres.jpg\u00bb alt=\u00bbRessources : paroles des maitres\u00bb title_text=\u00bbRessources : paroles des maitres\u00bb align=\u00bbcenter\u00bb _builder_version=\u00bb4.22.2&#8243; _module_preset=\u00bbdefault\u00bb global_colors_info=\u00bb{}\u00bb][\/et_pb_image][et_pb_text _builder_version=\u00bb4.23&#8243; _module_preset=\u00bb99f66853-7b70-4473-8f44-1fc02d120d69&#8243; global_colors_info=\u00bb{}\u00bb]<\/p>\n<h2>Palabras de maestros<\/h2>\n<p>[\/et_pb_text][et_pb_text _builder_version=\u00bb4.23&#8243; _module_preset=\u00bbdefault\u00bb custom_margin=\u00bb||-108px|||\u00bb custom_padding=\u00bb||0px|||\u00bb hover_enabled=\u00bb0&#8243; global_colors_info=\u00bb{}\u00bb sticky_enabled=\u00bb0&#8243;]<\/p>\n<p>La revista <em>Tendrel<\/em> se public\u00f3 por el equipo de Dhagpo entre 1982 hasta el 2002 a un ritmo de dos a tres n\u00fameros anuales. En el primer n\u00famero, se explica el significado del t\u00edtulo de esta revista: \u201cTendrel significa conexi\u00f3n, v\u00ednculo\u201d.<\/p>\n<p>[\/et_pb_text][et_pb_button button_url=\u00bb@ET-DC@eyJkeW5hbWljIjp0cnVlLCJjb250ZW50IjoicG9zdF9saW5rX3VybF9wYWdlIiwic2V0dGluZ3MiOnsicG9zdF9pZCI6IjY5NDAifX0=@\u00bb button_text=\u00bbM\u00e1s informaci\u00f3n y consultas\u00bb _builder_version=\u00bb4.23&#8243; _dynamic_attributes=\u00bbbutton_url\u00bb _module_preset=\u00bb_initial\u00bb custom_margin=\u00bb5px||||false|false\u00bb custom_padding=\u00bb5px||5px||false|false\u00bb global_colors_info=\u00bb{}\u00bb][\/et_pb_button][\/et_pb_column][et_pb_column type=\u00bb1_3&#8243; _builder_version=\u00bb4.21.0&#8243; _module_preset=\u00bbdefault\u00bb global_colors_info=\u00bb{}\u00bb][et_pb_image src=\u00bbhttp:\/\/dhagpo.org\/wp-content\/uploads\/2023\/08\/ressources_livrets.jpg\u00bb alt=\u00bbRessources : livrets de l&#8217;Institut\u00bb title_text=\u00bbRessources : livrets de l&#8217;Institut\u00bb align=\u00bbcenter\u00bb _builder_version=\u00bb4.21.0&#8243; _module_preset=\u00bbdefault\u00bb global_colors_info=\u00bb{}\u00bb][\/et_pb_image][et_pb_text _builder_version=\u00bb4.23&#8243; _module_preset=\u00bb99f66853-7b70-4473-8f44-1fc02d120d69&#8243; hover_enabled=\u00bb0&#8243; global_colors_info=\u00bb{}\u00bb sticky_enabled=\u00bb0&#8243;]<\/p>\n<h2>Los Cuadernillos del Instituto<\/h2>\n<p>[\/et_pb_text][et_pb_text _builder_version=\u00bb4.23&#8243; _module_preset=\u00bbdefault\u00bb custom_margin=\u00bb||18px|||\u00bb global_colors_info=\u00bb{}\u00bb]Las ense\u00f1anzas dadas en Dhagpo Kagyu Ling durante los retiros de estudio y de meditaci\u00f3n guiados por lama Jigme Rimpoch\u00e9 se encuentran disponibles en formato cuadernillos.[\/et_pb_text][et_pb_button button_url=\u00bbhttps:\/\/www.bibliotheque-dhagpo-kagyu.org\/index.php\/fr\/ressources\/livrets-de-lama-jigme-rinpoche\u00bb url_new_window=\u00bbon\u00bb button_text=\u00bbM\u00e1s informaci\u00f3n y consultas\u00bb _builder_version=\u00bb4.23&#8243; _module_preset=\u00bbe05f604b-ad27-4725-b1e8-31513ce1067c\u00bb custom_margin=\u00bb5px||||false|false\u00bb custom_padding=\u00bb5px||5px||false|false\u00bb global_colors_info=\u00bb{}\u00bb][\/et_pb_button][\/et_pb_column][et_pb_column type=\u00bb1_3&#8243; module_class=\u00bbpa-inline-buttons\u00bb _builder_version=\u00bb4.21.0&#8243; _module_preset=\u00bbdefault\u00bb global_colors_info=\u00bb{}\u00bb][et_pb_image src=\u00bbhttp:\/\/dhagpo.org\/wp-content\/uploads\/2023\/08\/ressources_videos_youtube_bibliotheque.jpg\u00bb alt=\u00bbRessources : vid\u00e9os des enseignements\u00bb title_text=\u00bbressources_videos_youtube_bibliotheque\u00bb align=\u00bbcenter\u00bb _builder_version=\u00bb4.21.0&#8243; _module_preset=\u00bbdefault\u00bb global_colors_info=\u00bb{}\u00bb][\/et_pb_image][et_pb_text _builder_version=\u00bb4.23&#8243; _module_preset=\u00bb99f66853-7b70-4473-8f44-1fc02d120d69&#8243; global_colors_info=\u00bb{}\u00bb]<\/p>\n<h2>Videos de las ense\u00f1anzas<\/h2>\n<p>[\/et_pb_text][et_pb_text _builder_version=\u00bb4.23&#8243; _module_preset=\u00bbdefault\u00bb custom_margin=\u00bb||18px|||\u00bb global_colors_info=\u00bb{}\u00bb]Durante la pandemia que azot\u00f3 el mundo, Dhagpo ofreci\u00f3 la difusi\u00f3n de ciertas ense\u00f1anzas a trav\u00e9s de internet. Deseamos continuar ofreciendo ciertas ense\u00f1anzas online.[\/et_pb_text][et_pb_button button_url=\u00bbhttps:\/\/www.youtube.com\/@DhagpoTraducciones\/playlists\u00bb url_new_window=\u00bbon\u00bb button_text=\u00bbPlaylists\u00bb _builder_version=\u00bb4.23.1&#8243; _module_preset=\u00bbe05f604b-ad27-4725-b1e8-31513ce1067c\u00bb custom_margin=\u00bb5px||5px||false|false\u00bb custom_padding=\u00bb5px||5px||false|false\u00bb global_colors_info=\u00bb{}\u00bb][\/et_pb_button][et_pb_button button_url=\u00bb@ET-DC@eyJkeW5hbWljIjp0cnVlLCJjb250ZW50IjoicG9zdF9saW5rX3VybF9wcm9qZWN0Iiwic2V0dGluZ3MiOnsicG9zdF9pZCI6IjEzNzMifX0=@\u00bb button_text=\u00bbApoyar la difusi\u00f3n del Dharma\u00bb _builder_version=\u00bb4.23&#8243; _dynamic_attributes=\u00bbbutton_url\u00bb _module_preset=\u00bbdefault\u00bb custom_margin=\u00bb5px||5px|25px|false|false\u00bb custom_padding=\u00bb5px||5px||false|false\u00bb global_colors_info=\u00bb{}\u00bb][\/et_pb_button][\/et_pb_column][\/et_pb_row][\/et_pb_section]<\/p>\n","protected":false},"excerpt":{"rendered":"<p>\tVous \u00eates ici :\n<span><span><a href=\"https:\/\/dhagpo.org\/es\/\">Accueil<\/a><\/span><\/span>Adem\u00e1s de Palabras de maestros, de los Cuadernillos del Instituto, y de videos de ense\u00f1anzas que puedes encontrar en esta misma p\u00e1gina, esta secci\u00f3n se actualizar\u00e1 regularmente con los nuevos [&hellip;]<\/p>\n","protected":false},"author":8,"featured_media":0,"parent":0,"menu_order":0,"comment_status":"closed","ping_status":"closed","template":"","meta":{"_et_pb_use_builder":"on","_et_pb_old_content":"<p>[et_pb_section fb_built=\"1\" _builder_version=\"4.21.0\" _module_preset=\"6e3af1a0-d249-4306-9d54-b5a545b0512d\" background_enable_color=\"off\" use_background_color_gradient=\"on\" background_color_gradient_direction=\"90deg\" background_color_gradient_stops=\"rgba(12,10,10,0.41) 1%|rgba(33,18,18,0.1) 60%\" background_color_gradient_overlays_image=\"on\" background_image=\"http:\/\/dhagpo.org\/wp-content\/uploads\/2023\/07\/bandeau_ressources.jpg\" custom_padding=\"90px||97px|||\" saved_tabs=\"all\" locked=\"off\" collapsed=\"off\" global_colors_info=\"{}\"][et_pb_row _builder_version=\"4.16\" locked=\"off\" global_colors_info=\"{}\"][et_pb_column type=\"4_4\" _builder_version=\"4.16\" global_colors_info=\"{}\"][et_pb_text _builder_version=\"4.19.4\" _dynamic_attributes=\"content\" text_text_color=\"#FFFFFF\" header_font=\"|300|||||||\" header_text_align=\"left\" header_text_color=\"#FFFFFF\" header_font_size=\"39px\" module_alignment=\"center\" custom_margin=\"||0px||false|false\" custom_padding=\"10px||7px||false|false\" custom_css_main_element=\"display: inline-block;\" border_color_all=\"#FFFFFF\" border_width_top=\"1px\" border_width_bottom=\"1px\" global_colors_info=\"{}\"]@ET-DC@eyJkeW5hbWljIjp0cnVlLCJjb250ZW50IjoicG9zdF90aXRsZSIsInNldHRpbmdzIjp7ImJlZm9yZSI6IjxoMT4iLCJhZnRlciI6IjwvaDE+In19@[\/et_pb_text][\/et_pb_column][\/et_pb_row][\/et_pb_section][et_pb_section fb_built=\"1\" _builder_version=\"4.20.1\" _module_preset=\"default\" background_color=\"gcid-0e31f813-9b2e-4fdd-9a29-d8b4986da10d\" custom_margin=\"0px||0px||false|false\" custom_padding=\"0px||0px||false|false\" global_module=\"7489\" saved_tabs=\"all\" locked=\"off\" global_colors_info=\"{%22gcid-0e31f813-9b2e-4fdd-9a29-d8b4986da10d%22:%91%22background_color%22%93}\"][et_pb_row _builder_version=\"4.20.2\" _module_preset=\"default\" custom_padding=\"5px||2px||false|false\" global_colors_info=\"{}\"][et_pb_column type=\"4_4\" _builder_version=\"4.20.1\" _module_preset=\"default\" global_colors_info=\"{}\"][et_pb_text _builder_version=\"4.21.2\" _module_preset=\"default\" text_font_size=\"14px\" custom_margin=\"0px||5px||false|false\" custom_padding=\"0px||0px||false|false\" global_colors_info=\"{}\"]<\/p><p>[wpseo_breadcrumb]<\/p><p>[\/et_pb_text][\/et_pb_column][\/et_pb_row][\/et_pb_section][et_pb_section fb_built=\"1\" _builder_version=\"4.19.4\" _module_preset=\"default\" custom_padding=\"||7px||false|false\" global_colors_info=\"{}\"][et_pb_row column_structure=\"3_5,2_5\" _builder_version=\"4.19.4\" _module_preset=\"default\" locked=\"off\" global_colors_info=\"{}\"][et_pb_column type=\"3_5\" _builder_version=\"4.19.4\" _module_preset=\"default\" global_colors_info=\"{}\"][et_pb_text _builder_version=\"4.21.2\" _module_preset=\"default\" global_colors_info=\"{}\"]<\/p><p>En plus des\u00a0<em>Paroles des maitres,<\/em> des\u00a0<em>Livrets de l'Institut,<\/em> et des vid\u00e9os des enseignements d\u00e9j\u00e0 pr\u00e9sents ci-dessous, cette rubrique sera r\u00e9guli\u00e8rement mise \u00e0 jour avec de nouvelles ressources. N'h\u00e9sitez pas \u00e0 vous abonner \u00e0 la <a href=\"#newsletter\">newsletter<\/a> pour en \u00eatre tenus inform\u00e9s.<\/p><p>[\/et_pb_text][\/et_pb_column][et_pb_column type=\"2_5\" _builder_version=\"4.19.4\" _module_preset=\"default\" global_colors_info=\"{}\"][et_pb_testimonial author=\"Lama Jigm\u00e9 Rinpoch\u00e9\" _builder_version=\"4.22.2\" _module_preset=\"572720b5-72ac-4a65-9e3f-d9811ed4046d\" hover_enabled=\"0\" global_colors_info=\"{}\" sticky_enabled=\"0\"]<\/p><p>\u00ab Pratiquer permet d\u2019accumuler quelques m\u00e9rites et de d\u00e9velopper des qualit\u00e9s mais cela ne repr\u00e9sente pas le r\u00e9sultat ultime. L\u2019\u00e9veil s\u2019obtient sur la base d\u2019une claire compr\u00e9hension des instructions et de leur int\u00e9gration par la pratique. \u00bb<\/p><p>[\/et_pb_testimonial][\/et_pb_column][\/et_pb_row][\/et_pb_section][et_pb_section fb_built=\"1\" _builder_version=\"4.21.0\" _module_preset=\"default\" custom_padding=\"21px||||false|false\" global_colors_info=\"{}\"][et_pb_row column_structure=\"1_3,1_3,1_3\" _builder_version=\"4.21.0\" _module_preset=\"default\" global_colors_info=\"{}\"][et_pb_column type=\"1_3\" _builder_version=\"4.21.0\" _module_preset=\"default\" global_colors_info=\"{}\"][et_pb_image src=\"http:\/\/dhagpo.org\/wp-content\/uploads\/2023\/08\/ressources_paroles-maitres.jpg\" alt=\"Ressources : paroles des maitres\" title_text=\"Ressources : paroles des maitres\" align=\"center\" _builder_version=\"4.22.2\" _module_preset=\"default\" hover_enabled=\"0\" global_colors_info=\"{}\" sticky_enabled=\"0\"][\/et_pb_image][et_pb_text _builder_version=\"4.21.0\" _module_preset=\"99f66853-7b70-4473-8f44-1fc02d120d69\" hover_enabled=\"0\" global_colors_info=\"{}\" sticky_enabled=\"0\"]<\/p><h2>Paroles des maitres<\/h2><p>[\/et_pb_text][et_pb_text _builder_version=\"4.21.0\" _module_preset=\"default\" custom_margin=\"||18px|||\" global_colors_info=\"{}\"]La revue <em>Tendrel<\/em> a \u00e9t\u00e9 publi\u00e9e par l\u2019\u00e9quipe de Dhagpo de 1982 \u00e0 2002, au rythme de deux \u00e0 trois num\u00e9ros par an. Dans le premier num\u00e9ro, la signification du titre de cette revue est expliqu\u00e9e : \u00ab\u00a0Tendrel signifie connexion, lien\u00a0\u00bb.[\/et_pb_text][et_pb_button button_url=\"@ET-DC@eyJkeW5hbWljIjp0cnVlLCJjb250ZW50IjoicG9zdF9saW5rX3VybF9wYWdlIiwic2V0dGluZ3MiOnsicG9zdF9pZCI6IjY5NDAifX0=@\" button_text=\"Plus d'infos et consultation\" _builder_version=\"4.21.0\" _dynamic_attributes=\"button_url\" _module_preset=\"_initial\" custom_margin=\"5px||||false|false\" custom_padding=\"5px||5px||false|false\" global_colors_info=\"{}\"][\/et_pb_button][\/et_pb_column][et_pb_column type=\"1_3\" _builder_version=\"4.21.0\" _module_preset=\"default\" global_colors_info=\"{}\"][et_pb_image src=\"http:\/\/dhagpo.org\/wp-content\/uploads\/2023\/08\/ressources_livrets.jpg\" alt=\"Ressources : livrets de l'Institut\" title_text=\"Ressources : livrets de l'Institut\" align=\"center\" _builder_version=\"4.21.0\" _module_preset=\"default\" global_colors_info=\"{}\"][\/et_pb_image][et_pb_text _builder_version=\"4.21.0\" _module_preset=\"99f66853-7b70-4473-8f44-1fc02d120d69\" global_colors_info=\"{}\"]<\/p><h2>Les livrets de l'Institut<\/h2><p>[\/et_pb_text][et_pb_text _builder_version=\"4.21.0\" _module_preset=\"default\" custom_margin=\"||18px|||\" global_colors_info=\"{}\"]<\/p><p>Les enseignements donn\u00e9s \u00e0 Dhagpo Kagyu Ling durant les retraites d'\u00e9tude et de m\u00e9ditation guid\u00e9es par lama Jigm\u00e9 Rinpoch\u00e9 sont disponibles sous forme de livrets.<\/p><p>[\/et_pb_text][et_pb_button button_url=\"https:\/\/www.bibliotheque-dhagpo-kagyu.org\/index.php\/fr\/ressources\/livrets-de-lama-jigme-rinpoche\" url_new_window=\"on\" button_text=\"Plus d'infos et consultation\" _builder_version=\"4.21.0\" _module_preset=\"e05f604b-ad27-4725-b1e8-31513ce1067c\" custom_margin=\"5px||||false|false\" custom_padding=\"5px||5px||false|false\" global_colors_info=\"{}\"][\/et_pb_button][\/et_pb_column][et_pb_column type=\"1_3\" module_class=\"pa-inline-buttons\" _builder_version=\"4.21.0\" _module_preset=\"default\" global_colors_info=\"{}\"][et_pb_image src=\"http:\/\/dhagpo.org\/wp-content\/uploads\/2023\/08\/ressources_videos_youtube_bibliotheque.jpg\" alt=\"Ressources : vid\u00e9os des enseignements\" title_text=\"ressources_videos_youtube_bibliotheque\" align=\"center\" _builder_version=\"4.21.0\" _module_preset=\"default\" global_colors_info=\"{}\"][\/et_pb_image][et_pb_text _builder_version=\"4.21.0\" _module_preset=\"99f66853-7b70-4473-8f44-1fc02d120d69\" global_colors_info=\"{}\"]<\/p><h2>Vid\u00e9os des enseignements<\/h2><p>[\/et_pb_text][et_pb_text _builder_version=\"4.21.0\" _module_preset=\"default\" custom_margin=\"||18px|||\" global_colors_info=\"{}\"]Lors de la pand\u00e9mie qui a frapp\u00e9 le monde, Dhagpo a offert la diffusion de certains enseignements au plus grand nombre via Internet. Nous souhaitons continuer \u00e0 offrir l'acc\u00e8s \u00e0 certains enseignements en ligne.[\/et_pb_text][et_pb_button button_url=\"https:\/\/www.youtube.com\/@Dhagpo\/playlists\" url_new_window=\"on\" button_text=\"Playlists\" _builder_version=\"4.21.0\" _module_preset=\"e05f604b-ad27-4725-b1e8-31513ce1067c\" custom_margin=\"5px||5px||false|false\" custom_padding=\"5px||5px||false|false\" global_colors_info=\"{}\"][\/et_pb_button][et_pb_button button_url=\"@ET-DC@eyJkeW5hbWljIjp0cnVlLCJjb250ZW50IjoicG9zdF9saW5rX3VybF9wcm9qZWN0Iiwic2V0dGluZ3MiOnsicG9zdF9pZCI6IjEzNzMifX0=@\" button_text=\"Soutenir la diffusion du Dharma\" _builder_version=\"4.21.0\" _dynamic_attributes=\"button_url\" _module_preset=\"default\" custom_margin=\"5px||5px|25px|false|false\" custom_padding=\"5px||5px||false|false\" global_colors_info=\"{}\"][\/et_pb_button][\/et_pb_column][\/et_pb_row][\/et_pb_section]<\/p>","_et_gb_content_width":"","ngg_post_thumbnail":0,"footnotes":""},"class_list":["post-212074","page","type-page","status-publish","hentry"],"yoast_head":"<!-- This site is optimized with the Yoast SEO plugin v27.1.1 - https:\/\/yoast.com\/product\/yoast-seo-wordpress\/ -->\n<title>Recursos - Dhagpo Kagyu Ling<\/title>\n<meta name=\"robots\" content=\"index, follow, max-snippet:-1, max-image-preview:large, max-video-preview:-1\" \/>\n<link rel=\"canonical\" href=\"https:\/\/dhagpo.org\/ressources\/\" \/>\n<meta property=\"og:locale\" content=\"es_ES\" \/>\n<meta property=\"og:type\" content=\"article\" \/>\n<meta property=\"og:title\" content=\"Recursos - Dhagpo Kagyu Ling\" \/>\n<meta property=\"og:description\" content=\"Adem\u00e1s de Palabras de maestros, de los Cuadernillos del Instituto, y de videos de ense\u00f1anzas que puedes encontrar en esta misma p\u00e1gina, esta secci\u00f3n se actualizar\u00e1 regularmente con los nuevos [&hellip;]\" \/>\n<meta property=\"og:url\" content=\"https:\/\/dhagpo.org\/ressources\/\" \/>\n<meta property=\"og:site_name\" content=\"Dhagpo Kagyu Ling\" \/>\n<meta property=\"article:modified_time\" content=\"2023-11-24T13:58:51+00:00\" \/>\n<meta name=\"twitter:card\" content=\"summary_large_image\" \/>\n<meta name=\"twitter:label1\" content=\"Tiempo de lectura\" \/>\n\t<meta name=\"twitter:data1\" content=\"3 minutos\" \/>\n<script type=\"application\/ld+json\" class=\"yoast-schema-graph\">{\"@context\":\"https:\/\/schema.org\",\"@graph\":[{\"@type\":\"WebPage\",\"@id\":\"https:\/\/dhagpo.org\/ressources\/\",\"url\":\"https:\/\/dhagpo.org\/ressources\/\",\"name\":\"Recursos - Dhagpo Kagyu Ling\",\"isPartOf\":{\"@id\":\"https:\/\/dhagpo.org\/#website\"},\"datePublished\":\"2023-11-09T17:50:40+00:00\",\"dateModified\":\"2023-11-24T13:58:51+00:00\",\"breadcrumb\":{\"@id\":\"https:\/\/dhagpo.org\/ressources\/#breadcrumb\"},\"inLanguage\":\"es\",\"potentialAction\":[{\"@type\":\"ReadAction\",\"target\":[\"https:\/\/dhagpo.org\/ressources\/\"]}]},{\"@type\":\"BreadcrumbList\",\"@id\":\"https:\/\/dhagpo.org\/ressources\/#breadcrumb\",\"itemListElement\":[{\"@type\":\"ListItem\",\"position\":1,\"name\":\"Accueil\",\"item\":\"https:\/\/dhagpo.org\/es\/\"},{\"@type\":\"ListItem\",\"position\":2,\"name\":\"Recursos\"}]},{\"@type\":\"WebSite\",\"@id\":\"https:\/\/dhagpo.org\/#website\",\"url\":\"https:\/\/dhagpo.org\/\",\"name\":\"Dhagpo Kagyu Ling\",\"description\":\"Un lieu pour comprendre et vivre le bouddhisme\",\"potentialAction\":[{\"@type\":\"SearchAction\",\"target\":{\"@type\":\"EntryPoint\",\"urlTemplate\":\"https:\/\/dhagpo.org\/?s={search_term_string}\"},\"query-input\":{\"@type\":\"PropertyValueSpecification\",\"valueRequired\":true,\"valueName\":\"search_term_string\"}}],\"inLanguage\":\"es\"}]}<\/script>\n<!-- \/ Yoast SEO plugin. -->","yoast_head_json":{"title":"Recursos - Dhagpo Kagyu Ling","robots":{"index":"index","follow":"follow","max-snippet":"max-snippet:-1","max-image-preview":"max-image-preview:large","max-video-preview":"max-video-preview:-1"},"canonical":"https:\/\/dhagpo.org\/ressources\/","og_locale":"es_ES","og_type":"article","og_title":"Recursos - Dhagpo Kagyu Ling","og_description":"Adem\u00e1s de Palabras de maestros, de los Cuadernillos del Instituto, y de videos de ense\u00f1anzas que puedes encontrar en esta misma p\u00e1gina, esta secci\u00f3n se actualizar\u00e1 regularmente con los nuevos [&hellip;]","og_url":"https:\/\/dhagpo.org\/ressources\/","og_site_name":"Dhagpo Kagyu Ling","article_modified_time":"2023-11-24T13:58:51+00:00","twitter_card":"summary_large_image","twitter_misc":{"Tiempo de lectura":"3 minutos"},"schema":{"@context":"https:\/\/schema.org","@graph":[{"@type":"WebPage","@id":"https:\/\/dhagpo.org\/ressources\/","url":"https:\/\/dhagpo.org\/ressources\/","name":"Recursos - Dhagpo Kagyu Ling","isPartOf":{"@id":"https:\/\/dhagpo.org\/#website"},"datePublished":"2023-11-09T17:50:40+00:00","dateModified":"2023-11-24T13:58:51+00:00","breadcrumb":{"@id":"https:\/\/dhagpo.org\/ressources\/#breadcrumb"},"inLanguage":"es","potentialAction":[{"@type":"ReadAction","target":["https:\/\/dhagpo.org\/ressources\/"]}]},{"@type":"BreadcrumbList","@id":"https:\/\/dhagpo.org\/ressources\/#breadcrumb","itemListElement":[{"@type":"ListItem","position":1,"name":"Accueil","item":"https:\/\/dhagpo.org\/es\/"},{"@type":"ListItem","position":2,"name":"Recursos"}]},{"@type":"WebSite","@id":"https:\/\/dhagpo.org\/#website","url":"https:\/\/dhagpo.org\/","name":"Dhagpo Kagyu Ling","description":"Un lieu pour comprendre et vivre le bouddhisme","potentialAction":[{"@type":"SearchAction","target":{"@type":"EntryPoint","urlTemplate":"https:\/\/dhagpo.org\/?s={search_term_string}"},"query-input":{"@type":"PropertyValueSpecification","valueRequired":true,"valueName":"search_term_string"}}],"inLanguage":"es"}]}},"_links":{"self":[{"href":"https:\/\/dhagpo.org\/es\/wp-json\/wp\/v2\/pages\/212074","targetHints":{"allow":["GET"]}}],"collection":[{"href":"https:\/\/dhagpo.org\/es\/wp-json\/wp\/v2\/pages"}],"about":[{"href":"https:\/\/dhagpo.org\/es\/wp-json\/wp\/v2\/types\/page"}],"author":[{"embeddable":true,"href":"https:\/\/dhagpo.org\/es\/wp-json\/wp\/v2\/users\/8"}],"replies":[{"embeddable":true,"href":"https:\/\/dhagpo.org\/es\/wp-json\/wp\/v2\/comments?post=212074"}],"version-history":[{"count":7,"href":"https:\/\/dhagpo.org\/es\/wp-json\/wp\/v2\/pages\/212074\/revisions"}],"predecessor-version":[{"id":212437,"href":"https:\/\/dhagpo.org\/es\/wp-json\/wp\/v2\/pages\/212074\/revisions\/212437"}],"wp:attachment":[{"href":"https:\/\/dhagpo.org\/es\/wp-json\/wp\/v2\/media?parent=212074"}],"curies":[{"name":"wp","href":"https:\/\/api.w.org\/{rel}","templated":true}]}}