{"id":212439,"date":"2023-11-24T15:24:36","date_gmt":"2023-11-24T14:24:36","guid":{"rendered":"http:\/\/dhagpo.org\/?page_id=212439"},"modified":"2023-11-24T15:26:11","modified_gmt":"2023-11-24T14:26:11","slug":"formulario","status":"publish","type":"page","link":"https:\/\/dhagpo.org\/es\/programa\/poner-en-practica\/formulario\/","title":{"rendered":"Formulario"},"content":{"rendered":"<p>[et_pb_section fb_built=\u00bb1&#8243; _builder_version=\u00bb4.21.0&#8243; _module_preset=\u00bb6e3af1a0-d249-4306-9d54-b5a545b0512d\u00bb background_enable_color=\u00bboff\u00bb use_background_color_gradient=\u00bbon\u00bb background_color_gradient_direction=\u00bb90deg\u00bb background_color_gradient_stops=\u00bbrgba(48,8,12,0.53) 0%|rgba(247,247,243,0) 34%\u00bb background_color_gradient_overlays_image=\u00bbon\u00bb background_image=\u00bbhttp:\/\/dhagpo.org\/wp-content\/uploads\/2023\/07\/entete_mettre-en-oeuvre-3.jpg\u00bb custom_padding=\u00bb90px||97px|||\u00bb saved_tabs=\u00bball\u00bb locked=\u00bboff\u00bb collapsed=\u00bboff\u00bb global_colors_info=\u00bb{}\u00bb][et_pb_row _builder_version=\u00bb4.16&#8243; locked=\u00bboff\u00bb global_colors_info=\u00bb{}\u00bb][et_pb_column type=\u00bb4_4&#8243; _builder_version=\u00bb4.16&#8243; global_colors_info=\u00bb{}\u00bb][et_pb_text _builder_version=\u00bb4.20.0&#8243; _dynamic_attributes=\u00bbcontent\u00bb text_text_color=\u00bb#FFFFFF\u00bb header_font=\u00bb|300|||||||\u00bb header_text_align=\u00bbleft\u00bb header_text_color=\u00bb#FFFFFF\u00bb header_font_size=\u00bb39px\u00bb module_alignment=\u00bbcenter\u00bb custom_margin=\u00bb||0px||false|false\u00bb custom_padding=\u00bb10px||7px||false|false\u00bb hover_enabled=\u00bb0&#8243; custom_css_main_element=\u00bbdisplay: inline-block;\u00bb border_color_all=\u00bb#FFFFFF\u00bb border_width_top=\u00bb1px\u00bb border_width_bottom=\u00bb1px\u00bb global_colors_info=\u00bb{}\u00bb sticky_enabled=\u00bb0&#8243;]@ET-DC@eyJkeW5hbWljIjp0cnVlLCJjb250ZW50IjoicG9zdF90aXRsZSIsInNldHRpbmdzIjp7ImJlZm9yZSI6IjxoMT4iLCJhZnRlciI6IjwvaDE+In19@[\/et_pb_text][\/et_pb_column][\/et_pb_row][\/et_pb_section][et_pb_section fb_built=\u00bb1&#8243; _builder_version=\u00bb4.20.1&#8243; _module_preset=\u00bbdefault\u00bb background_color=\u00bbgcid-0e31f813-9b2e-4fdd-9a29-d8b4986da10d\u00bb custom_margin=\u00bb0px||0px||false|false\u00bb custom_padding=\u00bb0px||0px||false|false\u00bb saved_tabs=\u00bball\u00bb locked=\u00bboff\u00bb global_colors_info=\u00bb{%22gcid-0e31f813-9b2e-4fdd-9a29-d8b4986da10d%22:%91%22background_color%22%93}\u00bb][et_pb_row _builder_version=\u00bb4.20.2&#8243; _module_preset=\u00bbdefault\u00bb custom_padding=\u00bb5px||2px||false|false\u00bb hover_enabled=\u00bb0&#8243; global_colors_info=\u00bb{}\u00bb sticky_enabled=\u00bb0&#8243;][et_pb_column type=\u00bb4_4&#8243; _builder_version=\u00bb4.20.1&#8243; _module_preset=\u00bbdefault\u00bb global_colors_info=\u00bb{}\u00bb][et_pb_text _builder_version=\u00bb4.21.0&#8243; _module_preset=\u00bbdefault\u00bb text_font_size=\u00bb14px\u00bb custom_margin=\u00bb0px||5px||false|false\u00bb custom_padding=\u00bb0px||0px||false|false\u00bb hover_enabled=\u00bb0&#8243; global_colors_info=\u00bb{}\u00bb sticky_enabled=\u00bb0&#8243;]\tVous \u00eates ici :\n<span><span><a href=\"https:\/\/dhagpo.org\/es\/\">Accueil<\/a><\/span><\/span><br \/>\n[\/et_pb_text][\/et_pb_column][\/et_pb_row][\/et_pb_section][et_pb_section fb_built=\u00bb1&#8243; _builder_version=\u00bb4.21.0&#8243; _module_preset=\u00bbdefault\u00bb custom_padding=\u00bb3px||0px||false|false\u00bb box_shadow_style=\u00bbpreset3&#8243; box_shadow_vertical=\u00bb2px\u00bb box_shadow_blur=\u00bb9px\u00bb locked=\u00bboff\u00bb global_colors_info=\u00bb{}\u00bb][et_pb_row _builder_version=\u00bb4.21.0&#8243; _module_preset=\u00bbdefault\u00bb global_colors_info=\u00bb{}\u00bb][et_pb_column type=\u00bb4_4&#8243; _builder_version=\u00bb4.19.4&#8243; _module_preset=\u00bbdefault\u00bb global_colors_info=\u00bb{}\u00bb][et_pb_button button_url=\u00bb@ET-DC@eyJkeW5hbWljIjp0cnVlLCJjb250ZW50IjoicG9zdF9saW5rX3VybF9wYWdlIiwic2V0dGluZ3MiOnsicG9zdF9pZCI6IjQwMzIifX0=@\u00bb button_text=\u00bbPoner en pr\u00e1ctica el Dharma en el d\u00eda a d\u00eda\u00bb _builder_version=\u00bb4.23.1&#8243; _dynamic_attributes=\u00bbbutton_url\u00bb _module_preset=\u00bb15065182-1825-462b-b17c-2fc03dbe7ee4&#8243; global_colors_info=\u00bb{}\u00bb][\/et_pb_button][et_pb_code _builder_version=\u00bb4.21.0&#8243; _module_preset=\u00bbdefault\u00bb hover_enabled=\u00bb0&#8243; global_colors_info=\u00bb{}\u00bb sticky_enabled=\u00bb0&#8243;] <iframe id=\"formulaire\" data-mce-fragment=\"1\">    title=\u00bbFormulaire-benevolat\u00bb<!-- [et_pb_line_break_holder] -->    width=\u00bb1200&#8243;<!-- [et_pb_line_break_holder] -->    height=\u00bb3900&#8243;<!-- [et_pb_line_break_holder] -->    src=\u00bbhttps:\/\/docs.google.com\/forms\/d\/e\/1FAIpQLSfJ0igbIcBMRmma6yJ95jsZCxB4h8POuUwId5fJfN_Xe7xbow\/viewform\u00bb><!-- [et_pb_line_break_holder] --><\/iframe>[\/et_pb_code][\/et_pb_column][\/et_pb_row][\/et_pb_section][et_pb_section fb_built=\u00bb1&#8243; _builder_version=\u00bb4.21.0&#8243; _module_preset=\u00bbdefault\u00bb custom_margin=\u00bb||0px||false|false\u00bb custom_padding=\u00bb50px||30px||false|false\u00bb global_colors_info=\u00bb{}\u00bb][et_pb_row _builder_version=\u00bb4.21.0&#8243; _module_preset=\u00bbdefault\u00bb custom_margin=\u00bb0px||||false|false\u00bb custom_padding=\u00bb0px||||false|false\u00bb global_colors_info=\u00bb{}\u00bb][et_pb_column type=\u00bb4_4&#8243; _builder_version=\u00bb4.20.0&#8243; _module_preset=\u00bbdefault\u00bb global_colors_info=\u00bb{}\u00bb][et_pb_text _builder_version=\u00bb4.23.1&#8243; _module_preset=\u00bbdefault\u00bb hover_enabled=\u00bb0&#8243; global_colors_info=\u00bb{}\u00bb sticky_enabled=\u00bb0&#8243;]<\/p>\n<p><span style=\"font-weight: 400;\">Para m\u00e1s informaci\u00f3n, contacta en la direcci\u00f3n <\/span><a href=\"mailto:dkl.benevolat@dhagpo.org\"><span style=\"font-weight: 400;\">dkl.benevolat@dhagpo.org<\/span><\/a>| +33 7 64 07 81 17<\/p>\n<p>[\/et_pb_text][\/et_pb_column][\/et_pb_row][\/et_pb_section]<\/p>\n","protected":false},"excerpt":{"rendered":"<p>\tVous \u00eates ici :\n<span><span><a href=\"https:\/\/dhagpo.org\/es\/\">Accueil<\/a><\/span><\/span> Para m\u00e1s informaci\u00f3n, contacta en la direcci\u00f3n dkl.benevolat@dhagpo.org| +33 7 64 07 81 17<\/p>\n","protected":false},"author":22,"featured_media":0,"parent":211735,"menu_order":0,"comment_status":"closed","ping_status":"closed","template":"","meta":{"_et_pb_use_builder":"on","_et_pb_old_content":"<p>[et_pb_section fb_built=\"1\" _builder_version=\"4.21.0\" _module_preset=\"6e3af1a0-d249-4306-9d54-b5a545b0512d\" background_enable_color=\"off\" use_background_color_gradient=\"on\" background_color_gradient_overlays_image=\"on\" background_image=\"http:\/\/dhagpo.org\/wp-content\/uploads\/2023\/07\/entete_mettre-en-oeuvre-3.jpg\" background_enable_image=\"on\" custom_padding=\"90px||97px|||\" hover_enabled=\"0\" saved_tabs=\"all\" locked=\"off\" collapsed=\"off\" global_colors_info=\"{}\" alt=\"Mettre en \u0153uvre\" title_text=\"Mettre en \u0153uvre\" sticky_enabled=\"0\" background_color_gradient_stops=\"rgba(48,8,12,0.53) 0%|rgba(247,247,243,0) 34%\" background_color_gradient_direction=\"90deg\"][et_pb_row _builder_version=\"4.16\" locked=\"off\" global_colors_info=\"{}\"][et_pb_column type=\"4_4\" _builder_version=\"4.16\" global_colors_info=\"{}\"][et_pb_text _builder_version=\"4.20.0\" _dynamic_attributes=\"content\" text_text_color=\"#FFFFFF\" header_font=\"|300|||||||\" header_text_align=\"left\" header_text_color=\"#FFFFFF\" header_font_size=\"39px\" module_alignment=\"center\" custom_margin=\"||0px||false|false\" custom_padding=\"10px||7px||false|false\" custom_css_main_element=\"display: inline-block;\" border_color_all=\"#FFFFFF\" border_width_top=\"1px\" border_width_bottom=\"1px\" global_colors_info=\"{}\"]@ET-DC@eyJkeW5hbWljIjp0cnVlLCJjb250ZW50IjoicG9zdF90aXRsZSIsInNldHRpbmdzIjp7ImJlZm9yZSI6IjxoMT4iLCJhZnRlciI6IjwvaDE+In19@[\/et_pb_text][\/et_pb_column][\/et_pb_row][\/et_pb_section][et_pb_section fb_built=\"1\" _builder_version=\"4.20.1\" _module_preset=\"default\" background_color=\"gcid-0e31f813-9b2e-4fdd-9a29-d8b4986da10d\" custom_margin=\"0px||0px||false|false\" custom_padding=\"0px||0px||false|false\" global_module=\"7489\" saved_tabs=\"all\" locked=\"off\" global_colors_info=\"{%22gcid-0e31f813-9b2e-4fdd-9a29-d8b4986da10d%22:%91%22background_color%22%93}\"][et_pb_row _builder_version=\"4.20.2\" _module_preset=\"default\" custom_padding=\"5px||2px||false|false\" global_colors_info=\"{}\"][et_pb_column type=\"4_4\" _builder_version=\"4.20.1\" _module_preset=\"default\" global_colors_info=\"{}\"][et_pb_text _builder_version=\"4.21.0\" _module_preset=\"default\" text_font_size=\"14px\" custom_margin=\"0px||5px||false|false\" custom_padding=\"0px||0px||false|false\" global_colors_info=\"{}\"]<\/p><p>[wpseo_breadcrumb]<\/p><p>[\/et_pb_text][\/et_pb_column][\/et_pb_row][\/et_pb_section][et_pb_section fb_built=\"1\" _builder_version=\"4.21.0\" _module_preset=\"default\" custom_padding=\"3px||0px||false|false\" box_shadow_style=\"preset3\" box_shadow_vertical=\"2px\" box_shadow_blur=\"9px\" locked=\"off\" global_colors_info=\"{}\"][et_pb_row _builder_version=\"4.21.0\" _module_preset=\"default\" global_colors_info=\"{}\"][et_pb_column type=\"4_4\" _builder_version=\"4.19.4\" _module_preset=\"default\" global_colors_info=\"{}\"][et_pb_button button_url=\"@ET-DC@eyJkeW5hbWljIjp0cnVlLCJjb250ZW50IjoicG9zdF9saW5rX3VybF9wYWdlIiwic2V0dGluZ3MiOnsicG9zdF9pZCI6IjQwMzIifX0=@\" button_text=\"Mettre en \u0153uvre le Dharma au quotidien\" _builder_version=\"4.21.0\" _dynamic_attributes=\"button_url\" _module_preset=\"15065182-1825-462b-b17c-2fc03dbe7ee4\" global_colors_info=\"{}\"][\/et_pb_button][et_pb_code _builder_version=\"4.21.0\" _module_preset=\"default\" global_colors_info=\"{}\"] <iframe id=\"formulaire\" data-mce-fragment=\"1\">    title=\"Formulaire-benevolat\"<!-- [et_pb_line_break_holder] -->    width=\"1200\"<!-- [et_pb_line_break_holder] -->    height=\"3900\"<!-- [et_pb_line_break_holder] -->    src=\"https:\/\/docs.google.com\/forms\/d\/e\/1FAIpQLSfJ0igbIcBMRmma6yJ95jsZCxB4h8POuUwId5fJfN_Xe7xbow\/viewform\"><!-- [et_pb_line_break_holder] --><\/iframe>[\/et_pb_code][\/et_pb_column][\/et_pb_row][\/et_pb_section][et_pb_section fb_built=\"1\" _builder_version=\"4.21.0\" _module_preset=\"default\" custom_margin=\"||0px||false|false\" custom_padding=\"50px||30px||false|false\" global_colors_info=\"{}\"][et_pb_row _builder_version=\"4.21.0\" _module_preset=\"default\" custom_margin=\"0px||||false|false\" custom_padding=\"0px||||false|false\" global_colors_info=\"{}\"][et_pb_column type=\"4_4\" _builder_version=\"4.20.0\" _module_preset=\"default\" global_colors_info=\"{}\"][et_pb_text _builder_version=\"4.21.0\" _module_preset=\"default\" hover_enabled=\"0\" global_colors_info=\"{}\" sticky_enabled=\"0\"]<\/p><p><strong>Nous contacter pour en savoir plus :<\/strong><br><a href=\"mailto:dkl.benevolat@dhagpo.org\">dkl.benevolat@dhagpo.org<\/a> | 07 64 07 81 17<\/p><p>[\/et_pb_text][\/et_pb_column][\/et_pb_row][\/et_pb_section]<\/p>","_et_gb_content_width":"","ngg_post_thumbnail":0,"footnotes":""},"class_list":["post-212439","page","type-page","status-publish","hentry"],"yoast_head":"<!-- This site is optimized with the Yoast SEO plugin v27.1.1 - https:\/\/yoast.com\/product\/yoast-seo-wordpress\/ -->\n<title>Formulario - Dhagpo Kagyu Ling<\/title>\n<meta name=\"robots\" content=\"index, follow, max-snippet:-1, max-image-preview:large, max-video-preview:-1\" \/>\n<link rel=\"canonical\" href=\"https:\/\/dhagpo.org\/programme\/mettre-en-oeuvre\/formulaire\/\" \/>\n<meta property=\"og:locale\" content=\"es_ES\" \/>\n<meta property=\"og:type\" content=\"article\" \/>\n<meta property=\"og:title\" content=\"Formulario - Dhagpo Kagyu Ling\" \/>\n<meta property=\"og:description\" content=\"Para m\u00e1s informaci\u00f3n, contacta en la direcci\u00f3n dkl.benevolat@dhagpo.org| +33 7 64 07 81 17\" \/>\n<meta property=\"og:url\" content=\"https:\/\/dhagpo.org\/programme\/mettre-en-oeuvre\/formulaire\/\" \/>\n<meta property=\"og:site_name\" content=\"Dhagpo Kagyu Ling\" \/>\n<meta property=\"article:modified_time\" content=\"2023-11-24T14:26:11+00:00\" \/>\n<meta name=\"twitter:card\" content=\"summary_large_image\" \/>\n<meta name=\"twitter:label1\" content=\"Tiempo de lectura\" \/>\n\t<meta name=\"twitter:data1\" content=\"1 minuto\" \/>\n<script type=\"application\/ld+json\" class=\"yoast-schema-graph\">{\"@context\":\"https:\/\/schema.org\",\"@graph\":[{\"@type\":\"WebPage\",\"@id\":\"https:\/\/dhagpo.org\/programme\/mettre-en-oeuvre\/formulaire\/\",\"url\":\"https:\/\/dhagpo.org\/programme\/mettre-en-oeuvre\/formulaire\/\",\"name\":\"Formulario - Dhagpo Kagyu Ling\",\"isPartOf\":{\"@id\":\"https:\/\/dhagpo.org\/#website\"},\"datePublished\":\"2023-11-24T14:24:36+00:00\",\"dateModified\":\"2023-11-24T14:26:11+00:00\",\"breadcrumb\":{\"@id\":\"https:\/\/dhagpo.org\/programme\/mettre-en-oeuvre\/formulaire\/#breadcrumb\"},\"inLanguage\":\"es\",\"potentialAction\":[{\"@type\":\"ReadAction\",\"target\":[\"https:\/\/dhagpo.org\/programme\/mettre-en-oeuvre\/formulaire\/\"]}]},{\"@type\":\"BreadcrumbList\",\"@id\":\"https:\/\/dhagpo.org\/programme\/mettre-en-oeuvre\/formulaire\/#breadcrumb\",\"itemListElement\":[{\"@type\":\"ListItem\",\"position\":1,\"name\":\"Accueil\",\"item\":\"https:\/\/dhagpo.org\/es\/\"},{\"@type\":\"ListItem\",\"position\":2,\"name\":\"Programa\",\"item\":\"https:\/\/dhagpo.org\/es\/programa\/\"},{\"@type\":\"ListItem\",\"position\":3,\"name\":\"Poner en pr\u00e1ctica\",\"item\":\"https:\/\/dhagpo.org\/programme\/mettre-en-oeuvre\/\"},{\"@type\":\"ListItem\",\"position\":4,\"name\":\"Formulario\"}]},{\"@type\":\"WebSite\",\"@id\":\"https:\/\/dhagpo.org\/#website\",\"url\":\"https:\/\/dhagpo.org\/\",\"name\":\"Dhagpo Kagyu Ling\",\"description\":\"Un lieu pour comprendre et vivre le bouddhisme\",\"potentialAction\":[{\"@type\":\"SearchAction\",\"target\":{\"@type\":\"EntryPoint\",\"urlTemplate\":\"https:\/\/dhagpo.org\/?s={search_term_string}\"},\"query-input\":{\"@type\":\"PropertyValueSpecification\",\"valueRequired\":true,\"valueName\":\"search_term_string\"}}],\"inLanguage\":\"es\"}]}<\/script>\n<!-- \/ Yoast SEO plugin. -->","yoast_head_json":{"title":"Formulario - Dhagpo Kagyu Ling","robots":{"index":"index","follow":"follow","max-snippet":"max-snippet:-1","max-image-preview":"max-image-preview:large","max-video-preview":"max-video-preview:-1"},"canonical":"https:\/\/dhagpo.org\/programme\/mettre-en-oeuvre\/formulaire\/","og_locale":"es_ES","og_type":"article","og_title":"Formulario - Dhagpo Kagyu Ling","og_description":"Para m\u00e1s informaci\u00f3n, contacta en la direcci\u00f3n dkl.benevolat@dhagpo.org| +33 7 64 07 81 17","og_url":"https:\/\/dhagpo.org\/programme\/mettre-en-oeuvre\/formulaire\/","og_site_name":"Dhagpo Kagyu Ling","article_modified_time":"2023-11-24T14:26:11+00:00","twitter_card":"summary_large_image","twitter_misc":{"Tiempo de lectura":"1 minuto"},"schema":{"@context":"https:\/\/schema.org","@graph":[{"@type":"WebPage","@id":"https:\/\/dhagpo.org\/programme\/mettre-en-oeuvre\/formulaire\/","url":"https:\/\/dhagpo.org\/programme\/mettre-en-oeuvre\/formulaire\/","name":"Formulario - Dhagpo Kagyu Ling","isPartOf":{"@id":"https:\/\/dhagpo.org\/#website"},"datePublished":"2023-11-24T14:24:36+00:00","dateModified":"2023-11-24T14:26:11+00:00","breadcrumb":{"@id":"https:\/\/dhagpo.org\/programme\/mettre-en-oeuvre\/formulaire\/#breadcrumb"},"inLanguage":"es","potentialAction":[{"@type":"ReadAction","target":["https:\/\/dhagpo.org\/programme\/mettre-en-oeuvre\/formulaire\/"]}]},{"@type":"BreadcrumbList","@id":"https:\/\/dhagpo.org\/programme\/mettre-en-oeuvre\/formulaire\/#breadcrumb","itemListElement":[{"@type":"ListItem","position":1,"name":"Accueil","item":"https:\/\/dhagpo.org\/es\/"},{"@type":"ListItem","position":2,"name":"Programa","item":"https:\/\/dhagpo.org\/es\/programa\/"},{"@type":"ListItem","position":3,"name":"Poner en pr\u00e1ctica","item":"https:\/\/dhagpo.org\/programme\/mettre-en-oeuvre\/"},{"@type":"ListItem","position":4,"name":"Formulario"}]},{"@type":"WebSite","@id":"https:\/\/dhagpo.org\/#website","url":"https:\/\/dhagpo.org\/","name":"Dhagpo Kagyu Ling","description":"Un lieu pour comprendre et vivre le bouddhisme","potentialAction":[{"@type":"SearchAction","target":{"@type":"EntryPoint","urlTemplate":"https:\/\/dhagpo.org\/?s={search_term_string}"},"query-input":{"@type":"PropertyValueSpecification","valueRequired":true,"valueName":"search_term_string"}}],"inLanguage":"es"}]}},"_links":{"self":[{"href":"https:\/\/dhagpo.org\/es\/wp-json\/wp\/v2\/pages\/212439","targetHints":{"allow":["GET"]}}],"collection":[{"href":"https:\/\/dhagpo.org\/es\/wp-json\/wp\/v2\/pages"}],"about":[{"href":"https:\/\/dhagpo.org\/es\/wp-json\/wp\/v2\/types\/page"}],"author":[{"embeddable":true,"href":"https:\/\/dhagpo.org\/es\/wp-json\/wp\/v2\/users\/22"}],"replies":[{"embeddable":true,"href":"https:\/\/dhagpo.org\/es\/wp-json\/wp\/v2\/comments?post=212439"}],"version-history":[{"count":7,"href":"https:\/\/dhagpo.org\/es\/wp-json\/wp\/v2\/pages\/212439\/revisions"}],"predecessor-version":[{"id":212448,"href":"https:\/\/dhagpo.org\/es\/wp-json\/wp\/v2\/pages\/212439\/revisions\/212448"}],"up":[{"embeddable":true,"href":"https:\/\/dhagpo.org\/es\/wp-json\/wp\/v2\/pages\/211735"}],"wp:attachment":[{"href":"https:\/\/dhagpo.org\/es\/wp-json\/wp\/v2\/media?parent=212439"}],"curies":[{"name":"wp","href":"https:\/\/api.w.org\/{rel}","templated":true}]}}